{"id":777,"date":"2022-03-14T17:58:18","date_gmt":"2022-03-14T16:58:18","guid":{"rendered":"https:\/\/legrenierdelatour.be\/brocante\/?post_type=product&#038;p=777"},"modified":"2022-03-14T17:58:19","modified_gmt":"2022-03-14T16:58:19","slug":"bonbonniere-west-germany-207-bay","status":"publish","type":"product","link":"https:\/\/legrenierdelatour.be\/brocante\/produit\/bonbonniere-west-germany-207-bay\/","title":{"rendered":"Bonbonni\u00e8re West Germany 207 Bay"},"content":{"rendered":"<p>Jolie bonbonni\u00e8re carr\u00e9e (12 cm de c\u00f4t\u00e9) avec d\u00e9cor flamm\u00e9, produit par Bay Keramik dans les ann\u00e9es 1950 selon la forme \u00ab\u00a0207\u00a0\u00bb. Elle est en parfait \u00e9tat.<\/p>\n<div>R\u00e9f 9.48<\/div>\n","protected":false},"excerpt":{"rendered":"<p>Jolie bonbonni\u00e8re carr\u00e9e (12 cm de c\u00f4t\u00e9) avec d\u00e9cor flamm\u00e9, produit par Bay Keramik dans les ann\u00e9es 1950 selon la forme \u00ab\u00a0207\u00a0\u00bb. Elle est en parfait \u00e9tat. R\u00e9f 9.48<\/p>\n","protected":false},"featured_media":793,"comment_status":"open","ping_status":"closed","template":"","meta":{"neve_meta_sidebar":"","neve_meta_container":"","neve_meta_enable_content_width":"off","neve_meta_content_width":100,"neve_meta_title_alignment":"","neve_meta_author_avatar":"","neve_post_elements_order":"","neve_meta_disable_header":"","neve_meta_disable_footer":"","neve_meta_disable_title":""},"product_brand":[],"product_cat":[48,53,16,47],"product_tag":[51,19,49],"class_list":{"0":"post-777","1":"product","2":"type-product","3":"status-publish","4":"has-post-thumbnail","6":"product_cat-allemagne","7":"product_cat-bay","8":"product_cat-ceramique","9":"product_cat-west-germany","10":"product_tag-bay","11":"product_tag-faience","12":"product_tag-west-germany","14":"first","15":"instock","16":"shipping-taxable","17":"purchasable","18":"product-type-simple"},"_links":{"self":[{"href":"https:\/\/legrenierdelatour.be\/brocante\/wp-json\/wp\/v2\/product\/777","targetHints":{"allow":["GET"]}}],"collection":[{"href":"https:\/\/legrenierdelatour.be\/brocante\/wp-json\/wp\/v2\/product"}],"about":[{"href":"https:\/\/legrenierdelatour.be\/brocante\/wp-json\/wp\/v2\/types\/product"}],"replies":[{"embeddable":true,"href":"https:\/\/legrenierdelatour.be\/brocante\/wp-json\/wp\/v2\/comments?post=777"}],"wp:featuredmedia":[{"embeddable":true,"href":"https:\/\/legrenierdelatour.be\/brocante\/wp-json\/wp\/v2\/media\/793"}],"wp:attachment":[{"href":"https:\/\/legrenierdelatour.be\/brocante\/wp-json\/wp\/v2\/media?parent=777"}],"wp:term":[{"taxonomy":"product_brand","embeddable":true,"href":"https:\/\/legrenierdelatour.be\/brocante\/wp-json\/wp\/v2\/product_brand?post=777"},{"taxonomy":"product_cat","embeddable":true,"href":"https:\/\/legrenierdelatour.be\/brocante\/wp-json\/wp\/v2\/product_cat?post=777"},{"taxonomy":"product_tag","embeddable":true,"href":"https:\/\/legrenierdelatour.be\/brocante\/wp-json\/wp\/v2\/product_tag?post=777"}],"curies":[{"name":"wp","href":"https:\/\/api.w.org\/{rel}","templated":true}]}}