{"id":7768,"date":"2024-04-29T15:44:06","date_gmt":"2024-04-29T13:44:06","guid":{"rendered":"https:\/\/legrenierdelatour.be\/brocante\/?post_type=product&#038;p=7768"},"modified":"2024-04-29T15:44:07","modified_gmt":"2024-04-29T13:44:07","slug":"ensemble-a-parfum-val-saint-lambert","status":"publish","type":"product","link":"https:\/\/legrenierdelatour.be\/brocante\/produit\/ensemble-a-parfum-val-saint-lambert\/","title":{"rendered":"Ensemble \u00e0 parfum Val Saint Lambert"},"content":{"rendered":"<div>Ensemble comprenant un flacon de parfum (15 cm de haut) et une bo\u00eete \u00e0 bijoux sans son couvercle (12cm de diam\u00e8tre) en cristal doubl\u00e9 de bordeaux. Il s\u2019agit d\u2019une production (non sign\u00e9e) de Val Saint lambert, de la p\u00e9riode 1940-1949, sans doute du designer Graffart.<\/div>\n<div>R\u00e9f 30.06<\/div>\n","protected":false},"excerpt":{"rendered":"<p>Ensemble comprenant un flacon de parfum (15 cm de haut) et une bo\u00eete \u00e0 bijoux sans son couvercle (12cm de diam\u00e8tre) en cristal doubl\u00e9 de bordeaux. Il s\u2019agit d\u2019une production (non sign\u00e9e) de Val Saint lambert, de la p\u00e9riode 1940-1949, sans doute du designer Graffart. R\u00e9f 30.06<\/p>\n","protected":false},"featured_media":7773,"comment_status":"open","ping_status":"closed","template":"","meta":{"neve_meta_sidebar":"","neve_meta_container":"","neve_meta_enable_content_width":"off","neve_meta_content_width":100,"neve_meta_title_alignment":"","neve_meta_author_avatar":"","neve_post_elements_order":"","neve_meta_disable_header":"","neve_meta_disable_footer":"","neve_meta_disable_title":""},"product_brand":[],"product_cat":[162,63,22],"product_tag":[],"class_list":{"0":"post-7768","1":"product","2":"type-product","3":"status-publish","4":"has-post-thumbnail","6":"product_cat-productions-belges","7":"product_cat-val-saint-lambert","8":"product_cat-verrerie","10":"first","11":"instock","12":"shipping-taxable","13":"purchasable","14":"product-type-simple"},"_links":{"self":[{"href":"https:\/\/legrenierdelatour.be\/brocante\/wp-json\/wp\/v2\/product\/7768","targetHints":{"allow":["GET"]}}],"collection":[{"href":"https:\/\/legrenierdelatour.be\/brocante\/wp-json\/wp\/v2\/product"}],"about":[{"href":"https:\/\/legrenierdelatour.be\/brocante\/wp-json\/wp\/v2\/types\/product"}],"replies":[{"embeddable":true,"href":"https:\/\/legrenierdelatour.be\/brocante\/wp-json\/wp\/v2\/comments?post=7768"}],"wp:featuredmedia":[{"embeddable":true,"href":"https:\/\/legrenierdelatour.be\/brocante\/wp-json\/wp\/v2\/media\/7773"}],"wp:attachment":[{"href":"https:\/\/legrenierdelatour.be\/brocante\/wp-json\/wp\/v2\/media?parent=7768"}],"wp:term":[{"taxonomy":"product_brand","embeddable":true,"href":"https:\/\/legrenierdelatour.be\/brocante\/wp-json\/wp\/v2\/product_brand?post=7768"},{"taxonomy":"product_cat","embeddable":true,"href":"https:\/\/legrenierdelatour.be\/brocante\/wp-json\/wp\/v2\/product_cat?post=7768"},{"taxonomy":"product_tag","embeddable":true,"href":"https:\/\/legrenierdelatour.be\/brocante\/wp-json\/wp\/v2\/product_tag?post=7768"}],"curies":[{"name":"wp","href":"https:\/\/api.w.org\/{rel}","templated":true}]}}