{"id":7744,"date":"2024-04-11T14:42:18","date_gmt":"2024-04-11T12:42:18","guid":{"rendered":"https:\/\/legrenierdelatour.be\/brocante\/?post_type=product&#038;p=7744"},"modified":"2024-04-11T14:42:18","modified_gmt":"2024-04-11T12:42:18","slug":"caquelon-en-verre-fire-king-usa","status":"publish","type":"product","link":"https:\/\/legrenierdelatour.be\/brocante\/produit\/caquelon-en-verre-fire-king-usa\/","title":{"rendered":"Caquelon en verre, Fire-King USA"},"content":{"rendered":"<p>Petit caquelon en verre (12,5 cm de diam\u00e8tre) marqu\u00e9 dessous \u00ab\u00a0Oven Fier-King ware, made in USA\u00a0\u00bb en verre de type Arcopal. D&rsquo;une belle couleur orang\u00e9e nacr\u00e9e, il date sans doute des ann\u00e9es 1950.<\/p>\n<div>R\u00e9f 29.92<\/div>\n","protected":false},"excerpt":{"rendered":"<p>Petit caquelon en verre (12,5 cm de diam\u00e8tre) marqu\u00e9 dessous \u00ab\u00a0Oven Fier-King ware, made in USA\u00a0\u00bb en verre de type Arcopal. D&rsquo;une belle couleur orang\u00e9e nacr\u00e9e, il date sans doute des ann\u00e9es 1950. R\u00e9f 29.92<\/p>\n","protected":false},"featured_media":7745,"comment_status":"open","ping_status":"closed","template":"","meta":{"neve_meta_sidebar":"","neve_meta_container":"","neve_meta_enable_content_width":"off","neve_meta_content_width":100,"neve_meta_title_alignment":"","neve_meta_author_avatar":"","neve_post_elements_order":"","neve_meta_disable_header":"","neve_meta_disable_footer":"","neve_meta_disable_title":""},"product_brand":[],"product_cat":[172,22],"product_tag":[],"class_list":{"0":"post-7744","1":"product","2":"type-product","3":"status-publish","4":"has-post-thumbnail","6":"product_cat-en-cuisine","7":"product_cat-verrerie","9":"first","10":"instock","11":"shipping-taxable","12":"purchasable","13":"product-type-simple"},"_links":{"self":[{"href":"https:\/\/legrenierdelatour.be\/brocante\/wp-json\/wp\/v2\/product\/7744","targetHints":{"allow":["GET"]}}],"collection":[{"href":"https:\/\/legrenierdelatour.be\/brocante\/wp-json\/wp\/v2\/product"}],"about":[{"href":"https:\/\/legrenierdelatour.be\/brocante\/wp-json\/wp\/v2\/types\/product"}],"replies":[{"embeddable":true,"href":"https:\/\/legrenierdelatour.be\/brocante\/wp-json\/wp\/v2\/comments?post=7744"}],"wp:featuredmedia":[{"embeddable":true,"href":"https:\/\/legrenierdelatour.be\/brocante\/wp-json\/wp\/v2\/media\/7745"}],"wp:attachment":[{"href":"https:\/\/legrenierdelatour.be\/brocante\/wp-json\/wp\/v2\/media?parent=7744"}],"wp:term":[{"taxonomy":"product_brand","embeddable":true,"href":"https:\/\/legrenierdelatour.be\/brocante\/wp-json\/wp\/v2\/product_brand?post=7744"},{"taxonomy":"product_cat","embeddable":true,"href":"https:\/\/legrenierdelatour.be\/brocante\/wp-json\/wp\/v2\/product_cat?post=7744"},{"taxonomy":"product_tag","embeddable":true,"href":"https:\/\/legrenierdelatour.be\/brocante\/wp-json\/wp\/v2\/product_tag?post=7744"}],"curies":[{"name":"wp","href":"https:\/\/api.w.org\/{rel}","templated":true}]}}