{"id":773,"date":"2022-03-14T13:03:40","date_gmt":"2022-03-14T12:03:40","guid":{"rendered":"https:\/\/legrenierdelatour.be\/brocante\/?post_type=product&#038;p=773"},"modified":"2022-05-19T16:54:40","modified_gmt":"2022-05-19T14:54:40","slug":"necessaire-a-ongles-vintage","status":"publish","type":"product","link":"https:\/\/legrenierdelatour.be\/brocante\/produit\/necessaire-a-ongles-vintage\/","title":{"rendered":"N\u00e9cessaire \u00e0 ongles vintage"},"content":{"rendered":"<p>Joli n\u00e9cessaire \u00e0 ongles (12,5x6cm), dans une petite trousse en tissu vintage, avec broderie de rose. La trousse est compl\u00e8te mais est l\u00e9g\u00e8rement ab\u00eem\u00e9e \u00e0 l\u2019int\u00e9rieur.<\/p>\n<div>R\u00e9f 9.45<\/div>\n","protected":false},"excerpt":{"rendered":"<p>Joli n\u00e9cessaire \u00e0 ongles (12,5x6cm), dans une petite trousse en tissu vintage, avec broderie de rose. La trousse est compl\u00e8te mais est l\u00e9g\u00e8rement ab\u00eem\u00e9e \u00e0 l\u2019int\u00e9rieur. R\u00e9f 9.45<\/p>\n","protected":false},"featured_media":767,"comment_status":"open","ping_status":"closed","template":"","meta":{"neve_meta_sidebar":"","neve_meta_container":"","neve_meta_enable_content_width":"off","neve_meta_content_width":100,"neve_meta_title_alignment":"","neve_meta_author_avatar":"","neve_post_elements_order":"","neve_meta_disable_header":"","neve_meta_disable_footer":"","neve_meta_disable_title":""},"product_brand":[],"product_cat":[15,160],"product_tag":[28],"class_list":{"0":"post-773","1":"product","2":"type-product","3":"status-publish","4":"has-post-thumbnail","6":"product_cat-non-classe","7":"product_cat-la-mode","8":"product_tag-vintage","10":"first","11":"instock","12":"shipping-taxable","13":"purchasable","14":"product-type-simple"},"_links":{"self":[{"href":"https:\/\/legrenierdelatour.be\/brocante\/wp-json\/wp\/v2\/product\/773","targetHints":{"allow":["GET"]}}],"collection":[{"href":"https:\/\/legrenierdelatour.be\/brocante\/wp-json\/wp\/v2\/product"}],"about":[{"href":"https:\/\/legrenierdelatour.be\/brocante\/wp-json\/wp\/v2\/types\/product"}],"replies":[{"embeddable":true,"href":"https:\/\/legrenierdelatour.be\/brocante\/wp-json\/wp\/v2\/comments?post=773"}],"wp:featuredmedia":[{"embeddable":true,"href":"https:\/\/legrenierdelatour.be\/brocante\/wp-json\/wp\/v2\/media\/767"}],"wp:attachment":[{"href":"https:\/\/legrenierdelatour.be\/brocante\/wp-json\/wp\/v2\/media?parent=773"}],"wp:term":[{"taxonomy":"product_brand","embeddable":true,"href":"https:\/\/legrenierdelatour.be\/brocante\/wp-json\/wp\/v2\/product_brand?post=773"},{"taxonomy":"product_cat","embeddable":true,"href":"https:\/\/legrenierdelatour.be\/brocante\/wp-json\/wp\/v2\/product_cat?post=773"},{"taxonomy":"product_tag","embeddable":true,"href":"https:\/\/legrenierdelatour.be\/brocante\/wp-json\/wp\/v2\/product_tag?post=773"}],"curies":[{"name":"wp","href":"https:\/\/api.w.org\/{rel}","templated":true}]}}