{"id":7721,"date":"2024-04-09T15:34:48","date_gmt":"2024-04-09T13:34:48","guid":{"rendered":"https:\/\/legrenierdelatour.be\/brocante\/?post_type=product&#038;p=7721"},"modified":"2024-04-09T15:34:48","modified_gmt":"2024-04-09T13:34:48","slug":"aquarelle-paysage-de-foret-jo-conrardy","status":"publish","type":"product","link":"https:\/\/legrenierdelatour.be\/brocante\/produit\/aquarelle-paysage-de-foret-jo-conrardy\/","title":{"rendered":"Aquarelle, Paysage de for\u00eat, Jo Conrardy"},"content":{"rendered":"<div>Aquarelle (40&#215;46 cm cadre compris) repr\u00e9sentant un paysage de for\u00eat, sign\u00e9e par Jo Conrardy et dat\u00e9e 1948.<\/div>\n<p>Jo Conrardy (Halanzy 1913-Forest 1993) fit ses \u00e9tudes artistiques \u00e0 l\u2019Institut Saint Luc de Tournai. Aquarelliste r\u00e9put\u00e9, membre de l\u2019Acad\u00e9mie luxembourgeoise, des Peintres de l\u2019Ardenne et des Peintres de Gaume, il s\u2019inspirait volontiers des paysages ardennais et des sites gaumais. Il fut peintre \u00e9galement, auteur de portraits, ainsi que d\u00e9corateur et illustrateur. Il v\u00e9cut longtemps \u00e0 Forest. (Dictionnaires des peintres du Luxembourg belge, p300)<\/p>\n<div>R\u00e9f 29.87<\/div>\n","protected":false},"excerpt":{"rendered":"<p>Aquarelle (40&#215;46 cm cadre compris) repr\u00e9sentant un paysage de for\u00eat, sign\u00e9e par Jo Conrardy et dat\u00e9e 1948. Jo Conrardy (Halanzy 1913-Forest 1993) fit ses \u00e9tudes artistiques \u00e0 l\u2019Institut Saint Luc de Tournai. Aquarelliste r\u00e9put\u00e9, membre de l\u2019Acad\u00e9mie luxembourgeoise, des Peintres de l\u2019Ardenne et des Peintres de Gaume, il s\u2019inspirait volontiers des paysages ardennais et des&hellip;&nbsp;<a href=\"https:\/\/legrenierdelatour.be\/brocante\/produit\/aquarelle-paysage-de-foret-jo-conrardy\/\" class=\"\" rel=\"bookmark\">Lire la suite &raquo;<span class=\"screen-reader-text\">Aquarelle, Paysage de for\u00eat, Jo Conrardy<\/span><\/a><\/p>\n","protected":false},"featured_media":7722,"comment_status":"open","ping_status":"closed","template":"","meta":{"neve_meta_sidebar":"","neve_meta_container":"","neve_meta_enable_content_width":"off","neve_meta_content_width":100,"neve_meta_title_alignment":"","neve_meta_author_avatar":"","neve_post_elements_order":"","neve_meta_disable_header":"","neve_meta_disable_footer":"","neve_meta_disable_title":""},"product_brand":[],"product_cat":[30,31,167],"product_tag":[],"class_list":{"0":"post-7721","1":"product","2":"type-product","3":"status-publish","4":"has-post-thumbnail","6":"product_cat-luxemburgensia","7":"product_cat-pays-darlon","8":"product_cat-peintures-et-sculptures","10":"first","11":"instock","12":"shipping-taxable","13":"purchasable","14":"product-type-simple"},"_links":{"self":[{"href":"https:\/\/legrenierdelatour.be\/brocante\/wp-json\/wp\/v2\/product\/7721","targetHints":{"allow":["GET"]}}],"collection":[{"href":"https:\/\/legrenierdelatour.be\/brocante\/wp-json\/wp\/v2\/product"}],"about":[{"href":"https:\/\/legrenierdelatour.be\/brocante\/wp-json\/wp\/v2\/types\/product"}],"replies":[{"embeddable":true,"href":"https:\/\/legrenierdelatour.be\/brocante\/wp-json\/wp\/v2\/comments?post=7721"}],"wp:featuredmedia":[{"embeddable":true,"href":"https:\/\/legrenierdelatour.be\/brocante\/wp-json\/wp\/v2\/media\/7722"}],"wp:attachment":[{"href":"https:\/\/legrenierdelatour.be\/brocante\/wp-json\/wp\/v2\/media?parent=7721"}],"wp:term":[{"taxonomy":"product_brand","embeddable":true,"href":"https:\/\/legrenierdelatour.be\/brocante\/wp-json\/wp\/v2\/product_brand?post=7721"},{"taxonomy":"product_cat","embeddable":true,"href":"https:\/\/legrenierdelatour.be\/brocante\/wp-json\/wp\/v2\/product_cat?post=7721"},{"taxonomy":"product_tag","embeddable":true,"href":"https:\/\/legrenierdelatour.be\/brocante\/wp-json\/wp\/v2\/product_tag?post=7721"}],"curies":[{"name":"wp","href":"https:\/\/api.w.org\/{rel}","templated":true}]}}