{"id":7695,"date":"2024-04-09T13:54:20","date_gmt":"2024-04-09T11:54:20","guid":{"rendered":"https:\/\/legrenierdelatour.be\/brocante\/?post_type=product&#038;p=7695"},"modified":"2024-04-09T13:54:20","modified_gmt":"2024-04-09T11:54:20","slug":"aquarelle-jardin-a-virton-1967-pierre-chariot","status":"publish","type":"product","link":"https:\/\/legrenierdelatour.be\/brocante\/produit\/aquarelle-jardin-a-virton-1967-pierre-chariot\/","title":{"rendered":"Aquarelle \u00ab\u00a0Jardin \u00e0 Virton\u00a0\u00bb 1967, Pierre Chariot"},"content":{"rendered":"<p>Belle aquarelle (68&#215;66 cm cadre compris) intitul\u00e9 \u00e0 l\u2019arri\u00e8re \u00ab \u00a0Dans le jardin de Madame Kunge \u00e0 Virton\u00a0\u00bb, juin 1967. Elle est sign\u00e9e P. Chariot et dat\u00e9e. Pierre Chariot. Artiste belge n\u00e9 en 1929 \u00e0 Saint Mard, Pierre Chariot peint des aquarelles l\u00e9g\u00e8res qui ont \u00e9t\u00e9 expos\u00e9es de nombreuses fois. Il a obtenu de nombreux prix et a enseign\u00e9 l\u2019aquarelle dans son atelier de Bruxelles. El\u00e8ve de Nestor Outer, il sera toujours attir\u00e9 par sa Gaume natale.<\/p>\n<div>R\u00e9f 29.81<\/div>\n","protected":false},"excerpt":{"rendered":"<p>Belle aquarelle (68&#215;66 cm cadre compris) intitul\u00e9 \u00e0 l\u2019arri\u00e8re \u00ab \u00a0Dans le jardin de Madame Kunge \u00e0 Virton\u00a0\u00bb, juin 1967. Elle est sign\u00e9e P. Chariot et dat\u00e9e. Pierre Chariot. Artiste belge n\u00e9 en 1929 \u00e0 Saint Mard, Pierre Chariot peint des aquarelles l\u00e9g\u00e8res qui ont \u00e9t\u00e9 expos\u00e9es de nombreuses fois. Il a obtenu de nombreux&hellip;&nbsp;<a href=\"https:\/\/legrenierdelatour.be\/brocante\/produit\/aquarelle-jardin-a-virton-1967-pierre-chariot\/\" class=\"\" rel=\"bookmark\">Lire la suite &raquo;<span class=\"screen-reader-text\">Aquarelle \u00ab\u00a0Jardin \u00e0 Virton\u00a0\u00bb 1967, Pierre Chariot<\/span><\/a><\/p>\n","protected":false},"featured_media":7696,"comment_status":"open","ping_status":"closed","template":"","meta":{"neve_meta_sidebar":"","neve_meta_container":"","neve_meta_enable_content_width":"off","neve_meta_content_width":100,"neve_meta_title_alignment":"","neve_meta_author_avatar":"","neve_post_elements_order":"","neve_meta_disable_header":"","neve_meta_disable_footer":"","neve_meta_disable_title":""},"product_brand":[],"product_cat":[30,31,167],"product_tag":[],"class_list":{"0":"post-7695","1":"product","2":"type-product","3":"status-publish","4":"has-post-thumbnail","6":"product_cat-luxemburgensia","7":"product_cat-pays-darlon","8":"product_cat-peintures-et-sculptures","10":"first","11":"instock","12":"shipping-taxable","13":"purchasable","14":"product-type-simple"},"_links":{"self":[{"href":"https:\/\/legrenierdelatour.be\/brocante\/wp-json\/wp\/v2\/product\/7695","targetHints":{"allow":["GET"]}}],"collection":[{"href":"https:\/\/legrenierdelatour.be\/brocante\/wp-json\/wp\/v2\/product"}],"about":[{"href":"https:\/\/legrenierdelatour.be\/brocante\/wp-json\/wp\/v2\/types\/product"}],"replies":[{"embeddable":true,"href":"https:\/\/legrenierdelatour.be\/brocante\/wp-json\/wp\/v2\/comments?post=7695"}],"wp:featuredmedia":[{"embeddable":true,"href":"https:\/\/legrenierdelatour.be\/brocante\/wp-json\/wp\/v2\/media\/7696"}],"wp:attachment":[{"href":"https:\/\/legrenierdelatour.be\/brocante\/wp-json\/wp\/v2\/media?parent=7695"}],"wp:term":[{"taxonomy":"product_brand","embeddable":true,"href":"https:\/\/legrenierdelatour.be\/brocante\/wp-json\/wp\/v2\/product_brand?post=7695"},{"taxonomy":"product_cat","embeddable":true,"href":"https:\/\/legrenierdelatour.be\/brocante\/wp-json\/wp\/v2\/product_cat?post=7695"},{"taxonomy":"product_tag","embeddable":true,"href":"https:\/\/legrenierdelatour.be\/brocante\/wp-json\/wp\/v2\/product_tag?post=7695"}],"curies":[{"name":"wp","href":"https:\/\/api.w.org\/{rel}","templated":true}]}}