{"id":7677,"date":"2024-04-02T14:36:04","date_gmt":"2024-04-02T12:36:04","guid":{"rendered":"https:\/\/legrenierdelatour.be\/brocante\/?post_type=product&#038;p=7677"},"modified":"2024-04-02T14:36:04","modified_gmt":"2024-04-02T12:36:04","slug":"ensemble-vintage-en-melamine-annees-1970","status":"publish","type":"product","link":"https:\/\/legrenierdelatour.be\/brocante\/produit\/ensemble-vintage-en-melamine-annees-1970\/","title":{"rendered":"Ensemble vintage en m\u00e9lamine, ann\u00e9es 1970"},"content":{"rendered":"<p>Petit ensemble \u00e0 d\u00eener de voyage en m\u00e9lamine, compos\u00e9 d\u2019une assiette plate, d\u2019une assiette \u00e0 soupe, et d\u2019un bol de la manufacture Waca (manufacture allemande existant depuis 1921). Chaque \u00e9l\u00e9ment est en parfait \u00e9tat et date sans doute des ann\u00e9es 1970.<\/p>\n<div>R\u00e9f 29.73<\/div>\n","protected":false},"excerpt":{"rendered":"<p>Petit ensemble \u00e0 d\u00eener de voyage en m\u00e9lamine, compos\u00e9 d\u2019une assiette plate, d\u2019une assiette \u00e0 soupe, et d\u2019un bol de la manufacture Waca (manufacture allemande existant depuis 1921). Chaque \u00e9l\u00e9ment est en parfait \u00e9tat et date sans doute des ann\u00e9es 1970. R\u00e9f 29.73<\/p>\n","protected":false},"featured_media":7678,"comment_status":"open","ping_status":"closed","template":"","meta":{"neve_meta_sidebar":"","neve_meta_container":"","neve_meta_enable_content_width":"off","neve_meta_content_width":100,"neve_meta_title_alignment":"","neve_meta_author_avatar":"","neve_post_elements_order":"","neve_meta_disable_header":"","neve_meta_disable_footer":"","neve_meta_disable_title":""},"product_brand":[],"product_cat":[172],"product_tag":[28],"class_list":{"0":"post-7677","1":"product","2":"type-product","3":"status-publish","4":"has-post-thumbnail","6":"product_cat-en-cuisine","7":"product_tag-vintage","9":"first","10":"instock","11":"shipping-taxable","12":"purchasable","13":"product-type-simple"},"_links":{"self":[{"href":"https:\/\/legrenierdelatour.be\/brocante\/wp-json\/wp\/v2\/product\/7677","targetHints":{"allow":["GET"]}}],"collection":[{"href":"https:\/\/legrenierdelatour.be\/brocante\/wp-json\/wp\/v2\/product"}],"about":[{"href":"https:\/\/legrenierdelatour.be\/brocante\/wp-json\/wp\/v2\/types\/product"}],"replies":[{"embeddable":true,"href":"https:\/\/legrenierdelatour.be\/brocante\/wp-json\/wp\/v2\/comments?post=7677"}],"wp:featuredmedia":[{"embeddable":true,"href":"https:\/\/legrenierdelatour.be\/brocante\/wp-json\/wp\/v2\/media\/7678"}],"wp:attachment":[{"href":"https:\/\/legrenierdelatour.be\/brocante\/wp-json\/wp\/v2\/media?parent=7677"}],"wp:term":[{"taxonomy":"product_brand","embeddable":true,"href":"https:\/\/legrenierdelatour.be\/brocante\/wp-json\/wp\/v2\/product_brand?post=7677"},{"taxonomy":"product_cat","embeddable":true,"href":"https:\/\/legrenierdelatour.be\/brocante\/wp-json\/wp\/v2\/product_cat?post=7677"},{"taxonomy":"product_tag","embeddable":true,"href":"https:\/\/legrenierdelatour.be\/brocante\/wp-json\/wp\/v2\/product_tag?post=7677"}],"curies":[{"name":"wp","href":"https:\/\/api.w.org\/{rel}","templated":true}]}}