{"id":7650,"date":"2024-03-28T14:54:03","date_gmt":"2024-03-28T13:54:03","guid":{"rendered":"https:\/\/legrenierdelatour.be\/brocante\/?post_type=product&#038;p=7650"},"modified":"2024-03-28T14:54:03","modified_gmt":"2024-03-28T13:54:03","slug":"peinture-grand-rue-a-martelange-leon-defrecheux","status":"publish","type":"product","link":"https:\/\/legrenierdelatour.be\/brocante\/produit\/peinture-grand-rue-a-martelange-leon-defrecheux\/","title":{"rendered":"Peinture Grand Rue \u00e0 Martelange, L\u00e9on Defrecheux"},"content":{"rendered":"<p>Peinture (73&#215;57 cm hors cadre) intitul\u00e9 \u00e0 l\u2019arri\u00e8re \u00ab\u00a0Grand rue, Martelange) et sign\u00e9e L.Defrecheux. Elle n\u2019est pas en tr\u00e8s bon \u00e9tat, une trou, des craquelures, et elle n\u00e9cessite un nettoyage. L\u00e9on Defrecheux (1884-1941) est un peintre luministe de paysages et se sites urbains. Il a \u00e9t\u00e9 professeur de dessin \u00e0 l\u2019Ecole des Armes et \u00e0 l\u2019Ath\u00e9n\u00e9e de Li\u00e8ge. Amis de nombreux \u00e9crivains li\u00e9geois, il aura illustr\u00e9 de nombreuses oeuvres litt\u00e9raires. Il fait partie de l\u2019Ecole li\u00e9geoise du Paysage.<\/p>\n<div>R\u00e9f 29.64<\/div>\n","protected":false},"excerpt":{"rendered":"<p>Peinture (73&#215;57 cm hors cadre) intitul\u00e9 \u00e0 l\u2019arri\u00e8re \u00ab\u00a0Grand rue, Martelange) et sign\u00e9e L.Defrecheux. Elle n\u2019est pas en tr\u00e8s bon \u00e9tat, une trou, des craquelures, et elle n\u00e9cessite un nettoyage. L\u00e9on Defrecheux (1884-1941) est un peintre luministe de paysages et se sites urbains. Il a \u00e9t\u00e9 professeur de dessin \u00e0 l\u2019Ecole des Armes et \u00e0&hellip;&nbsp;<a href=\"https:\/\/legrenierdelatour.be\/brocante\/produit\/peinture-grand-rue-a-martelange-leon-defrecheux\/\" class=\"\" rel=\"bookmark\">Lire la suite &raquo;<span class=\"screen-reader-text\">Peinture Grand Rue \u00e0 Martelange, L\u00e9on Defrecheux<\/span><\/a><\/p>\n","protected":false},"featured_media":7651,"comment_status":"open","ping_status":"closed","template":"","meta":{"neve_meta_sidebar":"","neve_meta_container":"","neve_meta_enable_content_width":"off","neve_meta_content_width":100,"neve_meta_title_alignment":"","neve_meta_author_avatar":"","neve_post_elements_order":"","neve_meta_disable_header":"","neve_meta_disable_footer":"","neve_meta_disable_title":""},"product_brand":[],"product_cat":[30,31,167],"product_tag":[],"class_list":{"0":"post-7650","1":"product","2":"type-product","3":"status-publish","4":"has-post-thumbnail","6":"product_cat-luxemburgensia","7":"product_cat-pays-darlon","8":"product_cat-peintures-et-sculptures","10":"first","11":"instock","12":"shipping-taxable","13":"purchasable","14":"product-type-simple"},"_links":{"self":[{"href":"https:\/\/legrenierdelatour.be\/brocante\/wp-json\/wp\/v2\/product\/7650","targetHints":{"allow":["GET"]}}],"collection":[{"href":"https:\/\/legrenierdelatour.be\/brocante\/wp-json\/wp\/v2\/product"}],"about":[{"href":"https:\/\/legrenierdelatour.be\/brocante\/wp-json\/wp\/v2\/types\/product"}],"replies":[{"embeddable":true,"href":"https:\/\/legrenierdelatour.be\/brocante\/wp-json\/wp\/v2\/comments?post=7650"}],"wp:featuredmedia":[{"embeddable":true,"href":"https:\/\/legrenierdelatour.be\/brocante\/wp-json\/wp\/v2\/media\/7651"}],"wp:attachment":[{"href":"https:\/\/legrenierdelatour.be\/brocante\/wp-json\/wp\/v2\/media?parent=7650"}],"wp:term":[{"taxonomy":"product_brand","embeddable":true,"href":"https:\/\/legrenierdelatour.be\/brocante\/wp-json\/wp\/v2\/product_brand?post=7650"},{"taxonomy":"product_cat","embeddable":true,"href":"https:\/\/legrenierdelatour.be\/brocante\/wp-json\/wp\/v2\/product_cat?post=7650"},{"taxonomy":"product_tag","embeddable":true,"href":"https:\/\/legrenierdelatour.be\/brocante\/wp-json\/wp\/v2\/product_tag?post=7650"}],"curies":[{"name":"wp","href":"https:\/\/api.w.org\/{rel}","templated":true}]}}