{"id":7641,"date":"2024-03-27T14:30:04","date_gmt":"2024-03-27T13:30:04","guid":{"rendered":"https:\/\/legrenierdelatour.be\/brocante\/?post_type=product&#038;p=7641"},"modified":"2024-03-27T14:30:05","modified_gmt":"2024-03-27T13:30:05","slug":"gravure-de-leglise-de-rachamps-maurice-emile-blieck","status":"publish","type":"product","link":"https:\/\/legrenierdelatour.be\/brocante\/produit\/gravure-de-leglise-de-rachamps-maurice-emile-blieck\/","title":{"rendered":"Gravure de l&rsquo;Eglise de Rachamps, Maurice Emile Blieck"},"content":{"rendered":"<p>Gravure (65&#215;53 cm cadre compris) repr\u00e9sentant l\u2019\u00e9glise St Lambert de Rachamps, pr\u00e8s de Bastogne. Elle est sign\u00e9e Maurice Emile Blieck (1878-1943), et porte \u00e9galement la num\u00e9rotation\u00a0\u00bb V\/V\u00a0\u00bb, 5\/5 en chiffres romains (sans doute Epreuve d\u2019Artiste). Maurice-Emile Blieck \u00e9tait un graveur belge, r\u00e9gion bruxelloise, qui commen\u00e7a une carri\u00e8re d\u2019artiste en 1913. Il illustrait des estampes d\u2019occasion, mais r\u00e9alisa \u00e9galement de nombreux paysages \u00e0 l\u2019eau-forte. Cette gravure est dans un \u00e9tat moyen.<\/p>\n<div>R\u00e9f 29.62<\/div>\n","protected":false},"excerpt":{"rendered":"<p>Gravure (65&#215;53 cm cadre compris) repr\u00e9sentant l\u2019\u00e9glise St Lambert de Rachamps, pr\u00e8s de Bastogne. Elle est sign\u00e9e Maurice Emile Blieck (1878-1943), et porte \u00e9galement la num\u00e9rotation\u00a0\u00bb V\/V\u00a0\u00bb, 5\/5 en chiffres romains (sans doute Epreuve d\u2019Artiste). Maurice-Emile Blieck \u00e9tait un graveur belge, r\u00e9gion bruxelloise, qui commen\u00e7a une carri\u00e8re d\u2019artiste en 1913. Il illustrait des estampes d\u2019occasion,&hellip;&nbsp;<a href=\"https:\/\/legrenierdelatour.be\/brocante\/produit\/gravure-de-leglise-de-rachamps-maurice-emile-blieck\/\" class=\"\" rel=\"bookmark\">Lire la suite &raquo;<span class=\"screen-reader-text\">Gravure de l&rsquo;Eglise de Rachamps, Maurice Emile Blieck<\/span><\/a><\/p>\n","protected":false},"featured_media":7642,"comment_status":"open","ping_status":"closed","template":"","meta":{"neve_meta_sidebar":"","neve_meta_container":"","neve_meta_enable_content_width":"off","neve_meta_content_width":100,"neve_meta_title_alignment":"","neve_meta_author_avatar":"","neve_post_elements_order":"","neve_meta_disable_header":"","neve_meta_disable_footer":"","neve_meta_disable_title":""},"product_brand":[],"product_cat":[30,31,167],"product_tag":[],"class_list":{"0":"post-7641","1":"product","2":"type-product","3":"status-publish","4":"has-post-thumbnail","6":"product_cat-luxemburgensia","7":"product_cat-pays-darlon","8":"product_cat-peintures-et-sculptures","10":"first","11":"instock","12":"shipping-taxable","13":"purchasable","14":"product-type-simple"},"_links":{"self":[{"href":"https:\/\/legrenierdelatour.be\/brocante\/wp-json\/wp\/v2\/product\/7641","targetHints":{"allow":["GET"]}}],"collection":[{"href":"https:\/\/legrenierdelatour.be\/brocante\/wp-json\/wp\/v2\/product"}],"about":[{"href":"https:\/\/legrenierdelatour.be\/brocante\/wp-json\/wp\/v2\/types\/product"}],"replies":[{"embeddable":true,"href":"https:\/\/legrenierdelatour.be\/brocante\/wp-json\/wp\/v2\/comments?post=7641"}],"wp:featuredmedia":[{"embeddable":true,"href":"https:\/\/legrenierdelatour.be\/brocante\/wp-json\/wp\/v2\/media\/7642"}],"wp:attachment":[{"href":"https:\/\/legrenierdelatour.be\/brocante\/wp-json\/wp\/v2\/media?parent=7641"}],"wp:term":[{"taxonomy":"product_brand","embeddable":true,"href":"https:\/\/legrenierdelatour.be\/brocante\/wp-json\/wp\/v2\/product_brand?post=7641"},{"taxonomy":"product_cat","embeddable":true,"href":"https:\/\/legrenierdelatour.be\/brocante\/wp-json\/wp\/v2\/product_cat?post=7641"},{"taxonomy":"product_tag","embeddable":true,"href":"https:\/\/legrenierdelatour.be\/brocante\/wp-json\/wp\/v2\/product_tag?post=7641"}],"curies":[{"name":"wp","href":"https:\/\/api.w.org\/{rel}","templated":true}]}}