{"id":7637,"date":"2024-03-27T14:06:35","date_gmt":"2024-03-27T13:06:35","guid":{"rendered":"https:\/\/legrenierdelatour.be\/brocante\/?post_type=product&#038;p=7637"},"modified":"2024-03-27T14:07:19","modified_gmt":"2024-03-27T13:07:19","slug":"reproduction-dune-aquarelle-de-hautcharage-mik-rosch-94","status":"publish","type":"product","link":"https:\/\/legrenierdelatour.be\/brocante\/produit\/reproduction-dune-aquarelle-de-hautcharage-mik-rosch-94\/","title":{"rendered":"Reproduction d&rsquo;une aquarelle de Hautcharage, Mik Rosch 94"},"content":{"rendered":"<p>Reproduction d&rsquo;une aquarelle de Uewerkaerjheng (40&#215;30 cm), sign\u00e9e Rosch 94 et num\u00e9rot\u00e9e 10\/150. Elle est annot\u00e9e \u00ab\u00a0Uewerk\u00e4erjheng &#8211; Am Chouer\u00a0\u00bb. Reproduction d\u2019une aquarelle de l\u2019artiste luxembourgeois Mik Rosch (n\u00e9 en 1941).<\/p>\n<div>R\u00e9f 29.61<\/div>\n","protected":false},"excerpt":{"rendered":"<p>Reproduction d&rsquo;une aquarelle de Uewerkaerjheng (40&#215;30 cm), sign\u00e9e Rosch 94 et num\u00e9rot\u00e9e 10\/150. Elle est annot\u00e9e \u00ab\u00a0Uewerk\u00e4erjheng &#8211; Am Chouer\u00a0\u00bb. Reproduction d\u2019une aquarelle de l\u2019artiste luxembourgeois Mik Rosch (n\u00e9 en 1941). R\u00e9f 29.61<\/p>\n","protected":false},"featured_media":7638,"comment_status":"open","ping_status":"closed","template":"","meta":{"neve_meta_sidebar":"","neve_meta_container":"","neve_meta_enable_content_width":"off","neve_meta_content_width":100,"neve_meta_title_alignment":"","neve_meta_author_avatar":"","neve_post_elements_order":"","neve_meta_disable_header":"","neve_meta_disable_footer":"","neve_meta_disable_title":""},"product_brand":[],"product_cat":[30,166,167],"product_tag":[],"class_list":{"0":"post-7637","1":"product","2":"type-product","3":"status-publish","4":"has-post-thumbnail","6":"product_cat-luxemburgensia","7":"product_cat-luxemburgensia-luxemburgensia","8":"product_cat-peintures-et-sculptures","10":"first","11":"instock","12":"shipping-taxable","13":"purchasable","14":"product-type-simple"},"_links":{"self":[{"href":"https:\/\/legrenierdelatour.be\/brocante\/wp-json\/wp\/v2\/product\/7637","targetHints":{"allow":["GET"]}}],"collection":[{"href":"https:\/\/legrenierdelatour.be\/brocante\/wp-json\/wp\/v2\/product"}],"about":[{"href":"https:\/\/legrenierdelatour.be\/brocante\/wp-json\/wp\/v2\/types\/product"}],"replies":[{"embeddable":true,"href":"https:\/\/legrenierdelatour.be\/brocante\/wp-json\/wp\/v2\/comments?post=7637"}],"wp:featuredmedia":[{"embeddable":true,"href":"https:\/\/legrenierdelatour.be\/brocante\/wp-json\/wp\/v2\/media\/7638"}],"wp:attachment":[{"href":"https:\/\/legrenierdelatour.be\/brocante\/wp-json\/wp\/v2\/media?parent=7637"}],"wp:term":[{"taxonomy":"product_brand","embeddable":true,"href":"https:\/\/legrenierdelatour.be\/brocante\/wp-json\/wp\/v2\/product_brand?post=7637"},{"taxonomy":"product_cat","embeddable":true,"href":"https:\/\/legrenierdelatour.be\/brocante\/wp-json\/wp\/v2\/product_cat?post=7637"},{"taxonomy":"product_tag","embeddable":true,"href":"https:\/\/legrenierdelatour.be\/brocante\/wp-json\/wp\/v2\/product_tag?post=7637"}],"curies":[{"name":"wp","href":"https:\/\/api.w.org\/{rel}","templated":true}]}}