{"id":763,"date":"2022-03-14T11:40:30","date_gmt":"2022-03-14T10:40:30","guid":{"rendered":"https:\/\/legrenierdelatour.be\/brocante\/?post_type=product&#038;p=763"},"modified":"2022-05-19T16:55:06","modified_gmt":"2022-05-19T14:55:06","slug":"vase-west-germany-303-25-dumler-breiden","status":"publish","type":"product","link":"https:\/\/legrenierdelatour.be\/brocante\/produit\/vase-west-germany-303-25-dumler-breiden\/","title":{"rendered":"Vase West Germany 303 25 Dumler &#038; Breiden"},"content":{"rendered":"<p>Beau vase de couleurs naturelles (25 cm haut) produit par la manufacture Dumler &amp; Breiden (1883-?) \u00e0 Hohr Grenzhausen, selaon la forme \u00ab\u00a0303\u00a0\u00bb. Il date sans doute des ann\u00e9es 1970. En bon \u00e9tat g\u00e9n\u00e9ral, ce vase cruche pr\u00e9sente un petit coup sur l\u2019encolure.<\/p>\n<div>R\u00e9f 9.43<\/div>\n","protected":false},"excerpt":{"rendered":"<p>Beau vase de couleurs naturelles (25 cm haut) produit par la manufacture Dumler &amp; Breiden (1883-?) \u00e0 Hohr Grenzhausen, selaon la forme \u00ab\u00a0303\u00a0\u00bb. Il date sans doute des ann\u00e9es 1970. En bon \u00e9tat g\u00e9n\u00e9ral, ce vase cruche pr\u00e9sente un petit coup sur l\u2019encolure. R\u00e9f 9.43<\/p>\n","protected":false},"featured_media":759,"comment_status":"open","ping_status":"closed","template":"","meta":{"neve_meta_sidebar":"","neve_meta_container":"","neve_meta_enable_content_width":"off","neve_meta_content_width":100,"neve_meta_title_alignment":"","neve_meta_author_avatar":"","neve_post_elements_order":"","neve_meta_disable_header":"","neve_meta_disable_footer":"","neve_meta_disable_title":""},"product_brand":[],"product_cat":[48,169,16,47],"product_tag":[56,19,28,49],"class_list":{"0":"post-763","1":"product","2":"type-product","3":"status-publish","4":"has-post-thumbnail","6":"product_cat-allemagne","7":"product_cat-dummler-breiden","8":"product_cat-ceramique","9":"product_cat-west-germany","10":"product_tag-dummler-breiden","11":"product_tag-faience","12":"product_tag-vintage","13":"product_tag-west-germany","15":"first","16":"instock","17":"shipping-taxable","18":"purchasable","19":"product-type-simple"},"_links":{"self":[{"href":"https:\/\/legrenierdelatour.be\/brocante\/wp-json\/wp\/v2\/product\/763","targetHints":{"allow":["GET"]}}],"collection":[{"href":"https:\/\/legrenierdelatour.be\/brocante\/wp-json\/wp\/v2\/product"}],"about":[{"href":"https:\/\/legrenierdelatour.be\/brocante\/wp-json\/wp\/v2\/types\/product"}],"replies":[{"embeddable":true,"href":"https:\/\/legrenierdelatour.be\/brocante\/wp-json\/wp\/v2\/comments?post=763"}],"wp:featuredmedia":[{"embeddable":true,"href":"https:\/\/legrenierdelatour.be\/brocante\/wp-json\/wp\/v2\/media\/759"}],"wp:attachment":[{"href":"https:\/\/legrenierdelatour.be\/brocante\/wp-json\/wp\/v2\/media?parent=763"}],"wp:term":[{"taxonomy":"product_brand","embeddable":true,"href":"https:\/\/legrenierdelatour.be\/brocante\/wp-json\/wp\/v2\/product_brand?post=763"},{"taxonomy":"product_cat","embeddable":true,"href":"https:\/\/legrenierdelatour.be\/brocante\/wp-json\/wp\/v2\/product_cat?post=763"},{"taxonomy":"product_tag","embeddable":true,"href":"https:\/\/legrenierdelatour.be\/brocante\/wp-json\/wp\/v2\/product_tag?post=763"}],"curies":[{"name":"wp","href":"https:\/\/api.w.org\/{rel}","templated":true}]}}