{"id":7623,"date":"2024-03-26T16:19:58","date_gmt":"2024-03-26T15:19:58","guid":{"rendered":"https:\/\/legrenierdelatour.be\/brocante\/?post_type=product&#038;p=7623"},"modified":"2024-03-26T16:19:58","modified_gmt":"2024-03-26T15:19:58","slug":"lampe-plafonnier-design-nordique-1960-70","status":"publish","type":"product","link":"https:\/\/legrenierdelatour.be\/brocante\/produit\/lampe-plafonnier-design-nordique-1960-70\/","title":{"rendered":"Lampe plafonnier design nordique, 1960-70"},"content":{"rendered":"<p>Beau plafonnier en verre et m\u00e9tal (30 cm de large) dans le style de Bent Karlby pour Lyfa, design nordique des ann\u00e9es 1960. Il est en tr\u00e8s bon \u00e9tat.<\/p>\n<div>R\u00e9f 29.58<\/div>\n","protected":false},"excerpt":{"rendered":"<p>Beau plafonnier en verre et m\u00e9tal (30 cm de large) dans le style de Bent Karlby pour Lyfa, design nordique des ann\u00e9es 1960. Il est en tr\u00e8s bon \u00e9tat. R\u00e9f 29.58<\/p>\n","protected":false},"featured_media":7624,"comment_status":"open","ping_status":"closed","template":"","meta":{"neve_meta_sidebar":"","neve_meta_container":"","neve_meta_enable_content_width":"off","neve_meta_content_width":100,"neve_meta_title_alignment":"","neve_meta_author_avatar":"","neve_post_elements_order":"","neve_meta_disable_header":"","neve_meta_disable_footer":"","neve_meta_disable_title":""},"product_brand":[],"product_cat":[24],"product_tag":[],"class_list":{"0":"post-7623","1":"product","2":"type-product","3":"status-publish","4":"has-post-thumbnail","6":"product_cat-luminaires","8":"first","9":"instock","10":"shipping-taxable","11":"purchasable","12":"product-type-simple"},"_links":{"self":[{"href":"https:\/\/legrenierdelatour.be\/brocante\/wp-json\/wp\/v2\/product\/7623","targetHints":{"allow":["GET"]}}],"collection":[{"href":"https:\/\/legrenierdelatour.be\/brocante\/wp-json\/wp\/v2\/product"}],"about":[{"href":"https:\/\/legrenierdelatour.be\/brocante\/wp-json\/wp\/v2\/types\/product"}],"replies":[{"embeddable":true,"href":"https:\/\/legrenierdelatour.be\/brocante\/wp-json\/wp\/v2\/comments?post=7623"}],"wp:featuredmedia":[{"embeddable":true,"href":"https:\/\/legrenierdelatour.be\/brocante\/wp-json\/wp\/v2\/media\/7624"}],"wp:attachment":[{"href":"https:\/\/legrenierdelatour.be\/brocante\/wp-json\/wp\/v2\/media?parent=7623"}],"wp:term":[{"taxonomy":"product_brand","embeddable":true,"href":"https:\/\/legrenierdelatour.be\/brocante\/wp-json\/wp\/v2\/product_brand?post=7623"},{"taxonomy":"product_cat","embeddable":true,"href":"https:\/\/legrenierdelatour.be\/brocante\/wp-json\/wp\/v2\/product_cat?post=7623"},{"taxonomy":"product_tag","embeddable":true,"href":"https:\/\/legrenierdelatour.be\/brocante\/wp-json\/wp\/v2\/product_tag?post=7623"}],"curies":[{"name":"wp","href":"https:\/\/api.w.org\/{rel}","templated":true}]}}