{"id":762,"date":"2022-03-14T11:30:02","date_gmt":"2022-03-14T10:30:02","guid":{"rendered":"https:\/\/legrenierdelatour.be\/brocante\/?post_type=product&#038;p=762"},"modified":"2023-02-01T20:54:48","modified_gmt":"2023-02-01T19:54:48","slug":"plat-west-germany-1265-34-dumler-breiden","status":"publish","type":"product","link":"https:\/\/legrenierdelatour.be\/brocante\/produit\/plat-west-germany-1265-34-dumler-breiden\/","title":{"rendered":"Plat West Germany 1265 34 Dumler &#038; Breiden"},"content":{"rendered":"<p>Tr\u00e8s joli plat (34 cm de long) produit en Allemagne de l\u2019Ouest, peut-\u00eatre par la manufacture Dumler &amp; Breiden (1883-?) \u00e0 Hohr Grenzhausen, selon la forme \u00ab\u00a01265\u00a0\u00bb. En tr\u00e8s bon \u00e9tat, elle a sans doute \u00e9t\u00e9 produite dans les ann\u00e9es 1960-70.<\/p>\n<div>R\u00e9f 9.42<\/div>\n","protected":false},"excerpt":{"rendered":"<p>Tr\u00e8s joli plat (34 cm de long) produit en Allemagne de l\u2019Ouest, peut-\u00eatre par la manufacture Dumler &amp; Breiden (1883-?) \u00e0 Hohr Grenzhausen, selon la forme \u00ab\u00a01265\u00a0\u00bb. En tr\u00e8s bon \u00e9tat, elle a sans doute \u00e9t\u00e9 produite dans les ann\u00e9es 1960-70. R\u00e9f 9.42<\/p>\n","protected":false},"featured_media":756,"comment_status":"open","ping_status":"closed","template":"","meta":{"neve_meta_sidebar":"","neve_meta_container":"","neve_meta_enable_content_width":"off","neve_meta_content_width":100,"neve_meta_title_alignment":"","neve_meta_author_avatar":"","neve_post_elements_order":"","neve_meta_disable_header":"","neve_meta_disable_footer":"","neve_meta_disable_title":""},"product_brand":[],"product_cat":[48,169,16,47],"product_tag":[56,19,28,49],"class_list":{"0":"post-762","1":"product","2":"type-product","3":"status-publish","4":"has-post-thumbnail","6":"product_cat-allemagne","7":"product_cat-dummler-breiden","8":"product_cat-ceramique","9":"product_cat-west-germany","10":"product_tag-dummler-breiden","11":"product_tag-faience","12":"product_tag-vintage","13":"product_tag-west-germany","15":"first","16":"instock","17":"shipping-taxable","18":"purchasable","19":"product-type-simple"},"_links":{"self":[{"href":"https:\/\/legrenierdelatour.be\/brocante\/wp-json\/wp\/v2\/product\/762","targetHints":{"allow":["GET"]}}],"collection":[{"href":"https:\/\/legrenierdelatour.be\/brocante\/wp-json\/wp\/v2\/product"}],"about":[{"href":"https:\/\/legrenierdelatour.be\/brocante\/wp-json\/wp\/v2\/types\/product"}],"replies":[{"embeddable":true,"href":"https:\/\/legrenierdelatour.be\/brocante\/wp-json\/wp\/v2\/comments?post=762"}],"wp:featuredmedia":[{"embeddable":true,"href":"https:\/\/legrenierdelatour.be\/brocante\/wp-json\/wp\/v2\/media\/756"}],"wp:attachment":[{"href":"https:\/\/legrenierdelatour.be\/brocante\/wp-json\/wp\/v2\/media?parent=762"}],"wp:term":[{"taxonomy":"product_brand","embeddable":true,"href":"https:\/\/legrenierdelatour.be\/brocante\/wp-json\/wp\/v2\/product_brand?post=762"},{"taxonomy":"product_cat","embeddable":true,"href":"https:\/\/legrenierdelatour.be\/brocante\/wp-json\/wp\/v2\/product_cat?post=762"},{"taxonomy":"product_tag","embeddable":true,"href":"https:\/\/legrenierdelatour.be\/brocante\/wp-json\/wp\/v2\/product_tag?post=762"}],"curies":[{"name":"wp","href":"https:\/\/api.w.org\/{rel}","templated":true}]}}