{"id":7609,"date":"2024-03-25T14:23:19","date_gmt":"2024-03-25T13:23:19","guid":{"rendered":"https:\/\/legrenierdelatour.be\/brocante\/?post_type=product&#038;p=7609"},"modified":"2024-03-25T14:27:42","modified_gmt":"2024-03-25T13:27:42","slug":"vase-west-germany-606-24","status":"publish","type":"product","link":"https:\/\/legrenierdelatour.be\/brocante\/produit\/vase-west-germany-606-24\/","title":{"rendered":"Vase West Germany 606-24"},"content":{"rendered":"<p>Beau vase (24 cm de haut) de style Fat Lava, dans les tons gris et bleu. Il s\u2019agit d\u2019une production de West Germany, Allemagne de l\u2019Ouest, dans les ann\u00e9es 1960-70. Ce pourrait \u00eatre une production de la manufacture Scheurich.<\/p>\n<div>\n<div>R\u00e9f 29.35<\/div>\n<\/div>\n","protected":false},"excerpt":{"rendered":"<p>Beau vase (24 cm de haut) de style Fat Lava, dans les tons gris et bleu. Il s\u2019agit d\u2019une production de West Germany, Allemagne de l\u2019Ouest, dans les ann\u00e9es 1960-70. Ce pourrait \u00eatre une production de la manufacture Scheurich. R\u00e9f 29.35<\/p>\n","protected":false},"featured_media":7606,"comment_status":"open","ping_status":"closed","template":"","meta":{"neve_meta_sidebar":"","neve_meta_container":"","neve_meta_enable_content_width":"off","neve_meta_content_width":100,"neve_meta_title_alignment":"","neve_meta_author_avatar":"","neve_post_elements_order":"","neve_meta_disable_header":"","neve_meta_disable_footer":"","neve_meta_disable_title":""},"product_brand":[],"product_cat":[48,16,52,47],"product_tag":[50],"class_list":{"0":"post-7609","1":"product","2":"type-product","3":"status-publish","4":"has-post-thumbnail","6":"product_cat-allemagne","7":"product_cat-ceramique","8":"product_cat-scheurig","9":"product_cat-west-germany","10":"product_tag-fat-lava","12":"first","13":"instock","14":"shipping-taxable","15":"purchasable","16":"product-type-simple"},"_links":{"self":[{"href":"https:\/\/legrenierdelatour.be\/brocante\/wp-json\/wp\/v2\/product\/7609","targetHints":{"allow":["GET"]}}],"collection":[{"href":"https:\/\/legrenierdelatour.be\/brocante\/wp-json\/wp\/v2\/product"}],"about":[{"href":"https:\/\/legrenierdelatour.be\/brocante\/wp-json\/wp\/v2\/types\/product"}],"replies":[{"embeddable":true,"href":"https:\/\/legrenierdelatour.be\/brocante\/wp-json\/wp\/v2\/comments?post=7609"}],"wp:featuredmedia":[{"embeddable":true,"href":"https:\/\/legrenierdelatour.be\/brocante\/wp-json\/wp\/v2\/media\/7606"}],"wp:attachment":[{"href":"https:\/\/legrenierdelatour.be\/brocante\/wp-json\/wp\/v2\/media?parent=7609"}],"wp:term":[{"taxonomy":"product_brand","embeddable":true,"href":"https:\/\/legrenierdelatour.be\/brocante\/wp-json\/wp\/v2\/product_brand?post=7609"},{"taxonomy":"product_cat","embeddable":true,"href":"https:\/\/legrenierdelatour.be\/brocante\/wp-json\/wp\/v2\/product_cat?post=7609"},{"taxonomy":"product_tag","embeddable":true,"href":"https:\/\/legrenierdelatour.be\/brocante\/wp-json\/wp\/v2\/product_tag?post=7609"}],"curies":[{"name":"wp","href":"https:\/\/api.w.org\/{rel}","templated":true}]}}