{"id":7595,"date":"2024-03-25T13:45:12","date_gmt":"2024-03-25T12:45:12","guid":{"rendered":"https:\/\/legrenierdelatour.be\/brocante\/?post_type=product&#038;p=7595"},"modified":"2024-03-25T13:45:13","modified_gmt":"2024-03-25T12:45:13","slug":"benitier-nd-de-luxembourg","status":"publish","type":"product","link":"https:\/\/legrenierdelatour.be\/brocante\/produit\/benitier-nd-de-luxembourg\/","title":{"rendered":"B\u00e9nitier ND de Luxembourg"},"content":{"rendered":"<p>Joli b\u00e9nitier (13&#215;7 cm) en bois, bronze et verre, avec une repr\u00e9sentation de ND de Luxembourg dans un m\u00e9daillon en bronze. Il est en parfait \u00e9tat et porte \u00e9galement des incrustations nacr\u00e9es. Il date sans doute du milieu de XX\u00e8 si\u00e8cle.<\/p>\n<div>R\u00e9f 29.32<\/div>\n","protected":false},"excerpt":{"rendered":"<p>Joli b\u00e9nitier (13&#215;7 cm) en bois, bronze et verre, avec une repr\u00e9sentation de ND de Luxembourg dans un m\u00e9daillon en bronze. Il est en parfait \u00e9tat et porte \u00e9galement des incrustations nacr\u00e9es. Il date sans doute du milieu de XX\u00e8 si\u00e8cle. R\u00e9f 29.32<\/p>\n","protected":false},"featured_media":7598,"comment_status":"open","ping_status":"closed","template":"","meta":{"neve_meta_sidebar":"","neve_meta_container":"","neve_meta_enable_content_width":"off","neve_meta_content_width":100,"neve_meta_title_alignment":"","neve_meta_author_avatar":"","neve_post_elements_order":"","neve_meta_disable_header":"","neve_meta_disable_footer":"","neve_meta_disable_title":""},"product_brand":[],"product_cat":[30,166,34],"product_tag":[],"class_list":{"0":"post-7595","1":"product","2":"type-product","3":"status-publish","4":"has-post-thumbnail","6":"product_cat-luxemburgensia","7":"product_cat-luxemburgensia-luxemburgensia","8":"product_cat-religiosa","10":"first","11":"instock","12":"shipping-taxable","13":"purchasable","14":"product-type-simple"},"_links":{"self":[{"href":"https:\/\/legrenierdelatour.be\/brocante\/wp-json\/wp\/v2\/product\/7595","targetHints":{"allow":["GET"]}}],"collection":[{"href":"https:\/\/legrenierdelatour.be\/brocante\/wp-json\/wp\/v2\/product"}],"about":[{"href":"https:\/\/legrenierdelatour.be\/brocante\/wp-json\/wp\/v2\/types\/product"}],"replies":[{"embeddable":true,"href":"https:\/\/legrenierdelatour.be\/brocante\/wp-json\/wp\/v2\/comments?post=7595"}],"wp:featuredmedia":[{"embeddable":true,"href":"https:\/\/legrenierdelatour.be\/brocante\/wp-json\/wp\/v2\/media\/7598"}],"wp:attachment":[{"href":"https:\/\/legrenierdelatour.be\/brocante\/wp-json\/wp\/v2\/media?parent=7595"}],"wp:term":[{"taxonomy":"product_brand","embeddable":true,"href":"https:\/\/legrenierdelatour.be\/brocante\/wp-json\/wp\/v2\/product_brand?post=7595"},{"taxonomy":"product_cat","embeddable":true,"href":"https:\/\/legrenierdelatour.be\/brocante\/wp-json\/wp\/v2\/product_cat?post=7595"},{"taxonomy":"product_tag","embeddable":true,"href":"https:\/\/legrenierdelatour.be\/brocante\/wp-json\/wp\/v2\/product_tag?post=7595"}],"curies":[{"name":"wp","href":"https:\/\/api.w.org\/{rel}","templated":true}]}}