{"id":7537,"date":"2024-03-18T14:42:15","date_gmt":"2024-03-18T13:42:15","guid":{"rendered":"https:\/\/legrenierdelatour.be\/brocante\/?post_type=product&#038;p=7537"},"modified":"2024-03-18T14:43:49","modified_gmt":"2024-03-18T13:43:49","slug":"ensemble-de-verres-liqueur-sur-leur-support-vintage","status":"publish","type":"product","link":"https:\/\/legrenierdelatour.be\/brocante\/produit\/ensemble-de-verres-liqueur-sur-leur-support-vintage\/","title":{"rendered":"Ensemble de verres liqueur sur leur support, vintage"},"content":{"rendered":"<p>Ensemble de 6 petits verres fran\u00e7ais (5 cm de haut) sur leur support de cuivre, piqu\u00e9 par endroits.<\/p>\n<p>R\u00e9f 19.19<\/p>\n","protected":false},"excerpt":{"rendered":"<p>Ensemble de 6 petits verres fran\u00e7ais (5 cm de haut) sur leur support de cuivre, piqu\u00e9 par endroits. R\u00e9f 19.19<\/p>\n","protected":false},"featured_media":7538,"comment_status":"open","ping_status":"closed","template":"","meta":{"neve_meta_sidebar":"","neve_meta_container":"","neve_meta_enable_content_width":"off","neve_meta_content_width":100,"neve_meta_title_alignment":"","neve_meta_author_avatar":"","neve_post_elements_order":"","neve_meta_disable_header":"","neve_meta_disable_footer":"","neve_meta_disable_title":""},"product_brand":[],"product_cat":[22],"product_tag":[28],"class_list":{"0":"post-7537","1":"product","2":"type-product","3":"status-publish","4":"has-post-thumbnail","6":"product_cat-verrerie","7":"product_tag-vintage","9":"first","10":"instock","11":"shipping-taxable","12":"purchasable","13":"product-type-simple"},"_links":{"self":[{"href":"https:\/\/legrenierdelatour.be\/brocante\/wp-json\/wp\/v2\/product\/7537","targetHints":{"allow":["GET"]}}],"collection":[{"href":"https:\/\/legrenierdelatour.be\/brocante\/wp-json\/wp\/v2\/product"}],"about":[{"href":"https:\/\/legrenierdelatour.be\/brocante\/wp-json\/wp\/v2\/types\/product"}],"replies":[{"embeddable":true,"href":"https:\/\/legrenierdelatour.be\/brocante\/wp-json\/wp\/v2\/comments?post=7537"}],"wp:featuredmedia":[{"embeddable":true,"href":"https:\/\/legrenierdelatour.be\/brocante\/wp-json\/wp\/v2\/media\/7538"}],"wp:attachment":[{"href":"https:\/\/legrenierdelatour.be\/brocante\/wp-json\/wp\/v2\/media?parent=7537"}],"wp:term":[{"taxonomy":"product_brand","embeddable":true,"href":"https:\/\/legrenierdelatour.be\/brocante\/wp-json\/wp\/v2\/product_brand?post=7537"},{"taxonomy":"product_cat","embeddable":true,"href":"https:\/\/legrenierdelatour.be\/brocante\/wp-json\/wp\/v2\/product_cat?post=7537"},{"taxonomy":"product_tag","embeddable":true,"href":"https:\/\/legrenierdelatour.be\/brocante\/wp-json\/wp\/v2\/product_tag?post=7537"}],"curies":[{"name":"wp","href":"https:\/\/api.w.org\/{rel}","templated":true}]}}