{"id":75,"date":"2022-02-10T09:16:28","date_gmt":"2022-02-10T08:16:28","guid":{"rendered":"https:\/\/legrenierdelatour.be\/brocante\/?post_type=product&#038;p=75"},"modified":"2022-10-25T17:33:17","modified_gmt":"2022-10-25T15:33:17","slug":"assiette-meissen-boch-la-louviere","status":"publish","type":"product","link":"https:\/\/legrenierdelatour.be\/brocante\/produit\/assiette-meissen-boch-la-louviere\/","title":{"rendered":"Assiette \u00ab\u00a0Meissen\u00a0\u00bb Boch La Louvi\u00e8re"},"content":{"rendered":"<p>Grande assiette de pr\u00e9sentation (29,5 cm) de la collection \u00ab\u00a0Meissen\u00a0\u00bb produite par Boch La Louvi\u00e8re aux environs des ann\u00e9es 1920. Etat moyen.<\/p>\n<p>Deux exemplaires disponibles<\/p>\n<p>R\u00e9f 4.116<\/p>\n","protected":false},"excerpt":{"rendered":"<p>Grande assiette de pr\u00e9sentation (29,5 cm) de la collection \u00ab\u00a0Meissen\u00a0\u00bb produite par Boch La Louvi\u00e8re aux environs des ann\u00e9es 1920. Etat moyen. Deux exemplaires disponibles R\u00e9f 4.116<\/p>\n","protected":false},"featured_media":76,"comment_status":"open","ping_status":"closed","template":"","meta":{"neve_meta_sidebar":"","neve_meta_container":"","neve_meta_enable_content_width":"off","neve_meta_content_width":100,"neve_meta_title_alignment":"","neve_meta_author_avatar":"","neve_post_elements_order":"","neve_meta_disable_header":"","neve_meta_disable_footer":"","neve_meta_disable_title":""},"product_brand":[],"product_cat":[15,37,175,16],"product_tag":[20,19],"class_list":{"0":"post-75","1":"product","2":"type-product","3":"status-publish","4":"has-post-thumbnail","6":"product_cat-non-classe","7":"product_cat-belgique","8":"product_cat-boch","9":"product_cat-ceramique","10":"product_tag-boch","11":"product_tag-faience","13":"first","14":"instock","15":"shipping-taxable","16":"purchasable","17":"product-type-simple"},"_links":{"self":[{"href":"https:\/\/legrenierdelatour.be\/brocante\/wp-json\/wp\/v2\/product\/75","targetHints":{"allow":["GET"]}}],"collection":[{"href":"https:\/\/legrenierdelatour.be\/brocante\/wp-json\/wp\/v2\/product"}],"about":[{"href":"https:\/\/legrenierdelatour.be\/brocante\/wp-json\/wp\/v2\/types\/product"}],"replies":[{"embeddable":true,"href":"https:\/\/legrenierdelatour.be\/brocante\/wp-json\/wp\/v2\/comments?post=75"}],"wp:featuredmedia":[{"embeddable":true,"href":"https:\/\/legrenierdelatour.be\/brocante\/wp-json\/wp\/v2\/media\/76"}],"wp:attachment":[{"href":"https:\/\/legrenierdelatour.be\/brocante\/wp-json\/wp\/v2\/media?parent=75"}],"wp:term":[{"taxonomy":"product_brand","embeddable":true,"href":"https:\/\/legrenierdelatour.be\/brocante\/wp-json\/wp\/v2\/product_brand?post=75"},{"taxonomy":"product_cat","embeddable":true,"href":"https:\/\/legrenierdelatour.be\/brocante\/wp-json\/wp\/v2\/product_cat?post=75"},{"taxonomy":"product_tag","embeddable":true,"href":"https:\/\/legrenierdelatour.be\/brocante\/wp-json\/wp\/v2\/product_tag?post=75"}],"curies":[{"name":"wp","href":"https:\/\/api.w.org\/{rel}","templated":true}]}}