{"id":7493,"date":"2024-03-05T16:00:53","date_gmt":"2024-03-05T15:00:53","guid":{"rendered":"https:\/\/legrenierdelatour.be\/brocante\/?post_type=product&#038;p=7493"},"modified":"2024-03-05T16:00:54","modified_gmt":"2024-03-05T15:00:54","slug":"assiette-ange-de-communion-villeroy-et-boch-vintage","status":"publish","type":"product","link":"https:\/\/legrenierdelatour.be\/brocante\/produit\/assiette-ange-de-communion-villeroy-et-boch-vintage\/","title":{"rendered":"Assiette \u00ab\u00a0Ange de communion\u00a0\u00bb, Villeroy et Boch vintage"},"content":{"rendered":"<p>Belle assiette (24 cm de diam\u00e8tre) avec la repr\u00e9sentation d\u2019un ange de communion. Il a \u00e9t\u00e9 produit par Villeroy &amp; Boch dans les ann\u00e9es 1960-70. Elle est en parfait \u00e9tat.<\/p>\n<div>R\u00e9f 28.97<\/div>\n","protected":false},"excerpt":{"rendered":"<p>Belle assiette (24 cm de diam\u00e8tre) avec la repr\u00e9sentation d\u2019un ange de communion. Il a \u00e9t\u00e9 produit par Villeroy &amp; Boch dans les ann\u00e9es 1960-70. Elle est en parfait \u00e9tat. R\u00e9f 28.97<\/p>\n","protected":false},"featured_media":7496,"comment_status":"open","ping_status":"closed","template":"","meta":{"neve_meta_sidebar":"","neve_meta_container":"","neve_meta_enable_content_width":"off","neve_meta_content_width":100,"neve_meta_title_alignment":"","neve_meta_author_avatar":"","neve_post_elements_order":"","neve_meta_disable_header":"","neve_meta_disable_footer":"","neve_meta_disable_title":""},"product_brand":[],"product_cat":[16,165,166,34,29],"product_tag":[28],"class_list":{"0":"post-7493","1":"product","2":"type-product","3":"status-publish","4":"has-post-thumbnail","6":"product_cat-ceramique","7":"product_cat-luxembourg","8":"product_cat-luxemburgensia-luxemburgensia","9":"product_cat-religiosa","10":"product_cat-villeroy-boch","11":"product_tag-vintage","13":"first","14":"instock","15":"shipping-taxable","16":"purchasable","17":"product-type-simple"},"_links":{"self":[{"href":"https:\/\/legrenierdelatour.be\/brocante\/wp-json\/wp\/v2\/product\/7493","targetHints":{"allow":["GET"]}}],"collection":[{"href":"https:\/\/legrenierdelatour.be\/brocante\/wp-json\/wp\/v2\/product"}],"about":[{"href":"https:\/\/legrenierdelatour.be\/brocante\/wp-json\/wp\/v2\/types\/product"}],"replies":[{"embeddable":true,"href":"https:\/\/legrenierdelatour.be\/brocante\/wp-json\/wp\/v2\/comments?post=7493"}],"wp:featuredmedia":[{"embeddable":true,"href":"https:\/\/legrenierdelatour.be\/brocante\/wp-json\/wp\/v2\/media\/7496"}],"wp:attachment":[{"href":"https:\/\/legrenierdelatour.be\/brocante\/wp-json\/wp\/v2\/media?parent=7493"}],"wp:term":[{"taxonomy":"product_brand","embeddable":true,"href":"https:\/\/legrenierdelatour.be\/brocante\/wp-json\/wp\/v2\/product_brand?post=7493"},{"taxonomy":"product_cat","embeddable":true,"href":"https:\/\/legrenierdelatour.be\/brocante\/wp-json\/wp\/v2\/product_cat?post=7493"},{"taxonomy":"product_tag","embeddable":true,"href":"https:\/\/legrenierdelatour.be\/brocante\/wp-json\/wp\/v2\/product_tag?post=7493"}],"curies":[{"name":"wp","href":"https:\/\/api.w.org\/{rel}","templated":true}]}}