{"id":7486,"date":"2024-03-05T15:47:43","date_gmt":"2024-03-05T14:47:43","guid":{"rendered":"https:\/\/legrenierdelatour.be\/brocante\/?post_type=product&#038;p=7486"},"modified":"2024-03-05T15:47:44","modified_gmt":"2024-03-05T14:47:44","slug":"sauciere-blanche-villeroy-boch-mettlach","status":"publish","type":"product","link":"https:\/\/legrenierdelatour.be\/brocante\/produit\/sauciere-blanche-villeroy-boch-mettlach\/","title":{"rendered":"Sauci\u00e8re blanche Villeroy &#038; Boch Mettlach"},"content":{"rendered":"<p>Sauci\u00e8re blanche (20 cm de long) produite par Villeroy &amp; Boch Mettlach, sans doute dans les ann\u00e9es 1940-50. Elle est en bon \u00e9tat.<\/p>\n<div>R\u00e9f 28.95<\/div>\n","protected":false},"excerpt":{"rendered":"<p>Sauci\u00e8re blanche (20 cm de long) produite par Villeroy &amp; Boch Mettlach, sans doute dans les ann\u00e9es 1940-50. Elle est en bon \u00e9tat. R\u00e9f 28.95<\/p>\n","protected":false},"featured_media":7487,"comment_status":"open","ping_status":"closed","template":"","meta":{"neve_meta_sidebar":"","neve_meta_container":"","neve_meta_enable_content_width":"off","neve_meta_content_width":100,"neve_meta_title_alignment":"","neve_meta_author_avatar":"","neve_post_elements_order":"","neve_meta_disable_header":"","neve_meta_disable_footer":"","neve_meta_disable_title":""},"product_brand":[],"product_cat":[172,16,29],"product_tag":[],"class_list":{"0":"post-7486","1":"product","2":"type-product","3":"status-publish","4":"has-post-thumbnail","6":"product_cat-en-cuisine","7":"product_cat-ceramique","8":"product_cat-villeroy-boch","10":"first","11":"instock","12":"shipping-taxable","13":"purchasable","14":"product-type-simple"},"_links":{"self":[{"href":"https:\/\/legrenierdelatour.be\/brocante\/wp-json\/wp\/v2\/product\/7486","targetHints":{"allow":["GET"]}}],"collection":[{"href":"https:\/\/legrenierdelatour.be\/brocante\/wp-json\/wp\/v2\/product"}],"about":[{"href":"https:\/\/legrenierdelatour.be\/brocante\/wp-json\/wp\/v2\/types\/product"}],"replies":[{"embeddable":true,"href":"https:\/\/legrenierdelatour.be\/brocante\/wp-json\/wp\/v2\/comments?post=7486"}],"wp:featuredmedia":[{"embeddable":true,"href":"https:\/\/legrenierdelatour.be\/brocante\/wp-json\/wp\/v2\/media\/7487"}],"wp:attachment":[{"href":"https:\/\/legrenierdelatour.be\/brocante\/wp-json\/wp\/v2\/media?parent=7486"}],"wp:term":[{"taxonomy":"product_brand","embeddable":true,"href":"https:\/\/legrenierdelatour.be\/brocante\/wp-json\/wp\/v2\/product_brand?post=7486"},{"taxonomy":"product_cat","embeddable":true,"href":"https:\/\/legrenierdelatour.be\/brocante\/wp-json\/wp\/v2\/product_cat?post=7486"},{"taxonomy":"product_tag","embeddable":true,"href":"https:\/\/legrenierdelatour.be\/brocante\/wp-json\/wp\/v2\/product_tag?post=7486"}],"curies":[{"name":"wp","href":"https:\/\/api.w.org\/{rel}","templated":true}]}}