{"id":7482,"date":"2024-03-05T15:38:38","date_gmt":"2024-03-05T14:38:38","guid":{"rendered":"https:\/\/legrenierdelatour.be\/brocante\/?post_type=product&#038;p=7482"},"modified":"2024-03-05T15:38:51","modified_gmt":"2024-03-05T14:38:51","slug":"service-a-the-chinois","status":"publish","type":"product","link":"https:\/\/legrenierdelatour.be\/brocante\/produit\/service-a-the-chinois\/","title":{"rendered":"Service \u00e0 th\u00e9 \u00ab\u00a0chinois\u00a0\u00bb"},"content":{"rendered":"<p>Service \u00e0 th\u00e9 \u00ab\u00a0chinois\u00a0\u00bb compos\u00e9 d\u2019une th\u00e9i\u00e8re, pot \u00e0 lait, sucrier, 10 tasses et 11 sous-tasses, ainsi que 8 assiettes \u00e0 dessert. D\u2019origine inconnue, les pi\u00e8ces propos\u00e9es sont en bon \u00e9tat.<\/p>\n<div>R\u00e9f 28.93<\/div>\n","protected":false},"excerpt":{"rendered":"<p>Service \u00e0 th\u00e9 \u00ab\u00a0chinois\u00a0\u00bb compos\u00e9 d\u2019une th\u00e9i\u00e8re, pot \u00e0 lait, sucrier, 10 tasses et 11 sous-tasses, ainsi que 8 assiettes \u00e0 dessert. D\u2019origine inconnue, les pi\u00e8ces propos\u00e9es sont en bon \u00e9tat. R\u00e9f 28.93<\/p>\n","protected":false},"featured_media":7483,"comment_status":"open","ping_status":"closed","template":"","meta":{"neve_meta_sidebar":"","neve_meta_container":"","neve_meta_enable_content_width":"off","neve_meta_content_width":100,"neve_meta_title_alignment":"","neve_meta_author_avatar":"","neve_post_elements_order":"","neve_meta_disable_header":"","neve_meta_disable_footer":"","neve_meta_disable_title":""},"product_brand":[],"product_cat":[16],"product_tag":[],"class_list":{"0":"post-7482","1":"product","2":"type-product","3":"status-publish","4":"has-post-thumbnail","6":"product_cat-ceramique","8":"first","9":"instock","10":"shipping-taxable","11":"purchasable","12":"product-type-simple"},"_links":{"self":[{"href":"https:\/\/legrenierdelatour.be\/brocante\/wp-json\/wp\/v2\/product\/7482","targetHints":{"allow":["GET"]}}],"collection":[{"href":"https:\/\/legrenierdelatour.be\/brocante\/wp-json\/wp\/v2\/product"}],"about":[{"href":"https:\/\/legrenierdelatour.be\/brocante\/wp-json\/wp\/v2\/types\/product"}],"replies":[{"embeddable":true,"href":"https:\/\/legrenierdelatour.be\/brocante\/wp-json\/wp\/v2\/comments?post=7482"}],"wp:featuredmedia":[{"embeddable":true,"href":"https:\/\/legrenierdelatour.be\/brocante\/wp-json\/wp\/v2\/media\/7483"}],"wp:attachment":[{"href":"https:\/\/legrenierdelatour.be\/brocante\/wp-json\/wp\/v2\/media?parent=7482"}],"wp:term":[{"taxonomy":"product_brand","embeddable":true,"href":"https:\/\/legrenierdelatour.be\/brocante\/wp-json\/wp\/v2\/product_brand?post=7482"},{"taxonomy":"product_cat","embeddable":true,"href":"https:\/\/legrenierdelatour.be\/brocante\/wp-json\/wp\/v2\/product_cat?post=7482"},{"taxonomy":"product_tag","embeddable":true,"href":"https:\/\/legrenierdelatour.be\/brocante\/wp-json\/wp\/v2\/product_tag?post=7482"}],"curies":[{"name":"wp","href":"https:\/\/api.w.org\/{rel}","templated":true}]}}