{"id":748,"date":"2022-03-14T10:46:59","date_gmt":"2022-03-14T09:46:59","guid":{"rendered":"https:\/\/legrenierdelatour.be\/brocante\/?post_type=product&#038;p=748"},"modified":"2022-05-19T16:55:51","modified_gmt":"2022-05-19T14:55:51","slug":"plat-en-verre-rose-pavillons","status":"publish","type":"product","link":"https:\/\/legrenierdelatour.be\/brocante\/produit\/plat-en-verre-rose-pavillons\/","title":{"rendered":"Plat en verre rose \u00ab\u00a0Pavillons\u00a0\u00bb"},"content":{"rendered":"<p>Petit plat en verre rose moul\u00e9 press\u00e9 (20 cm diam\u00e8tre), produit par la cristallerie de Manage\/Pavillons (1922-1954). Ce joli plat pr\u00e9sente quelques coups non visibles en-dessous. Il est de la m\u00eame collection que l\u2019article R\u00e9f 8.51.<\/p>\n<div>R\u00e9f 9.40<\/div>\n","protected":false},"excerpt":{"rendered":"<p>Petit plat en verre rose moul\u00e9 press\u00e9 (20 cm diam\u00e8tre), produit par la cristallerie de Manage\/Pavillons (1922-1954). Ce joli plat pr\u00e9sente quelques coups non visibles en-dessous. Il est de la m\u00eame collection que l\u2019article R\u00e9f 8.51. R\u00e9f 9.40<\/p>\n","protected":false},"featured_media":749,"comment_status":"open","ping_status":"closed","template":"","meta":{"neve_meta_sidebar":"","neve_meta_container":"","neve_meta_enable_content_width":"off","neve_meta_content_width":100,"neve_meta_title_alignment":"","neve_meta_author_avatar":"","neve_post_elements_order":"","neve_meta_disable_header":"","neve_meta_disable_footer":"","neve_meta_disable_title":""},"product_brand":[],"product_cat":[172,72,162,22],"product_tag":[40,73,28],"class_list":{"0":"post-748","1":"product","2":"type-product","3":"status-publish","4":"has-post-thumbnail","6":"product_cat-en-cuisine","7":"product_cat-pavillons","8":"product_cat-productions-belges","9":"product_cat-verrerie","10":"product_tag-belgique","11":"product_tag-pavillons","12":"product_tag-vintage","14":"first","15":"instock","16":"shipping-taxable","17":"purchasable","18":"product-type-simple"},"_links":{"self":[{"href":"https:\/\/legrenierdelatour.be\/brocante\/wp-json\/wp\/v2\/product\/748","targetHints":{"allow":["GET"]}}],"collection":[{"href":"https:\/\/legrenierdelatour.be\/brocante\/wp-json\/wp\/v2\/product"}],"about":[{"href":"https:\/\/legrenierdelatour.be\/brocante\/wp-json\/wp\/v2\/types\/product"}],"replies":[{"embeddable":true,"href":"https:\/\/legrenierdelatour.be\/brocante\/wp-json\/wp\/v2\/comments?post=748"}],"wp:featuredmedia":[{"embeddable":true,"href":"https:\/\/legrenierdelatour.be\/brocante\/wp-json\/wp\/v2\/media\/749"}],"wp:attachment":[{"href":"https:\/\/legrenierdelatour.be\/brocante\/wp-json\/wp\/v2\/media?parent=748"}],"wp:term":[{"taxonomy":"product_brand","embeddable":true,"href":"https:\/\/legrenierdelatour.be\/brocante\/wp-json\/wp\/v2\/product_brand?post=748"},{"taxonomy":"product_cat","embeddable":true,"href":"https:\/\/legrenierdelatour.be\/brocante\/wp-json\/wp\/v2\/product_cat?post=748"},{"taxonomy":"product_tag","embeddable":true,"href":"https:\/\/legrenierdelatour.be\/brocante\/wp-json\/wp\/v2\/product_tag?post=748"}],"curies":[{"name":"wp","href":"https:\/\/api.w.org\/{rel}","templated":true}]}}