{"id":7406,"date":"2024-02-21T19:45:37","date_gmt":"2024-02-21T18:45:37","guid":{"rendered":"https:\/\/legrenierdelatour.be\/brocante\/?post_type=product&#038;p=7406"},"modified":"2024-02-21T19:45:38","modified_gmt":"2024-02-21T18:45:38","slug":"vase-west-germany-carstens-7055-45","status":"publish","type":"product","link":"https:\/\/legrenierdelatour.be\/brocante\/produit\/vase-west-germany-carstens-7055-45\/","title":{"rendered":"Vase West Germany, Carstens 7055-45"},"content":{"rendered":"<p>Beau vase (45 cm de haut) West Germany, produit par la manufacture Carstens (1945-1987) \u00e0 T\u00f6nnishof en Allemagne. Avec son beau d\u00e9cor Fat Lava aux couleurs naturelles, il date sans doute des ann\u00e9es 1960-70. Il est en bon \u00e9tat.<\/p>\n<div>R\u00e9f 28.66<\/div>\n","protected":false},"excerpt":{"rendered":"<p>Beau vase (45 cm de haut) West Germany, produit par la manufacture Carstens (1945-1987) \u00e0 T\u00f6nnishof en Allemagne. Avec son beau d\u00e9cor Fat Lava aux couleurs naturelles, il date sans doute des ann\u00e9es 1960-70. Il est en bon \u00e9tat. R\u00e9f 28.66<\/p>\n","protected":false},"featured_media":7407,"comment_status":"open","ping_status":"closed","template":"","meta":{"neve_meta_sidebar":"","neve_meta_container":"","neve_meta_enable_content_width":"off","neve_meta_content_width":100,"neve_meta_title_alignment":"","neve_meta_author_avatar":"","neve_post_elements_order":"","neve_meta_disable_header":"","neve_meta_disable_footer":"","neve_meta_disable_title":""},"product_brand":[],"product_cat":[48,16,47],"product_tag":[28],"class_list":{"0":"post-7406","1":"product","2":"type-product","3":"status-publish","4":"has-post-thumbnail","6":"product_cat-allemagne","7":"product_cat-ceramique","8":"product_cat-west-germany","9":"product_tag-vintage","11":"first","12":"instock","13":"shipping-taxable","14":"purchasable","15":"product-type-simple"},"_links":{"self":[{"href":"https:\/\/legrenierdelatour.be\/brocante\/wp-json\/wp\/v2\/product\/7406","targetHints":{"allow":["GET"]}}],"collection":[{"href":"https:\/\/legrenierdelatour.be\/brocante\/wp-json\/wp\/v2\/product"}],"about":[{"href":"https:\/\/legrenierdelatour.be\/brocante\/wp-json\/wp\/v2\/types\/product"}],"replies":[{"embeddable":true,"href":"https:\/\/legrenierdelatour.be\/brocante\/wp-json\/wp\/v2\/comments?post=7406"}],"wp:featuredmedia":[{"embeddable":true,"href":"https:\/\/legrenierdelatour.be\/brocante\/wp-json\/wp\/v2\/media\/7407"}],"wp:attachment":[{"href":"https:\/\/legrenierdelatour.be\/brocante\/wp-json\/wp\/v2\/media?parent=7406"}],"wp:term":[{"taxonomy":"product_brand","embeddable":true,"href":"https:\/\/legrenierdelatour.be\/brocante\/wp-json\/wp\/v2\/product_brand?post=7406"},{"taxonomy":"product_cat","embeddable":true,"href":"https:\/\/legrenierdelatour.be\/brocante\/wp-json\/wp\/v2\/product_cat?post=7406"},{"taxonomy":"product_tag","embeddable":true,"href":"https:\/\/legrenierdelatour.be\/brocante\/wp-json\/wp\/v2\/product_tag?post=7406"}],"curies":[{"name":"wp","href":"https:\/\/api.w.org\/{rel}","templated":true}]}}