{"id":7388,"date":"2024-02-17T20:41:17","date_gmt":"2024-02-17T19:41:17","guid":{"rendered":"https:\/\/legrenierdelatour.be\/brocante\/?post_type=product&#038;p=7388"},"modified":"2024-05-24T19:45:37","modified_gmt":"2024-05-24T17:45:37","slug":"tasse-et-sous-tasse-en-verre-ambre-nestle","status":"publish","type":"product","link":"https:\/\/legrenierdelatour.be\/brocante\/produit\/tasse-et-sous-tasse-en-verre-ambre-nestle\/","title":{"rendered":"Tasse et sous-tasse en verre ambr\u00e9 Nestl\u00e9"},"content":{"rendered":"<div>Une tasse (8,5 cm de diam\u00e8tre) et sous-tasse (14 cm de diam\u00e8tre)\u00a0en verre de couleur ambr\u00e9e, issu sans doute d&rsquo;une manufacture fran\u00e7aise. Cet ensemble date des ann\u00e9es 1970 et est en parfait \u00e9tat. Elle a \u00e9t\u00e9 \u00e9dit\u00e9e pour la marque Nestl\u00e9 (marqu\u00e9 sous chaque pi\u00e8ce).<\/div>\n<div>Deux ensembles\u00a0disponibles vendus s\u00e9par\u00e9ment au prix de 6\u20ac. Deux tasses disponibles au prix de 4\u20ac pi\u00e8ce.<\/div>\n<div>\n<div>R\u00e9f 28.60<\/div>\n<\/div>\n","protected":false},"excerpt":{"rendered":"<p>Une tasse (8,5 cm de diam\u00e8tre) et sous-tasse (14 cm de diam\u00e8tre)\u00a0en verre de couleur ambr\u00e9e, issu sans doute d&rsquo;une manufacture fran\u00e7aise. Cet ensemble date des ann\u00e9es 1970 et est en parfait \u00e9tat. Elle a \u00e9t\u00e9 \u00e9dit\u00e9e pour la marque Nestl\u00e9 (marqu\u00e9 sous chaque pi\u00e8ce). Deux ensembles\u00a0disponibles vendus s\u00e9par\u00e9ment au prix de 6\u20ac. Deux tasses&hellip;&nbsp;<a href=\"https:\/\/legrenierdelatour.be\/brocante\/produit\/tasse-et-sous-tasse-en-verre-ambre-nestle\/\" class=\"\" rel=\"bookmark\">Lire la suite &raquo;<span class=\"screen-reader-text\">Tasse et sous-tasse en verre ambr\u00e9 Nestl\u00e9<\/span><\/a><\/p>\n","protected":false},"featured_media":7389,"comment_status":"open","ping_status":"closed","template":"","meta":{"neve_meta_sidebar":"","neve_meta_container":"","neve_meta_enable_content_width":"off","neve_meta_content_width":100,"neve_meta_title_alignment":"","neve_meta_author_avatar":"","neve_post_elements_order":"","neve_meta_disable_header":"","neve_meta_disable_footer":"","neve_meta_disable_title":""},"product_brand":[],"product_cat":[172,173,163,22],"product_tag":[],"class_list":{"0":"post-7388","1":"product","2":"type-product","3":"status-publish","4":"has-post-thumbnail","6":"product_cat-en-cuisine","7":"product_cat-objets-de-publicite","8":"product_cat-productions-francaises","9":"product_cat-verrerie","11":"first","12":"instock","13":"shipping-taxable","14":"purchasable","15":"product-type-simple"},"_links":{"self":[{"href":"https:\/\/legrenierdelatour.be\/brocante\/wp-json\/wp\/v2\/product\/7388","targetHints":{"allow":["GET"]}}],"collection":[{"href":"https:\/\/legrenierdelatour.be\/brocante\/wp-json\/wp\/v2\/product"}],"about":[{"href":"https:\/\/legrenierdelatour.be\/brocante\/wp-json\/wp\/v2\/types\/product"}],"replies":[{"embeddable":true,"href":"https:\/\/legrenierdelatour.be\/brocante\/wp-json\/wp\/v2\/comments?post=7388"}],"wp:featuredmedia":[{"embeddable":true,"href":"https:\/\/legrenierdelatour.be\/brocante\/wp-json\/wp\/v2\/media\/7389"}],"wp:attachment":[{"href":"https:\/\/legrenierdelatour.be\/brocante\/wp-json\/wp\/v2\/media?parent=7388"}],"wp:term":[{"taxonomy":"product_brand","embeddable":true,"href":"https:\/\/legrenierdelatour.be\/brocante\/wp-json\/wp\/v2\/product_brand?post=7388"},{"taxonomy":"product_cat","embeddable":true,"href":"https:\/\/legrenierdelatour.be\/brocante\/wp-json\/wp\/v2\/product_cat?post=7388"},{"taxonomy":"product_tag","embeddable":true,"href":"https:\/\/legrenierdelatour.be\/brocante\/wp-json\/wp\/v2\/product_tag?post=7388"}],"curies":[{"name":"wp","href":"https:\/\/api.w.org\/{rel}","templated":true}]}}