{"id":7385,"date":"2024-02-17T20:24:46","date_gmt":"2024-02-17T19:24:46","guid":{"rendered":"https:\/\/legrenierdelatour.be\/brocante\/?post_type=product&#038;p=7385"},"modified":"2024-02-17T20:24:46","modified_gmt":"2024-02-17T19:24:46","slug":"plat-a-fruits-en-verre-sur-pied-en-metal","status":"publish","type":"product","link":"https:\/\/legrenierdelatour.be\/brocante\/produit\/plat-a-fruits-en-verre-sur-pied-en-metal\/","title":{"rendered":"Plat \u00e0 fruits en verre sur pied en m\u00e9tal"},"content":{"rendered":"<p>Plat \u00e0 fruits en verre moul\u00e9 (23 cm de diam\u00e8tre) sur un pied en m\u00e9tal. Une broderie se loge entre ces deux \u00e9l\u00e9ments. Le plat est en tr\u00e8s bon \u00e9tat.<\/p>\n<div>R\u00e9f 28.59<\/div>\n","protected":false},"excerpt":{"rendered":"<p>Plat \u00e0 fruits en verre moul\u00e9 (23 cm de diam\u00e8tre) sur un pied en m\u00e9tal. Une broderie se loge entre ces deux \u00e9l\u00e9ments. Le plat est en tr\u00e8s bon \u00e9tat. R\u00e9f 28.59<\/p>\n","protected":false},"featured_media":7386,"comment_status":"open","ping_status":"closed","template":"","meta":{"neve_meta_sidebar":"","neve_meta_container":"","neve_meta_enable_content_width":"off","neve_meta_content_width":100,"neve_meta_title_alignment":"","neve_meta_author_avatar":"","neve_post_elements_order":"","neve_meta_disable_header":"","neve_meta_disable_footer":"","neve_meta_disable_title":""},"product_brand":[],"product_cat":[172],"product_tag":[],"class_list":{"0":"post-7385","1":"product","2":"type-product","3":"status-publish","4":"has-post-thumbnail","6":"product_cat-en-cuisine","8":"first","9":"instock","10":"shipping-taxable","11":"purchasable","12":"product-type-simple"},"_links":{"self":[{"href":"https:\/\/legrenierdelatour.be\/brocante\/wp-json\/wp\/v2\/product\/7385","targetHints":{"allow":["GET"]}}],"collection":[{"href":"https:\/\/legrenierdelatour.be\/brocante\/wp-json\/wp\/v2\/product"}],"about":[{"href":"https:\/\/legrenierdelatour.be\/brocante\/wp-json\/wp\/v2\/types\/product"}],"replies":[{"embeddable":true,"href":"https:\/\/legrenierdelatour.be\/brocante\/wp-json\/wp\/v2\/comments?post=7385"}],"wp:featuredmedia":[{"embeddable":true,"href":"https:\/\/legrenierdelatour.be\/brocante\/wp-json\/wp\/v2\/media\/7386"}],"wp:attachment":[{"href":"https:\/\/legrenierdelatour.be\/brocante\/wp-json\/wp\/v2\/media?parent=7385"}],"wp:term":[{"taxonomy":"product_brand","embeddable":true,"href":"https:\/\/legrenierdelatour.be\/brocante\/wp-json\/wp\/v2\/product_brand?post=7385"},{"taxonomy":"product_cat","embeddable":true,"href":"https:\/\/legrenierdelatour.be\/brocante\/wp-json\/wp\/v2\/product_cat?post=7385"},{"taxonomy":"product_tag","embeddable":true,"href":"https:\/\/legrenierdelatour.be\/brocante\/wp-json\/wp\/v2\/product_tag?post=7385"}],"curies":[{"name":"wp","href":"https:\/\/api.w.org\/{rel}","templated":true}]}}