{"id":7380,"date":"2024-02-17T20:20:24","date_gmt":"2024-02-17T19:20:24","guid":{"rendered":"https:\/\/legrenierdelatour.be\/brocante\/?post_type=product&#038;p=7380"},"modified":"2024-02-17T20:20:24","modified_gmt":"2024-02-17T19:20:24","slug":"cendrier-orval-coceram","status":"publish","type":"product","link":"https:\/\/legrenierdelatour.be\/brocante\/produit\/cendrier-orval-coceram\/","title":{"rendered":"Cendrier Orval Coceram"},"content":{"rendered":"<p>Beau cendrier (13 cm de diam\u00e8tre) en fa\u00efence, produit par Coceram pour Orval. Coceram est une manufacture belge\u00a0fond\u00e9e par les fr\u00e8res Hector et Maurice Colin en 1947. Elle fermait en 1960. L&rsquo;accent de la production a \u00e9t\u00e9 mis sur des pi\u00e8ces, raviers ou cendriers publicitaires, mais on produisait aussi des vases, des pichets et des pi\u00e8ces d\u00e9coratives divers. En tr\u00e8s bon \u00e9tat, ce cendrier date des ann\u00e9es 1950.<\/p>\n<div>R\u00e9f 28.58<\/div>\n","protected":false},"excerpt":{"rendered":"<p>Beau cendrier (13 cm de diam\u00e8tre) en fa\u00efence, produit par Coceram pour Orval. Coceram est une manufacture belge\u00a0fond\u00e9e par les fr\u00e8res Hector et Maurice Colin en 1947. Elle fermait en 1960. L&rsquo;accent de la production a \u00e9t\u00e9 mis sur des pi\u00e8ces, raviers ou cendriers publicitaires, mais on produisait aussi des vases, des pichets et des&hellip;&nbsp;<a href=\"https:\/\/legrenierdelatour.be\/brocante\/produit\/cendrier-orval-coceram\/\" class=\"\" rel=\"bookmark\">Lire la suite &raquo;<span class=\"screen-reader-text\">Cendrier Orval Coceram<\/span><\/a><\/p>\n","protected":false},"featured_media":7381,"comment_status":"open","ping_status":"closed","template":"","meta":{"neve_meta_sidebar":"","neve_meta_container":"","neve_meta_enable_content_width":"off","neve_meta_content_width":100,"neve_meta_title_alignment":"","neve_meta_author_avatar":"","neve_post_elements_order":"","neve_meta_disable_header":"","neve_meta_disable_footer":"","neve_meta_disable_title":""},"product_brand":[],"product_cat":[37,174,16,30,173,31],"product_tag":[],"class_list":{"0":"post-7380","1":"product","2":"type-product","3":"status-publish","4":"has-post-thumbnail","6":"product_cat-belgique","7":"product_cat-coceram","8":"product_cat-ceramique","9":"product_cat-luxemburgensia","10":"product_cat-objets-de-publicite","11":"product_cat-pays-darlon","13":"first","14":"instock","15":"shipping-taxable","16":"purchasable","17":"product-type-simple"},"_links":{"self":[{"href":"https:\/\/legrenierdelatour.be\/brocante\/wp-json\/wp\/v2\/product\/7380","targetHints":{"allow":["GET"]}}],"collection":[{"href":"https:\/\/legrenierdelatour.be\/brocante\/wp-json\/wp\/v2\/product"}],"about":[{"href":"https:\/\/legrenierdelatour.be\/brocante\/wp-json\/wp\/v2\/types\/product"}],"replies":[{"embeddable":true,"href":"https:\/\/legrenierdelatour.be\/brocante\/wp-json\/wp\/v2\/comments?post=7380"}],"wp:featuredmedia":[{"embeddable":true,"href":"https:\/\/legrenierdelatour.be\/brocante\/wp-json\/wp\/v2\/media\/7381"}],"wp:attachment":[{"href":"https:\/\/legrenierdelatour.be\/brocante\/wp-json\/wp\/v2\/media?parent=7380"}],"wp:term":[{"taxonomy":"product_brand","embeddable":true,"href":"https:\/\/legrenierdelatour.be\/brocante\/wp-json\/wp\/v2\/product_brand?post=7380"},{"taxonomy":"product_cat","embeddable":true,"href":"https:\/\/legrenierdelatour.be\/brocante\/wp-json\/wp\/v2\/product_cat?post=7380"},{"taxonomy":"product_tag","embeddable":true,"href":"https:\/\/legrenierdelatour.be\/brocante\/wp-json\/wp\/v2\/product_tag?post=7380"}],"curies":[{"name":"wp","href":"https:\/\/api.w.org\/{rel}","templated":true}]}}