{"id":7376,"date":"2024-02-17T19:51:10","date_gmt":"2024-02-17T18:51:10","guid":{"rendered":"https:\/\/legrenierdelatour.be\/brocante\/?post_type=product&#038;p=7376"},"modified":"2024-02-17T19:51:10","modified_gmt":"2024-02-17T18:51:10","slug":"boite-porcelaine-villeroy-et-boch-circus-de-rolf-knie","status":"publish","type":"product","link":"https:\/\/legrenierdelatour.be\/brocante\/produit\/boite-porcelaine-villeroy-et-boch-circus-de-rolf-knie\/","title":{"rendered":"Bo\u00eete porcelaine Villeroy et Boch, Circus de Rolf Knie"},"content":{"rendered":"<p>Tr\u00e8s belle bo\u00eete avec couvercle (15cm de diam\u00e8tre, 12cm de haut couvercle compris) design\u00e9 par Rolf Knie pour Villeroy &amp; Boch. Rolf Knie est un artiste suisse n\u00e9 \u00e0 Bern en 1949, descendant de la grande dynastie Knie qui a fond\u00e9 le Cirque National Suisse Knie en 1919. Villeroy &amp; Boch a produit cette s\u00e9rie de 1986 \u00e0 1989. La bo\u00eete est dans un \u00e9tat neuf.<\/p>\n<div>R\u00e9f 28.56<\/div>\n","protected":false},"excerpt":{"rendered":"<p>Tr\u00e8s belle bo\u00eete avec couvercle (15cm de diam\u00e8tre, 12cm de haut couvercle compris) design\u00e9 par Rolf Knie pour Villeroy &amp; Boch. Rolf Knie est un artiste suisse n\u00e9 \u00e0 Bern en 1949, descendant de la grande dynastie Knie qui a fond\u00e9 le Cirque National Suisse Knie en 1919. Villeroy &amp; Boch a produit cette s\u00e9rie&hellip;&nbsp;<a href=\"https:\/\/legrenierdelatour.be\/brocante\/produit\/boite-porcelaine-villeroy-et-boch-circus-de-rolf-knie\/\" class=\"\" rel=\"bookmark\">Lire la suite &raquo;<span class=\"screen-reader-text\">Bo\u00eete porcelaine Villeroy et Boch, Circus de Rolf Knie<\/span><\/a><\/p>\n","protected":false},"featured_media":7373,"comment_status":"open","ping_status":"closed","template":"","meta":{"neve_meta_sidebar":"","neve_meta_container":"","neve_meta_enable_content_width":"off","neve_meta_content_width":100,"neve_meta_title_alignment":"","neve_meta_author_avatar":"","neve_post_elements_order":"","neve_meta_disable_header":"","neve_meta_disable_footer":"","neve_meta_disable_title":""},"product_brand":[],"product_cat":[16,165,167,29],"product_tag":[],"class_list":{"0":"post-7376","1":"product","2":"type-product","3":"status-publish","4":"has-post-thumbnail","6":"product_cat-ceramique","7":"product_cat-luxembourg","8":"product_cat-peintures-et-sculptures","9":"product_cat-villeroy-boch","11":"first","12":"instock","13":"shipping-taxable","14":"purchasable","15":"product-type-simple"},"_links":{"self":[{"href":"https:\/\/legrenierdelatour.be\/brocante\/wp-json\/wp\/v2\/product\/7376","targetHints":{"allow":["GET"]}}],"collection":[{"href":"https:\/\/legrenierdelatour.be\/brocante\/wp-json\/wp\/v2\/product"}],"about":[{"href":"https:\/\/legrenierdelatour.be\/brocante\/wp-json\/wp\/v2\/types\/product"}],"replies":[{"embeddable":true,"href":"https:\/\/legrenierdelatour.be\/brocante\/wp-json\/wp\/v2\/comments?post=7376"}],"wp:featuredmedia":[{"embeddable":true,"href":"https:\/\/legrenierdelatour.be\/brocante\/wp-json\/wp\/v2\/media\/7373"}],"wp:attachment":[{"href":"https:\/\/legrenierdelatour.be\/brocante\/wp-json\/wp\/v2\/media?parent=7376"}],"wp:term":[{"taxonomy":"product_brand","embeddable":true,"href":"https:\/\/legrenierdelatour.be\/brocante\/wp-json\/wp\/v2\/product_brand?post=7376"},{"taxonomy":"product_cat","embeddable":true,"href":"https:\/\/legrenierdelatour.be\/brocante\/wp-json\/wp\/v2\/product_cat?post=7376"},{"taxonomy":"product_tag","embeddable":true,"href":"https:\/\/legrenierdelatour.be\/brocante\/wp-json\/wp\/v2\/product_tag?post=7376"}],"curies":[{"name":"wp","href":"https:\/\/api.w.org\/{rel}","templated":true}]}}