{"id":7363,"date":"2024-02-16T21:18:53","date_gmt":"2024-02-16T20:18:53","guid":{"rendered":"https:\/\/legrenierdelatour.be\/brocante\/?post_type=product&#038;p=7363"},"modified":"2024-02-16T21:26:18","modified_gmt":"2024-02-16T20:26:18","slug":"gravures-vue-du-rham-jos-oestreicher","status":"publish","type":"product","link":"https:\/\/legrenierdelatour.be\/brocante\/produit\/gravures-vue-du-rham-jos-oestreicher\/","title":{"rendered":"Gravure Vue du Rham, Jos Oestreicher"},"content":{"rendered":"<p>Gravure (10 x 6,5 cm hors encadrement) de Jos(eph) Oestreicher (n\u00e9 en 1930) artiste peintre luxembourgeois de Dudelange, membre du CAL (Cercle des Artistes luxembourgeois). Il s\u2019agit de 3 gravures repr\u00e9sentant des vues de Luxembourg. Elle est\u00a0sign\u00e9e et num\u00e9rot\u00e9e 21\/150.<\/p>\n<div>R\u00e9f 28.52<\/div>\n","protected":false},"excerpt":{"rendered":"<p>Gravure (10 x 6,5 cm hors encadrement) de Jos(eph) Oestreicher (n\u00e9 en 1930) artiste peintre luxembourgeois de Dudelange, membre du CAL (Cercle des Artistes luxembourgeois). Il s\u2019agit de 3 gravures repr\u00e9sentant des vues de Luxembourg. Elle est\u00a0sign\u00e9e et num\u00e9rot\u00e9e 21\/150. R\u00e9f 28.52<\/p>\n","protected":false},"featured_media":7353,"comment_status":"open","ping_status":"closed","template":"","meta":{"neve_meta_sidebar":"","neve_meta_container":"","neve_meta_enable_content_width":"off","neve_meta_content_width":100,"neve_meta_title_alignment":"","neve_meta_author_avatar":"","neve_post_elements_order":"","neve_meta_disable_header":"","neve_meta_disable_footer":"","neve_meta_disable_title":""},"product_brand":[],"product_cat":[30,166,167],"product_tag":[],"class_list":{"0":"post-7363","1":"product","2":"type-product","3":"status-publish","4":"has-post-thumbnail","6":"product_cat-luxemburgensia","7":"product_cat-luxemburgensia-luxemburgensia","8":"product_cat-peintures-et-sculptures","10":"first","11":"instock","12":"shipping-taxable","13":"purchasable","14":"product-type-simple"},"_links":{"self":[{"href":"https:\/\/legrenierdelatour.be\/brocante\/wp-json\/wp\/v2\/product\/7363","targetHints":{"allow":["GET"]}}],"collection":[{"href":"https:\/\/legrenierdelatour.be\/brocante\/wp-json\/wp\/v2\/product"}],"about":[{"href":"https:\/\/legrenierdelatour.be\/brocante\/wp-json\/wp\/v2\/types\/product"}],"replies":[{"embeddable":true,"href":"https:\/\/legrenierdelatour.be\/brocante\/wp-json\/wp\/v2\/comments?post=7363"}],"wp:featuredmedia":[{"embeddable":true,"href":"https:\/\/legrenierdelatour.be\/brocante\/wp-json\/wp\/v2\/media\/7353"}],"wp:attachment":[{"href":"https:\/\/legrenierdelatour.be\/brocante\/wp-json\/wp\/v2\/media?parent=7363"}],"wp:term":[{"taxonomy":"product_brand","embeddable":true,"href":"https:\/\/legrenierdelatour.be\/brocante\/wp-json\/wp\/v2\/product_brand?post=7363"},{"taxonomy":"product_cat","embeddable":true,"href":"https:\/\/legrenierdelatour.be\/brocante\/wp-json\/wp\/v2\/product_cat?post=7363"},{"taxonomy":"product_tag","embeddable":true,"href":"https:\/\/legrenierdelatour.be\/brocante\/wp-json\/wp\/v2\/product_tag?post=7363"}],"curies":[{"name":"wp","href":"https:\/\/api.w.org\/{rel}","templated":true}]}}