{"id":731,"date":"2022-03-13T15:41:13","date_gmt":"2022-03-13T14:41:13","guid":{"rendered":"https:\/\/legrenierdelatour.be\/brocante\/?post_type=product&#038;p=731"},"modified":"2022-05-19T16:59:02","modified_gmt":"2022-05-19T14:59:02","slug":"medaille-de-bronze-chevre-ministere-de-lagriculture","status":"publish","type":"product","link":"https:\/\/legrenierdelatour.be\/brocante\/produit\/medaille-de-bronze-chevre-ministere-de-lagriculture\/","title":{"rendered":"M\u00e9daille de bronze \u00ab\u00a0Ch\u00e8vre\u00a0\u00bb Minist\u00e8re de l&rsquo;agriculture"},"content":{"rendered":"<p>M\u00e9daille en bronze (5 cm diam\u00e8tre), \u00e9dit\u00e9e par le Minisit\u00e8re de l\u2019agriculture de Belgique, et repr\u00e9sentant une ch\u00e8vre. L\u2019\u00e9tat de cette pi\u00e8ce est moyen, sa patine a visiblement souffert et n\u00e9cessite un nettoyage appropri\u00e9.<\/p>\n<div>R\u00e9f 9.34<\/div>\n","protected":false},"excerpt":{"rendered":"<p>M\u00e9daille en bronze (5 cm diam\u00e8tre), \u00e9dit\u00e9e par le Minisit\u00e8re de l\u2019agriculture de Belgique, et repr\u00e9sentant une ch\u00e8vre. L\u2019\u00e9tat de cette pi\u00e8ce est moyen, sa patine a visiblement souffert et n\u00e9cessite un nettoyage appropri\u00e9. R\u00e9f 9.34<\/p>\n","protected":false},"featured_media":727,"comment_status":"open","ping_status":"closed","template":"","meta":{"neve_meta_sidebar":"","neve_meta_container":"","neve_meta_enable_content_width":"off","neve_meta_content_width":100,"neve_meta_title_alignment":"","neve_meta_author_avatar":"","neve_post_elements_order":"","neve_meta_disable_header":"","neve_meta_disable_footer":"","neve_meta_disable_title":""},"product_brand":[],"product_cat":[183,109,69],"product_tag":[],"class_list":{"0":"post-731","1":"product","2":"type-product","3":"status-publish","4":"has-post-thumbnail","6":"product_cat-bureau-et-fumoir","7":"product_cat-metal","8":"product_cat-numismatique","10":"first","11":"instock","12":"shipping-taxable","13":"purchasable","14":"product-type-simple"},"_links":{"self":[{"href":"https:\/\/legrenierdelatour.be\/brocante\/wp-json\/wp\/v2\/product\/731","targetHints":{"allow":["GET"]}}],"collection":[{"href":"https:\/\/legrenierdelatour.be\/brocante\/wp-json\/wp\/v2\/product"}],"about":[{"href":"https:\/\/legrenierdelatour.be\/brocante\/wp-json\/wp\/v2\/types\/product"}],"replies":[{"embeddable":true,"href":"https:\/\/legrenierdelatour.be\/brocante\/wp-json\/wp\/v2\/comments?post=731"}],"wp:featuredmedia":[{"embeddable":true,"href":"https:\/\/legrenierdelatour.be\/brocante\/wp-json\/wp\/v2\/media\/727"}],"wp:attachment":[{"href":"https:\/\/legrenierdelatour.be\/brocante\/wp-json\/wp\/v2\/media?parent=731"}],"wp:term":[{"taxonomy":"product_brand","embeddable":true,"href":"https:\/\/legrenierdelatour.be\/brocante\/wp-json\/wp\/v2\/product_brand?post=731"},{"taxonomy":"product_cat","embeddable":true,"href":"https:\/\/legrenierdelatour.be\/brocante\/wp-json\/wp\/v2\/product_cat?post=731"},{"taxonomy":"product_tag","embeddable":true,"href":"https:\/\/legrenierdelatour.be\/brocante\/wp-json\/wp\/v2\/product_tag?post=731"}],"curies":[{"name":"wp","href":"https:\/\/api.w.org\/{rel}","templated":true}]}}