{"id":7301,"date":"2024-02-14T18:27:47","date_gmt":"2024-02-14T17:27:47","guid":{"rendered":"https:\/\/legrenierdelatour.be\/brocante\/?post_type=product&#038;p=7301"},"modified":"2024-02-14T18:27:47","modified_gmt":"2024-02-14T17:27:47","slug":"la-nothomb-a-nothomb-emile-meyers-1949","status":"publish","type":"product","link":"https:\/\/legrenierdelatour.be\/brocante\/produit\/la-nothomb-a-nothomb-emile-meyers-1949\/","title":{"rendered":"La Nothomb \u00e0 Nothomb, Emile Meyers 1949"},"content":{"rendered":"<p>Peinture \u00e0 l\u2019huile sur toile de jute (34,5&#215;45 cm hors cadre) intitul\u00e9e \u00ab\u00a0La Nothomb \u00e0 Nothomb 1949\u00a0\u00bb et sign\u00e9e par Emile Meyers, peintre de l\u2019ArelerLand du XX\u00e8 si\u00e8cle. Cette toile n\u2019est pas vernie.<br \/>\nEmile Meyers est n\u00e9 \u00e0 Nothomb en 1907. Il travaill comme instituteur \u00e0 l\u2019Isma \u00e0 Arlon de 1828 \u00e0 1939, ann\u00e9e o\u00f9 il r\u00e9ussit le jury central en dessin ce qui lui permit d\u2019enseigner en secondaire. Ilresta \u00e0 l\u2019ISMA jusqu\u2019en 1967, ann\u00e9e de sa pension. El\u00e8ve de Fr\u00e8re Adrien (Jules Deny), il suivra \u00e9galement des cours \u00e0 Paris puuis chez l\u2019arlonais Jean-Baptiste Lamb\u00e9. Premi\u00e8re exposition en 1952 \u00e0 Arlon, puis \u00e0 Vresse \u00ab\u00a0Peintres de la For\u00eat\u00a0\u00bb. Ensite il renon\u00e7a \u00e0 montrer ses oeuvres au public.<br \/>\nR\u00e9f P38<\/p>\n","protected":false},"excerpt":{"rendered":"<p>Peinture \u00e0 l\u2019huile sur toile de jute (34,5&#215;45 cm hors cadre) intitul\u00e9e \u00ab\u00a0La Nothomb \u00e0 Nothomb 1949\u00a0\u00bb et sign\u00e9e par Emile Meyers, peintre de l\u2019ArelerLand du XX\u00e8 si\u00e8cle. Cette toile n\u2019est pas vernie. Emile Meyers est n\u00e9 \u00e0 Nothomb en 1907. Il travaill comme instituteur \u00e0 l\u2019Isma \u00e0 Arlon de 1828 \u00e0 1939, ann\u00e9e o\u00f9&hellip;&nbsp;<a href=\"https:\/\/legrenierdelatour.be\/brocante\/produit\/la-nothomb-a-nothomb-emile-meyers-1949\/\" class=\"\" rel=\"bookmark\">Lire la suite &raquo;<span class=\"screen-reader-text\">La Nothomb \u00e0 Nothomb, Emile Meyers 1949<\/span><\/a><\/p>\n","protected":false},"featured_media":7304,"comment_status":"open","ping_status":"closed","template":"","meta":{"neve_meta_sidebar":"","neve_meta_container":"","neve_meta_enable_content_width":"off","neve_meta_content_width":100,"neve_meta_title_alignment":"","neve_meta_author_avatar":"","neve_post_elements_order":"","neve_meta_disable_header":"","neve_meta_disable_footer":"","neve_meta_disable_title":""},"product_brand":[],"product_cat":[30,31,167],"product_tag":[],"class_list":{"0":"post-7301","1":"product","2":"type-product","3":"status-publish","4":"has-post-thumbnail","6":"product_cat-luxemburgensia","7":"product_cat-pays-darlon","8":"product_cat-peintures-et-sculptures","10":"first","11":"instock","12":"shipping-taxable","13":"purchasable","14":"product-type-simple"},"_links":{"self":[{"href":"https:\/\/legrenierdelatour.be\/brocante\/wp-json\/wp\/v2\/product\/7301","targetHints":{"allow":["GET"]}}],"collection":[{"href":"https:\/\/legrenierdelatour.be\/brocante\/wp-json\/wp\/v2\/product"}],"about":[{"href":"https:\/\/legrenierdelatour.be\/brocante\/wp-json\/wp\/v2\/types\/product"}],"replies":[{"embeddable":true,"href":"https:\/\/legrenierdelatour.be\/brocante\/wp-json\/wp\/v2\/comments?post=7301"}],"wp:featuredmedia":[{"embeddable":true,"href":"https:\/\/legrenierdelatour.be\/brocante\/wp-json\/wp\/v2\/media\/7304"}],"wp:attachment":[{"href":"https:\/\/legrenierdelatour.be\/brocante\/wp-json\/wp\/v2\/media?parent=7301"}],"wp:term":[{"taxonomy":"product_brand","embeddable":true,"href":"https:\/\/legrenierdelatour.be\/brocante\/wp-json\/wp\/v2\/product_brand?post=7301"},{"taxonomy":"product_cat","embeddable":true,"href":"https:\/\/legrenierdelatour.be\/brocante\/wp-json\/wp\/v2\/product_cat?post=7301"},{"taxonomy":"product_tag","embeddable":true,"href":"https:\/\/legrenierdelatour.be\/brocante\/wp-json\/wp\/v2\/product_tag?post=7301"}],"curies":[{"name":"wp","href":"https:\/\/api.w.org\/{rel}","templated":true}]}}