{"id":7294,"date":"2024-02-13T13:33:30","date_gmt":"2024-02-13T12:33:30","guid":{"rendered":"https:\/\/legrenierdelatour.be\/brocante\/?post_type=product&#038;p=7294"},"modified":"2024-02-13T13:33:31","modified_gmt":"2024-02-13T12:33:31","slug":"ensemble-de-toilette-en-verre-vert-art-deco","status":"publish","type":"product","link":"https:\/\/legrenierdelatour.be\/brocante\/produit\/ensemble-de-toilette-en-verre-vert-art-deco\/","title":{"rendered":"Ensemble de toilette en verre vert, Art d\u00e9co"},"content":{"rendered":"<p>Deux \u00e9l\u00e9ments de toilette en verre moul\u00e9 compos\u00e9 d\u2019une bo\u00eete avec couvercle et d\u2019un plateau. Ils sont de style Art D\u00e9co et datent sans doute des ann\u00e9es 1930-50.<\/p>\n<div>Ils sont vendus ensemble au prix de 20\u20ac<\/div>\n<div>R\u00e9f 28.32<\/div>\n","protected":false},"excerpt":{"rendered":"<p>Deux \u00e9l\u00e9ments de toilette en verre moul\u00e9 compos\u00e9 d\u2019une bo\u00eete avec couvercle et d\u2019un plateau. Ils sont de style Art D\u00e9co et datent sans doute des ann\u00e9es 1930-50. Ils sont vendus ensemble au prix de 20\u20ac R\u00e9f 28.32<\/p>\n","protected":false},"featured_media":7295,"comment_status":"open","ping_status":"closed","template":"","meta":{"neve_meta_sidebar":"","neve_meta_container":"","neve_meta_enable_content_width":"off","neve_meta_content_width":100,"neve_meta_title_alignment":"","neve_meta_author_avatar":"","neve_post_elements_order":"","neve_meta_disable_header":"","neve_meta_disable_footer":"","neve_meta_disable_title":""},"product_brand":[],"product_cat":[22],"product_tag":[21],"class_list":{"0":"post-7294","1":"product","2":"type-product","3":"status-publish","4":"has-post-thumbnail","6":"product_cat-verrerie","7":"product_tag-art-deco","9":"first","10":"instock","11":"shipping-taxable","12":"purchasable","13":"product-type-simple"},"_links":{"self":[{"href":"https:\/\/legrenierdelatour.be\/brocante\/wp-json\/wp\/v2\/product\/7294","targetHints":{"allow":["GET"]}}],"collection":[{"href":"https:\/\/legrenierdelatour.be\/brocante\/wp-json\/wp\/v2\/product"}],"about":[{"href":"https:\/\/legrenierdelatour.be\/brocante\/wp-json\/wp\/v2\/types\/product"}],"replies":[{"embeddable":true,"href":"https:\/\/legrenierdelatour.be\/brocante\/wp-json\/wp\/v2\/comments?post=7294"}],"wp:featuredmedia":[{"embeddable":true,"href":"https:\/\/legrenierdelatour.be\/brocante\/wp-json\/wp\/v2\/media\/7295"}],"wp:attachment":[{"href":"https:\/\/legrenierdelatour.be\/brocante\/wp-json\/wp\/v2\/media?parent=7294"}],"wp:term":[{"taxonomy":"product_brand","embeddable":true,"href":"https:\/\/legrenierdelatour.be\/brocante\/wp-json\/wp\/v2\/product_brand?post=7294"},{"taxonomy":"product_cat","embeddable":true,"href":"https:\/\/legrenierdelatour.be\/brocante\/wp-json\/wp\/v2\/product_cat?post=7294"},{"taxonomy":"product_tag","embeddable":true,"href":"https:\/\/legrenierdelatour.be\/brocante\/wp-json\/wp\/v2\/product_tag?post=7294"}],"curies":[{"name":"wp","href":"https:\/\/api.w.org\/{rel}","templated":true}]}}