{"id":7271,"date":"2024-02-13T09:28:46","date_gmt":"2024-02-13T08:28:46","guid":{"rendered":"https:\/\/legrenierdelatour.be\/brocante\/?post_type=product&#038;p=7271"},"modified":"2024-02-13T09:37:01","modified_gmt":"2024-02-13T08:37:01","slug":"plat-en-verre-rose-luxval-villancourt","status":"publish","type":"product","link":"https:\/\/legrenierdelatour.be\/brocante\/produit\/plat-en-verre-rose-luxval-villancourt\/","title":{"rendered":"Plat en verre rose, Luxval, Villancourt"},"content":{"rendered":"<p><span style=\"color: #000000; font-size: medium;\">Beau plat (22 cm de diam\u00e8tre) en verre press\u00e9 moul\u00e9, issu de la collection \u00ab\u00a0Villancourt\u00a0\u00bb de la collection Luxval, Val Saint Lambert (. Les designer en sont Charles Graffart et Ren\u00e9 Delvenne. Produites dans les ann\u00e9es 1930 dans le style Art D\u00e9co, il se trouve dans le catalogue de 1935. Il est en parfait \u00e9tat.\u00a0<\/span><\/p>\n<div>R\u00e9f 28.25<\/div>\n","protected":false},"excerpt":{"rendered":"<p>Beau plat (22 cm de diam\u00e8tre) en verre press\u00e9 moul\u00e9, issu de la collection \u00ab\u00a0Villancourt\u00a0\u00bb de la collection Luxval, Val Saint Lambert (. Les designer en sont Charles Graffart et Ren\u00e9 Delvenne. Produites dans les ann\u00e9es 1930 dans le style Art D\u00e9co, il se trouve dans le catalogue de 1935. Il est en parfait \u00e9tat.\u00a0&hellip;&nbsp;<a href=\"https:\/\/legrenierdelatour.be\/brocante\/produit\/plat-en-verre-rose-luxval-villancourt\/\" class=\"\" rel=\"bookmark\">Lire la suite &raquo;<span class=\"screen-reader-text\">Plat en verre rose, Luxval, Villancourt<\/span><\/a><\/p>\n","protected":false},"featured_media":7273,"comment_status":"open","ping_status":"closed","template":"","meta":{"neve_meta_sidebar":"","neve_meta_container":"","neve_meta_enable_content_width":"off","neve_meta_content_width":100,"neve_meta_title_alignment":"","neve_meta_author_avatar":"","neve_post_elements_order":"","neve_meta_disable_header":"","neve_meta_disable_footer":"","neve_meta_disable_title":""},"product_brand":[],"product_cat":[172,64,162,63,22],"product_tag":[21],"class_list":{"0":"post-7271","1":"product","2":"type-product","3":"status-publish","4":"has-post-thumbnail","6":"product_cat-en-cuisine","7":"product_cat-luxval","8":"product_cat-productions-belges","9":"product_cat-val-saint-lambert","10":"product_cat-verrerie","11":"product_tag-art-deco","13":"first","14":"instock","15":"shipping-taxable","16":"purchasable","17":"product-type-simple"},"_links":{"self":[{"href":"https:\/\/legrenierdelatour.be\/brocante\/wp-json\/wp\/v2\/product\/7271","targetHints":{"allow":["GET"]}}],"collection":[{"href":"https:\/\/legrenierdelatour.be\/brocante\/wp-json\/wp\/v2\/product"}],"about":[{"href":"https:\/\/legrenierdelatour.be\/brocante\/wp-json\/wp\/v2\/types\/product"}],"replies":[{"embeddable":true,"href":"https:\/\/legrenierdelatour.be\/brocante\/wp-json\/wp\/v2\/comments?post=7271"}],"wp:featuredmedia":[{"embeddable":true,"href":"https:\/\/legrenierdelatour.be\/brocante\/wp-json\/wp\/v2\/media\/7273"}],"wp:attachment":[{"href":"https:\/\/legrenierdelatour.be\/brocante\/wp-json\/wp\/v2\/media?parent=7271"}],"wp:term":[{"taxonomy":"product_brand","embeddable":true,"href":"https:\/\/legrenierdelatour.be\/brocante\/wp-json\/wp\/v2\/product_brand?post=7271"},{"taxonomy":"product_cat","embeddable":true,"href":"https:\/\/legrenierdelatour.be\/brocante\/wp-json\/wp\/v2\/product_cat?post=7271"},{"taxonomy":"product_tag","embeddable":true,"href":"https:\/\/legrenierdelatour.be\/brocante\/wp-json\/wp\/v2\/product_tag?post=7271"}],"curies":[{"name":"wp","href":"https:\/\/api.w.org\/{rel}","templated":true}]}}