{"id":7248,"date":"2024-02-13T08:22:39","date_gmt":"2024-02-13T07:22:39","guid":{"rendered":"https:\/\/legrenierdelatour.be\/brocante\/?post_type=product&#038;p=7248"},"modified":"2024-03-05T14:42:21","modified_gmt":"2024-03-05T13:42:21","slug":"plat-compartimente-fruits-et-legumes-villeroy-boch","status":"publish","type":"product","link":"https:\/\/legrenierdelatour.be\/brocante\/produit\/plat-compartimente-fruits-et-legumes-villeroy-boch\/","title":{"rendered":"Plat compartiment\u00e9 \u00ab\u00a0Fruits et l\u00e9gumes\u00a0\u00bb Villeroy &#038; Boch"},"content":{"rendered":"<p>Beau plat \u00e0 l\u00e9gumes compartiment\u00e9 (42 cm de long) avec beau d\u00e9cor de diff\u00e9rents fruits et l\u00e9gumes. Il ne porte pas la marque de Villeroy &amp; Boch, mais est vraisemblablement issu de cette manufacture, sans doute dans les ann\u00e9es 1960. Il est en parfait \u00e9tat.<\/p>\n<div>R\u00e9f 28.18<\/div>\n","protected":false},"excerpt":{"rendered":"<p>Beau plat \u00e0 l\u00e9gumes compartiment\u00e9 (42 cm de long) avec beau d\u00e9cor de diff\u00e9rents fruits et l\u00e9gumes. Il ne porte pas la marque de Villeroy &amp; Boch, mais est vraisemblablement issu de cette manufacture, sans doute dans les ann\u00e9es 1960. Il est en parfait \u00e9tat. R\u00e9f 28.18<\/p>\n","protected":false},"featured_media":7251,"comment_status":"open","ping_status":"closed","template":"","meta":{"neve_meta_sidebar":"","neve_meta_container":"","neve_meta_enable_content_width":"off","neve_meta_content_width":100,"neve_meta_title_alignment":"","neve_meta_author_avatar":"","neve_post_elements_order":"","neve_meta_disable_header":"","neve_meta_disable_footer":"","neve_meta_disable_title":""},"product_brand":[],"product_cat":[172,16,165,29],"product_tag":[],"class_list":{"0":"post-7248","1":"product","2":"type-product","3":"status-publish","4":"has-post-thumbnail","6":"product_cat-en-cuisine","7":"product_cat-ceramique","8":"product_cat-luxembourg","9":"product_cat-villeroy-boch","11":"first","12":"instock","13":"shipping-taxable","14":"purchasable","15":"product-type-simple"},"_links":{"self":[{"href":"https:\/\/legrenierdelatour.be\/brocante\/wp-json\/wp\/v2\/product\/7248","targetHints":{"allow":["GET"]}}],"collection":[{"href":"https:\/\/legrenierdelatour.be\/brocante\/wp-json\/wp\/v2\/product"}],"about":[{"href":"https:\/\/legrenierdelatour.be\/brocante\/wp-json\/wp\/v2\/types\/product"}],"replies":[{"embeddable":true,"href":"https:\/\/legrenierdelatour.be\/brocante\/wp-json\/wp\/v2\/comments?post=7248"}],"wp:featuredmedia":[{"embeddable":true,"href":"https:\/\/legrenierdelatour.be\/brocante\/wp-json\/wp\/v2\/media\/7251"}],"wp:attachment":[{"href":"https:\/\/legrenierdelatour.be\/brocante\/wp-json\/wp\/v2\/media?parent=7248"}],"wp:term":[{"taxonomy":"product_brand","embeddable":true,"href":"https:\/\/legrenierdelatour.be\/brocante\/wp-json\/wp\/v2\/product_brand?post=7248"},{"taxonomy":"product_cat","embeddable":true,"href":"https:\/\/legrenierdelatour.be\/brocante\/wp-json\/wp\/v2\/product_cat?post=7248"},{"taxonomy":"product_tag","embeddable":true,"href":"https:\/\/legrenierdelatour.be\/brocante\/wp-json\/wp\/v2\/product_tag?post=7248"}],"curies":[{"name":"wp","href":"https:\/\/api.w.org\/{rel}","templated":true}]}}