{"id":7241,"date":"2024-02-12T15:00:36","date_gmt":"2024-02-12T14:00:36","guid":{"rendered":"https:\/\/legrenierdelatour.be\/brocante\/?post_type=product&#038;p=7241"},"modified":"2024-02-12T15:00:36","modified_gmt":"2024-02-12T14:00:36","slug":"aquarelle-vieux-chemin-leon-claessens-1978","status":"publish","type":"product","link":"https:\/\/legrenierdelatour.be\/brocante\/produit\/aquarelle-vieux-chemin-leon-claessens-1978\/","title":{"rendered":"Aquarelle \u00ab\u00a0Vieux Chemin\u00a0\u00bb L\u00e9on Claessens, 1978"},"content":{"rendered":"<p>Belle aquarelle de \u00ab\u00a0Vieux chemin \u00e0 Lor\u00e9e?\u00a0\u00bb (50&#215;27 cm hors cadre) sign\u00e9e et contre-sign\u00e9e par L\u00e9on Claessens. L\u00e9on Claessens (1924-2007) fait partie de l\u2019Ecole li\u00e9geoise du Paysage. Elle est dat\u00e9e de 1978. Bel encadrement.<\/p>\n<div>R\u00e9f 28.16<\/div>\n","protected":false},"excerpt":{"rendered":"<p>Belle aquarelle de \u00ab\u00a0Vieux chemin \u00e0 Lor\u00e9e?\u00a0\u00bb (50&#215;27 cm hors cadre) sign\u00e9e et contre-sign\u00e9e par L\u00e9on Claessens. L\u00e9on Claessens (1924-2007) fait partie de l\u2019Ecole li\u00e9geoise du Paysage. Elle est dat\u00e9e de 1978. Bel encadrement. R\u00e9f 28.16<\/p>\n","protected":false},"featured_media":7242,"comment_status":"open","ping_status":"closed","template":"","meta":{"neve_meta_sidebar":"","neve_meta_container":"","neve_meta_enable_content_width":"off","neve_meta_content_width":100,"neve_meta_title_alignment":"","neve_meta_author_avatar":"","neve_post_elements_order":"","neve_meta_disable_header":"","neve_meta_disable_footer":"","neve_meta_disable_title":""},"product_brand":[],"product_cat":[167],"product_tag":[],"class_list":{"0":"post-7241","1":"product","2":"type-product","3":"status-publish","4":"has-post-thumbnail","6":"product_cat-peintures-et-sculptures","8":"first","9":"instock","10":"shipping-taxable","11":"purchasable","12":"product-type-simple"},"_links":{"self":[{"href":"https:\/\/legrenierdelatour.be\/brocante\/wp-json\/wp\/v2\/product\/7241","targetHints":{"allow":["GET"]}}],"collection":[{"href":"https:\/\/legrenierdelatour.be\/brocante\/wp-json\/wp\/v2\/product"}],"about":[{"href":"https:\/\/legrenierdelatour.be\/brocante\/wp-json\/wp\/v2\/types\/product"}],"replies":[{"embeddable":true,"href":"https:\/\/legrenierdelatour.be\/brocante\/wp-json\/wp\/v2\/comments?post=7241"}],"wp:featuredmedia":[{"embeddable":true,"href":"https:\/\/legrenierdelatour.be\/brocante\/wp-json\/wp\/v2\/media\/7242"}],"wp:attachment":[{"href":"https:\/\/legrenierdelatour.be\/brocante\/wp-json\/wp\/v2\/media?parent=7241"}],"wp:term":[{"taxonomy":"product_brand","embeddable":true,"href":"https:\/\/legrenierdelatour.be\/brocante\/wp-json\/wp\/v2\/product_brand?post=7241"},{"taxonomy":"product_cat","embeddable":true,"href":"https:\/\/legrenierdelatour.be\/brocante\/wp-json\/wp\/v2\/product_cat?post=7241"},{"taxonomy":"product_tag","embeddable":true,"href":"https:\/\/legrenierdelatour.be\/brocante\/wp-json\/wp\/v2\/product_tag?post=7241"}],"curies":[{"name":"wp","href":"https:\/\/api.w.org\/{rel}","templated":true}]}}