{"id":7237,"date":"2024-02-12T13:43:27","date_gmt":"2024-02-12T12:43:27","guid":{"rendered":"https:\/\/legrenierdelatour.be\/brocante\/?post_type=product&#038;p=7237"},"modified":"2024-02-12T13:43:27","modified_gmt":"2024-02-12T12:43:27","slug":"aquarelle-sous-bois-guy-soomers","status":"publish","type":"product","link":"https:\/\/legrenierdelatour.be\/brocante\/produit\/aquarelle-sous-bois-guy-soomers\/","title":{"rendered":"Aquarelle \u00ab\u00a0Sous bois\u00a0\u00bb Guy Soomers"},"content":{"rendered":"<p>Aquarelle (19&#215;27 cm hors cadre) d\u2019un paysage de sous-bois intitul\u00e9e \u00ab\u00a0Clart\u00e9 dans le bois \u00bb dat\u00e9 de 20018. Cetteaquarelle est sign\u00e9e et contre-sign\u00e9e par Guy Soomers (n\u00e9 en 1937, habite \u00e0 Ans), qui fait partie de la lign\u00e9e des contemporains de \u00ab\u00a0L\u2019\u00e9cole li\u00e9geoise \u00a0des Paysages\u00a0\u00bb. Certificat d\u2019origine sign\u00e9 de l\u2019artiste.<\/p>\n<div>R\u00e9f 28.15<\/div>\n","protected":false},"excerpt":{"rendered":"<p>Aquarelle (19&#215;27 cm hors cadre) d\u2019un paysage de sous-bois intitul\u00e9e \u00ab\u00a0Clart\u00e9 dans le bois \u00bb dat\u00e9 de 20018. Cetteaquarelle est sign\u00e9e et contre-sign\u00e9e par Guy Soomers (n\u00e9 en 1937, habite \u00e0 Ans), qui fait partie de la lign\u00e9e des contemporains de \u00ab\u00a0L\u2019\u00e9cole li\u00e9geoise \u00a0des Paysages\u00a0\u00bb. Certificat d\u2019origine sign\u00e9 de l\u2019artiste. R\u00e9f 28.15<\/p>\n","protected":false},"featured_media":7238,"comment_status":"open","ping_status":"closed","template":"","meta":{"neve_meta_sidebar":"","neve_meta_container":"","neve_meta_enable_content_width":"off","neve_meta_content_width":100,"neve_meta_title_alignment":"","neve_meta_author_avatar":"","neve_post_elements_order":"","neve_meta_disable_header":"","neve_meta_disable_footer":"","neve_meta_disable_title":""},"product_brand":[],"product_cat":[167],"product_tag":[],"class_list":{"0":"post-7237","1":"product","2":"type-product","3":"status-publish","4":"has-post-thumbnail","6":"product_cat-peintures-et-sculptures","8":"first","9":"instock","10":"shipping-taxable","11":"purchasable","12":"product-type-simple"},"_links":{"self":[{"href":"https:\/\/legrenierdelatour.be\/brocante\/wp-json\/wp\/v2\/product\/7237","targetHints":{"allow":["GET"]}}],"collection":[{"href":"https:\/\/legrenierdelatour.be\/brocante\/wp-json\/wp\/v2\/product"}],"about":[{"href":"https:\/\/legrenierdelatour.be\/brocante\/wp-json\/wp\/v2\/types\/product"}],"replies":[{"embeddable":true,"href":"https:\/\/legrenierdelatour.be\/brocante\/wp-json\/wp\/v2\/comments?post=7237"}],"wp:featuredmedia":[{"embeddable":true,"href":"https:\/\/legrenierdelatour.be\/brocante\/wp-json\/wp\/v2\/media\/7238"}],"wp:attachment":[{"href":"https:\/\/legrenierdelatour.be\/brocante\/wp-json\/wp\/v2\/media?parent=7237"}],"wp:term":[{"taxonomy":"product_brand","embeddable":true,"href":"https:\/\/legrenierdelatour.be\/brocante\/wp-json\/wp\/v2\/product_brand?post=7237"},{"taxonomy":"product_cat","embeddable":true,"href":"https:\/\/legrenierdelatour.be\/brocante\/wp-json\/wp\/v2\/product_cat?post=7237"},{"taxonomy":"product_tag","embeddable":true,"href":"https:\/\/legrenierdelatour.be\/brocante\/wp-json\/wp\/v2\/product_tag?post=7237"}],"curies":[{"name":"wp","href":"https:\/\/api.w.org\/{rel}","templated":true}]}}