{"id":7232,"date":"2024-02-12T13:35:58","date_gmt":"2024-02-12T12:35:58","guid":{"rendered":"https:\/\/legrenierdelatour.be\/brocante\/?post_type=product&#038;p=7232"},"modified":"2024-02-12T13:35:58","modified_gmt":"2024-02-12T12:35:58","slug":"peinture-baconfoy-guy-soomers-2005","status":"publish","type":"product","link":"https:\/\/legrenierdelatour.be\/brocante\/produit\/peinture-baconfoy-guy-soomers-2005\/","title":{"rendered":"Peinture \u00ab\u00a0Baconfoy\u00a0\u00bb Guy Soomers 2005"},"content":{"rendered":"<p>Peinture \u00e0 l\u2019huile (40&#215;30 cm hors cadre) d\u2019un paysage de sous-bois intitul\u00e9e \u00ab\u00a0Le grand fendant Baconfoy\u00a0\u00bb dat\u00e9 de 2005. Cette peinture est sign\u00e9e et contre-sign\u00e9e par Guy Soomers (n\u00e9 en 1937, habite \u00e0 Ans), qui fait partie de la lign\u00e9e des contemporains de \u00ab\u00a0L\u2019\u00e9cole li\u00e9geoise \u00a0des Paysages\u00a0\u00bb. Cette peinture est tr\u00e8s joliment encadr\u00e9e. Elle repr\u00e9sente un paysage de baconfoy dans la commune de Tenneville.<\/p>\n<div>R\u00e9f 28.14<\/div>\n","protected":false},"excerpt":{"rendered":"<p>Peinture \u00e0 l\u2019huile (40&#215;30 cm hors cadre) d\u2019un paysage de sous-bois intitul\u00e9e \u00ab\u00a0Le grand fendant Baconfoy\u00a0\u00bb dat\u00e9 de 2005. Cette peinture est sign\u00e9e et contre-sign\u00e9e par Guy Soomers (n\u00e9 en 1937, habite \u00e0 Ans), qui fait partie de la lign\u00e9e des contemporains de \u00ab\u00a0L\u2019\u00e9cole li\u00e9geoise \u00a0des Paysages\u00a0\u00bb. Cette peinture est tr\u00e8s joliment encadr\u00e9e. Elle repr\u00e9sente&hellip;&nbsp;<a href=\"https:\/\/legrenierdelatour.be\/brocante\/produit\/peinture-baconfoy-guy-soomers-2005\/\" class=\"\" rel=\"bookmark\">Lire la suite &raquo;<span class=\"screen-reader-text\">Peinture \u00ab\u00a0Baconfoy\u00a0\u00bb Guy Soomers 2005<\/span><\/a><\/p>\n","protected":false},"featured_media":7233,"comment_status":"open","ping_status":"closed","template":"","meta":{"neve_meta_sidebar":"","neve_meta_container":"","neve_meta_enable_content_width":"off","neve_meta_content_width":100,"neve_meta_title_alignment":"","neve_meta_author_avatar":"","neve_post_elements_order":"","neve_meta_disable_header":"","neve_meta_disable_footer":"","neve_meta_disable_title":""},"product_brand":[],"product_cat":[31,167],"product_tag":[],"class_list":{"0":"post-7232","1":"product","2":"type-product","3":"status-publish","4":"has-post-thumbnail","6":"product_cat-pays-darlon","7":"product_cat-peintures-et-sculptures","9":"first","10":"instock","11":"shipping-taxable","12":"purchasable","13":"product-type-simple"},"_links":{"self":[{"href":"https:\/\/legrenierdelatour.be\/brocante\/wp-json\/wp\/v2\/product\/7232","targetHints":{"allow":["GET"]}}],"collection":[{"href":"https:\/\/legrenierdelatour.be\/brocante\/wp-json\/wp\/v2\/product"}],"about":[{"href":"https:\/\/legrenierdelatour.be\/brocante\/wp-json\/wp\/v2\/types\/product"}],"replies":[{"embeddable":true,"href":"https:\/\/legrenierdelatour.be\/brocante\/wp-json\/wp\/v2\/comments?post=7232"}],"wp:featuredmedia":[{"embeddable":true,"href":"https:\/\/legrenierdelatour.be\/brocante\/wp-json\/wp\/v2\/media\/7233"}],"wp:attachment":[{"href":"https:\/\/legrenierdelatour.be\/brocante\/wp-json\/wp\/v2\/media?parent=7232"}],"wp:term":[{"taxonomy":"product_brand","embeddable":true,"href":"https:\/\/legrenierdelatour.be\/brocante\/wp-json\/wp\/v2\/product_brand?post=7232"},{"taxonomy":"product_cat","embeddable":true,"href":"https:\/\/legrenierdelatour.be\/brocante\/wp-json\/wp\/v2\/product_cat?post=7232"},{"taxonomy":"product_tag","embeddable":true,"href":"https:\/\/legrenierdelatour.be\/brocante\/wp-json\/wp\/v2\/product_tag?post=7232"}],"curies":[{"name":"wp","href":"https:\/\/api.w.org\/{rel}","templated":true}]}}