{"id":7224,"date":"2024-02-11T17:12:08","date_gmt":"2024-02-11T16:12:08","guid":{"rendered":"https:\/\/legrenierdelatour.be\/brocante\/?post_type=product&#038;p=7224"},"modified":"2024-02-11T17:40:52","modified_gmt":"2024-02-11T16:40:52","slug":"reproduction-signee-de-leglise-dattert-par-eric-ninane","status":"publish","type":"product","link":"https:\/\/legrenierdelatour.be\/brocante\/produit\/reproduction-signee-de-leglise-dattert-par-eric-ninane\/","title":{"rendered":"Reproduction sign\u00e9e de l&rsquo;Eglise d&rsquo;Attert par Eric Ninane"},"content":{"rendered":"<p>Impression (40&#215;30 cm hors cadre) num\u00e9rot\u00e9e 38\/100 de l\u2019\u00e9glise d\u2019Attert. Elle est num\u00e9rot\u00e9e au crayon, avec la mention Attert 1587. C\u2019est une r\u00e9alisation de Eric Ninane en 1985 (sign\u00e9 dans la plaque). Elle comporte quelques taches d&rsquo;humidit\u00e9. Eric Ninane est n\u00e9 \u00e0 Li\u00e8ge da parents habitants Libramont. Il d\u00e9bute sa production artiste en 1985, dans des techniques diverses : huile, acrylique, crayon, gravure\u2026 Il est mentionn\u00e9 dans le \u00ab\u00a0Dictionnaire des peintres belges de la Province de Luxembourg\u00a0\u00bb.<\/p>\n<p>R\u00e9f P27<\/p>\n","protected":false},"excerpt":{"rendered":"<p>Impression (40&#215;30 cm hors cadre) num\u00e9rot\u00e9e 38\/100 de l\u2019\u00e9glise d\u2019Attert. Elle est num\u00e9rot\u00e9e au crayon, avec la mention Attert 1587. C\u2019est une r\u00e9alisation de Eric Ninane en 1985 (sign\u00e9 dans la plaque). Elle comporte quelques taches d&rsquo;humidit\u00e9. Eric Ninane est n\u00e9 \u00e0 Li\u00e8ge da parents habitants Libramont. Il d\u00e9bute sa production artiste en 1985, dans&hellip;&nbsp;<a href=\"https:\/\/legrenierdelatour.be\/brocante\/produit\/reproduction-signee-de-leglise-dattert-par-eric-ninane\/\" class=\"\" rel=\"bookmark\">Lire la suite &raquo;<span class=\"screen-reader-text\">Reproduction sign\u00e9e de l&rsquo;Eglise d&rsquo;Attert par Eric Ninane<\/span><\/a><\/p>\n","protected":false},"featured_media":7225,"comment_status":"open","ping_status":"closed","template":"","meta":{"neve_meta_sidebar":"","neve_meta_container":"","neve_meta_enable_content_width":"off","neve_meta_content_width":100,"neve_meta_title_alignment":"","neve_meta_author_avatar":"","neve_post_elements_order":"","neve_meta_disable_header":"","neve_meta_disable_footer":"","neve_meta_disable_title":""},"product_brand":[],"product_cat":[30,31,167],"product_tag":[],"class_list":{"0":"post-7224","1":"product","2":"type-product","3":"status-publish","4":"has-post-thumbnail","6":"product_cat-luxemburgensia","7":"product_cat-pays-darlon","8":"product_cat-peintures-et-sculptures","10":"first","11":"instock","12":"shipping-taxable","13":"purchasable","14":"product-type-simple"},"_links":{"self":[{"href":"https:\/\/legrenierdelatour.be\/brocante\/wp-json\/wp\/v2\/product\/7224","targetHints":{"allow":["GET"]}}],"collection":[{"href":"https:\/\/legrenierdelatour.be\/brocante\/wp-json\/wp\/v2\/product"}],"about":[{"href":"https:\/\/legrenierdelatour.be\/brocante\/wp-json\/wp\/v2\/types\/product"}],"replies":[{"embeddable":true,"href":"https:\/\/legrenierdelatour.be\/brocante\/wp-json\/wp\/v2\/comments?post=7224"}],"wp:featuredmedia":[{"embeddable":true,"href":"https:\/\/legrenierdelatour.be\/brocante\/wp-json\/wp\/v2\/media\/7225"}],"wp:attachment":[{"href":"https:\/\/legrenierdelatour.be\/brocante\/wp-json\/wp\/v2\/media?parent=7224"}],"wp:term":[{"taxonomy":"product_brand","embeddable":true,"href":"https:\/\/legrenierdelatour.be\/brocante\/wp-json\/wp\/v2\/product_brand?post=7224"},{"taxonomy":"product_cat","embeddable":true,"href":"https:\/\/legrenierdelatour.be\/brocante\/wp-json\/wp\/v2\/product_cat?post=7224"},{"taxonomy":"product_tag","embeddable":true,"href":"https:\/\/legrenierdelatour.be\/brocante\/wp-json\/wp\/v2\/product_tag?post=7224"}],"curies":[{"name":"wp","href":"https:\/\/api.w.org\/{rel}","templated":true}]}}