{"id":7220,"date":"2024-02-11T17:01:03","date_gmt":"2024-02-11T16:01:03","guid":{"rendered":"https:\/\/legrenierdelatour.be\/brocante\/?post_type=product&#038;p=7220"},"modified":"2024-02-11T17:01:03","modified_gmt":"2024-02-11T16:01:03","slug":"ensemble-de-toilette-cristal-de-boheme","status":"publish","type":"product","link":"https:\/\/legrenierdelatour.be\/brocante\/produit\/ensemble-de-toilette-cristal-de-boheme\/","title":{"rendered":"Ensemble de toilette, cristal de Boh\u00e8me"},"content":{"rendered":"<p>Bel ensemble de toilette en verre taill\u00e9 compos\u00e9 de trois \u00e9l\u00e9ments : le vaporisateur, la bo\u00eete et le flacon. De style Art D\u00e9co, cet ensemble date sans doute des ann\u00e9es 1930-50, mais la manufacture de production n\u2019est pas connue. Il s\u2019agit sans doute de cristal de Boh\u00e8me. Le flacon a un petit coup au niveau du col.<\/p>\n<div>R\u00e9f 28.10<\/div>\n","protected":false},"excerpt":{"rendered":"<p>Bel ensemble de toilette en verre taill\u00e9 compos\u00e9 de trois \u00e9l\u00e9ments : le vaporisateur, la bo\u00eete et le flacon. De style Art D\u00e9co, cet ensemble date sans doute des ann\u00e9es 1930-50, mais la manufacture de production n\u2019est pas connue. Il s\u2019agit sans doute de cristal de Boh\u00e8me. Le flacon a un petit coup au niveau&hellip;&nbsp;<a href=\"https:\/\/legrenierdelatour.be\/brocante\/produit\/ensemble-de-toilette-cristal-de-boheme\/\" class=\"\" rel=\"bookmark\">Lire la suite &raquo;<span class=\"screen-reader-text\">Ensemble de toilette, cristal de Boh\u00e8me<\/span><\/a><\/p>\n","protected":false},"featured_media":7221,"comment_status":"open","ping_status":"closed","template":"","meta":{"neve_meta_sidebar":"","neve_meta_container":"","neve_meta_enable_content_width":"off","neve_meta_content_width":100,"neve_meta_title_alignment":"","neve_meta_author_avatar":"","neve_post_elements_order":"","neve_meta_disable_header":"","neve_meta_disable_footer":"","neve_meta_disable_title":""},"product_brand":[],"product_cat":[22],"product_tag":[21],"class_list":{"0":"post-7220","1":"product","2":"type-product","3":"status-publish","4":"has-post-thumbnail","6":"product_cat-verrerie","7":"product_tag-art-deco","9":"first","10":"instock","11":"shipping-taxable","12":"purchasable","13":"product-type-simple"},"_links":{"self":[{"href":"https:\/\/legrenierdelatour.be\/brocante\/wp-json\/wp\/v2\/product\/7220","targetHints":{"allow":["GET"]}}],"collection":[{"href":"https:\/\/legrenierdelatour.be\/brocante\/wp-json\/wp\/v2\/product"}],"about":[{"href":"https:\/\/legrenierdelatour.be\/brocante\/wp-json\/wp\/v2\/types\/product"}],"replies":[{"embeddable":true,"href":"https:\/\/legrenierdelatour.be\/brocante\/wp-json\/wp\/v2\/comments?post=7220"}],"wp:featuredmedia":[{"embeddable":true,"href":"https:\/\/legrenierdelatour.be\/brocante\/wp-json\/wp\/v2\/media\/7221"}],"wp:attachment":[{"href":"https:\/\/legrenierdelatour.be\/brocante\/wp-json\/wp\/v2\/media?parent=7220"}],"wp:term":[{"taxonomy":"product_brand","embeddable":true,"href":"https:\/\/legrenierdelatour.be\/brocante\/wp-json\/wp\/v2\/product_brand?post=7220"},{"taxonomy":"product_cat","embeddable":true,"href":"https:\/\/legrenierdelatour.be\/brocante\/wp-json\/wp\/v2\/product_cat?post=7220"},{"taxonomy":"product_tag","embeddable":true,"href":"https:\/\/legrenierdelatour.be\/brocante\/wp-json\/wp\/v2\/product_tag?post=7220"}],"curies":[{"name":"wp","href":"https:\/\/api.w.org\/{rel}","templated":true}]}}