{"id":7217,"date":"2024-02-11T14:58:28","date_gmt":"2024-02-11T13:58:28","guid":{"rendered":"https:\/\/legrenierdelatour.be\/brocante\/?post_type=product&#038;p=7217"},"modified":"2024-02-11T14:58:29","modified_gmt":"2024-02-11T13:58:29","slug":"ensemble-de-verres-a-digestif-colores","status":"publish","type":"product","link":"https:\/\/legrenierdelatour.be\/brocante\/produit\/ensemble-de-verres-a-digestif-colores\/","title":{"rendered":"Ensemble de verres \u00e0 digestif color\u00e9s"},"content":{"rendered":"<p>Ensemble de 11 verres \u00e0 digestif (4,5 cm de haut) en verre grav\u00e9 de fleurs. Ils sont de couelurs diff\u00e9rentes et forment un ensemble tr\u00e8s raffin\u00e9. Ils datent sans doute des ann\u00e9es 1950-60.<\/p>\n<div>R\u00e9f 28.09<\/div>\n","protected":false},"excerpt":{"rendered":"<p>Ensemble de 11 verres \u00e0 digestif (4,5 cm de haut) en verre grav\u00e9 de fleurs. Ils sont de couelurs diff\u00e9rentes et forment un ensemble tr\u00e8s raffin\u00e9. Ils datent sans doute des ann\u00e9es 1950-60. R\u00e9f 28.09<\/p>\n","protected":false},"featured_media":7219,"comment_status":"open","ping_status":"closed","template":"","meta":{"neve_meta_sidebar":"","neve_meta_container":"","neve_meta_enable_content_width":"off","neve_meta_content_width":100,"neve_meta_title_alignment":"","neve_meta_author_avatar":"","neve_post_elements_order":"","neve_meta_disable_header":"","neve_meta_disable_footer":"","neve_meta_disable_title":""},"product_brand":[],"product_cat":[172,22],"product_tag":[28],"class_list":{"0":"post-7217","1":"product","2":"type-product","3":"status-publish","4":"has-post-thumbnail","6":"product_cat-en-cuisine","7":"product_cat-verrerie","8":"product_tag-vintage","10":"first","11":"instock","12":"shipping-taxable","13":"purchasable","14":"product-type-simple"},"_links":{"self":[{"href":"https:\/\/legrenierdelatour.be\/brocante\/wp-json\/wp\/v2\/product\/7217","targetHints":{"allow":["GET"]}}],"collection":[{"href":"https:\/\/legrenierdelatour.be\/brocante\/wp-json\/wp\/v2\/product"}],"about":[{"href":"https:\/\/legrenierdelatour.be\/brocante\/wp-json\/wp\/v2\/types\/product"}],"replies":[{"embeddable":true,"href":"https:\/\/legrenierdelatour.be\/brocante\/wp-json\/wp\/v2\/comments?post=7217"}],"wp:featuredmedia":[{"embeddable":true,"href":"https:\/\/legrenierdelatour.be\/brocante\/wp-json\/wp\/v2\/media\/7219"}],"wp:attachment":[{"href":"https:\/\/legrenierdelatour.be\/brocante\/wp-json\/wp\/v2\/media?parent=7217"}],"wp:term":[{"taxonomy":"product_brand","embeddable":true,"href":"https:\/\/legrenierdelatour.be\/brocante\/wp-json\/wp\/v2\/product_brand?post=7217"},{"taxonomy":"product_cat","embeddable":true,"href":"https:\/\/legrenierdelatour.be\/brocante\/wp-json\/wp\/v2\/product_cat?post=7217"},{"taxonomy":"product_tag","embeddable":true,"href":"https:\/\/legrenierdelatour.be\/brocante\/wp-json\/wp\/v2\/product_tag?post=7217"}],"curies":[{"name":"wp","href":"https:\/\/api.w.org\/{rel}","templated":true}]}}