{"id":7210,"date":"2024-02-10T20:52:40","date_gmt":"2024-02-10T19:52:40","guid":{"rendered":"https:\/\/legrenierdelatour.be\/brocante\/?post_type=product&#038;p=7210"},"modified":"2024-02-12T16:00:28","modified_gmt":"2024-02-12T15:00:28","slug":"boite-de-cigares-joseph-didot-tabac-semois","status":"publish","type":"product","link":"https:\/\/legrenierdelatour.be\/brocante\/produit\/boite-de-cigares-joseph-didot-tabac-semois\/","title":{"rendered":"Bo\u00eete de cigares \u00ab\u00a0Joseph Didot, Tabac Semois\u00a0\u00bb"},"content":{"rendered":"<p>Bo\u00eete de cigares en bois (20,5&#215;10,5 cm) de \u00ab\u00a0Plantations Tabac Semois, Joseph Didot, Rochehaut-Frahan sur Semois\u00a0\u00bb. Son neveu poss\u00e8de encore un magasin de tabac et souvenirs \u00e0 Rochehaut. Cette bo\u00eete est un peu griffonn\u00e9e sur le dessus.<\/p>\n<div>R\u00e9f 28.07<\/div>\n","protected":false},"excerpt":{"rendered":"<p>Bo\u00eete de cigares en bois (20,5&#215;10,5 cm) de \u00ab\u00a0Plantations Tabac Semois, Joseph Didot, Rochehaut-Frahan sur Semois\u00a0\u00bb. Son neveu poss\u00e8de encore un magasin de tabac et souvenirs \u00e0 Rochehaut. Cette bo\u00eete est un peu griffonn\u00e9e sur le dessus. R\u00e9f 28.07<\/p>\n","protected":false},"featured_media":7212,"comment_status":"open","ping_status":"closed","template":"","meta":{"neve_meta_sidebar":"","neve_meta_container":"","neve_meta_enable_content_width":"off","neve_meta_content_width":100,"neve_meta_title_alignment":"","neve_meta_author_avatar":"","neve_post_elements_order":"","neve_meta_disable_header":"","neve_meta_disable_footer":"","neve_meta_disable_title":""},"product_brand":[],"product_cat":[183,30,31],"product_tag":[],"class_list":{"0":"post-7210","1":"product","2":"type-product","3":"status-publish","4":"has-post-thumbnail","6":"product_cat-bureau-et-fumoir","7":"product_cat-luxemburgensia","8":"product_cat-pays-darlon","10":"first","11":"instock","12":"shipping-taxable","13":"purchasable","14":"product-type-simple"},"_links":{"self":[{"href":"https:\/\/legrenierdelatour.be\/brocante\/wp-json\/wp\/v2\/product\/7210","targetHints":{"allow":["GET"]}}],"collection":[{"href":"https:\/\/legrenierdelatour.be\/brocante\/wp-json\/wp\/v2\/product"}],"about":[{"href":"https:\/\/legrenierdelatour.be\/brocante\/wp-json\/wp\/v2\/types\/product"}],"replies":[{"embeddable":true,"href":"https:\/\/legrenierdelatour.be\/brocante\/wp-json\/wp\/v2\/comments?post=7210"}],"wp:featuredmedia":[{"embeddable":true,"href":"https:\/\/legrenierdelatour.be\/brocante\/wp-json\/wp\/v2\/media\/7212"}],"wp:attachment":[{"href":"https:\/\/legrenierdelatour.be\/brocante\/wp-json\/wp\/v2\/media?parent=7210"}],"wp:term":[{"taxonomy":"product_brand","embeddable":true,"href":"https:\/\/legrenierdelatour.be\/brocante\/wp-json\/wp\/v2\/product_brand?post=7210"},{"taxonomy":"product_cat","embeddable":true,"href":"https:\/\/legrenierdelatour.be\/brocante\/wp-json\/wp\/v2\/product_cat?post=7210"},{"taxonomy":"product_tag","embeddable":true,"href":"https:\/\/legrenierdelatour.be\/brocante\/wp-json\/wp\/v2\/product_tag?post=7210"}],"curies":[{"name":"wp","href":"https:\/\/api.w.org\/{rel}","templated":true}]}}