{"id":7196,"date":"2024-02-06T19:02:59","date_gmt":"2024-02-06T18:02:59","guid":{"rendered":"https:\/\/legrenierdelatour.be\/brocante\/?post_type=product&#038;p=7196"},"modified":"2026-03-03T09:08:42","modified_gmt":"2026-03-03T08:08:42","slug":"verres-a-vin-romerglas","status":"publish","type":"product","link":"https:\/\/legrenierdelatour.be\/brocante\/produit\/verres-a-vin-romerglas\/","title":{"rendered":"Verres \u00e0 vin R\u00f6merglas"},"content":{"rendered":"<p>Verre \u00e0 vin (11,5 cm de haut) avec un gros pied vert, pour les vins de Moselle, produit par une manufacture fran\u00e7aise, sans doute Luminarc. Ce verre vintage date des ann\u00e9es 1970-80. Ce verre est appel\u00e9 R\u00f6merglas.<\/p>\n<div>9 exemplaires disponibles au prix de 5\u20ac pi\u00e8ce.<\/div>\n<div>R\u00e9f 27.99<\/div>\n","protected":false},"excerpt":{"rendered":"<p>Verre \u00e0 vin (11,5 cm de haut) avec un gros pied vert, pour les vins de Moselle, produit par une manufacture fran\u00e7aise, sans doute Luminarc. Ce verre vintage date des ann\u00e9es 1970-80. Ce verre est appel\u00e9 R\u00f6merglas. 9 exemplaires disponibles au prix de 5\u20ac pi\u00e8ce. R\u00e9f 27.99<\/p>\n","protected":false},"featured_media":7197,"comment_status":"open","ping_status":"closed","template":"","meta":{"neve_meta_sidebar":"","neve_meta_container":"","neve_meta_enable_content_width":"off","neve_meta_content_width":100,"neve_meta_title_alignment":"","neve_meta_author_avatar":"","neve_post_elements_order":"","neve_meta_disable_header":"","neve_meta_disable_footer":"","neve_meta_disable_title":""},"product_brand":[],"product_cat":[172,163,22],"product_tag":[28],"class_list":{"0":"post-7196","1":"product","2":"type-product","3":"status-publish","4":"has-post-thumbnail","6":"product_cat-en-cuisine","7":"product_cat-productions-francaises","8":"product_cat-verrerie","9":"product_tag-vintage","11":"first","12":"instock","13":"shipping-taxable","14":"purchasable","15":"product-type-simple"},"_links":{"self":[{"href":"https:\/\/legrenierdelatour.be\/brocante\/wp-json\/wp\/v2\/product\/7196","targetHints":{"allow":["GET"]}}],"collection":[{"href":"https:\/\/legrenierdelatour.be\/brocante\/wp-json\/wp\/v2\/product"}],"about":[{"href":"https:\/\/legrenierdelatour.be\/brocante\/wp-json\/wp\/v2\/types\/product"}],"replies":[{"embeddable":true,"href":"https:\/\/legrenierdelatour.be\/brocante\/wp-json\/wp\/v2\/comments?post=7196"}],"wp:featuredmedia":[{"embeddable":true,"href":"https:\/\/legrenierdelatour.be\/brocante\/wp-json\/wp\/v2\/media\/7197"}],"wp:attachment":[{"href":"https:\/\/legrenierdelatour.be\/brocante\/wp-json\/wp\/v2\/media?parent=7196"}],"wp:term":[{"taxonomy":"product_brand","embeddable":true,"href":"https:\/\/legrenierdelatour.be\/brocante\/wp-json\/wp\/v2\/product_brand?post=7196"},{"taxonomy":"product_cat","embeddable":true,"href":"https:\/\/legrenierdelatour.be\/brocante\/wp-json\/wp\/v2\/product_cat?post=7196"},{"taxonomy":"product_tag","embeddable":true,"href":"https:\/\/legrenierdelatour.be\/brocante\/wp-json\/wp\/v2\/product_tag?post=7196"}],"curies":[{"name":"wp","href":"https:\/\/api.w.org\/{rel}","templated":true}]}}