{"id":7191,"date":"2024-02-06T16:48:50","date_gmt":"2024-02-06T15:48:50","guid":{"rendered":"https:\/\/legrenierdelatour.be\/brocante\/?post_type=product&#038;p=7191"},"modified":"2024-02-06T16:48:51","modified_gmt":"2024-02-06T15:48:51","slug":"plateau-miroir-rose-art-deco","status":"publish","type":"product","link":"https:\/\/legrenierdelatour.be\/brocante\/produit\/plateau-miroir-rose-art-deco\/","title":{"rendered":"Plateau miroir ros\u00e9 Art D\u00e9co"},"content":{"rendered":"<p>Beau plateau (39&#215;24 cm) miroir ros\u00e9, avec poign\u00e9es en verre taill\u00e9 ros\u00e9 \u00e9galement. L\u2019ensemble st Art D\u00e9co et date sans doute des ann\u00e9es 1930. Le plateau porte des traces d\u2019usures et quelques coups.<\/p>\n<div>R\u00e9f 27.97<\/div>\n","protected":false},"excerpt":{"rendered":"<p>Beau plateau (39&#215;24 cm) miroir ros\u00e9, avec poign\u00e9es en verre taill\u00e9 ros\u00e9 \u00e9galement. L\u2019ensemble st Art D\u00e9co et date sans doute des ann\u00e9es 1930. Le plateau porte des traces d\u2019usures et quelques coups. R\u00e9f 27.97<\/p>\n","protected":false},"featured_media":7192,"comment_status":"open","ping_status":"closed","template":"","meta":{"neve_meta_sidebar":"","neve_meta_container":"","neve_meta_enable_content_width":"off","neve_meta_content_width":100,"neve_meta_title_alignment":"","neve_meta_author_avatar":"","neve_post_elements_order":"","neve_meta_disable_header":"","neve_meta_disable_footer":"","neve_meta_disable_title":""},"product_brand":[],"product_cat":[172,22],"product_tag":[21],"class_list":{"0":"post-7191","1":"product","2":"type-product","3":"status-publish","4":"has-post-thumbnail","6":"product_cat-en-cuisine","7":"product_cat-verrerie","8":"product_tag-art-deco","10":"first","11":"instock","12":"shipping-taxable","13":"purchasable","14":"product-type-simple"},"_links":{"self":[{"href":"https:\/\/legrenierdelatour.be\/brocante\/wp-json\/wp\/v2\/product\/7191","targetHints":{"allow":["GET"]}}],"collection":[{"href":"https:\/\/legrenierdelatour.be\/brocante\/wp-json\/wp\/v2\/product"}],"about":[{"href":"https:\/\/legrenierdelatour.be\/brocante\/wp-json\/wp\/v2\/types\/product"}],"replies":[{"embeddable":true,"href":"https:\/\/legrenierdelatour.be\/brocante\/wp-json\/wp\/v2\/comments?post=7191"}],"wp:featuredmedia":[{"embeddable":true,"href":"https:\/\/legrenierdelatour.be\/brocante\/wp-json\/wp\/v2\/media\/7192"}],"wp:attachment":[{"href":"https:\/\/legrenierdelatour.be\/brocante\/wp-json\/wp\/v2\/media?parent=7191"}],"wp:term":[{"taxonomy":"product_brand","embeddable":true,"href":"https:\/\/legrenierdelatour.be\/brocante\/wp-json\/wp\/v2\/product_brand?post=7191"},{"taxonomy":"product_cat","embeddable":true,"href":"https:\/\/legrenierdelatour.be\/brocante\/wp-json\/wp\/v2\/product_cat?post=7191"},{"taxonomy":"product_tag","embeddable":true,"href":"https:\/\/legrenierdelatour.be\/brocante\/wp-json\/wp\/v2\/product_tag?post=7191"}],"curies":[{"name":"wp","href":"https:\/\/api.w.org\/{rel}","templated":true}]}}