{"id":7166,"date":"2024-02-06T15:02:41","date_gmt":"2024-02-06T14:02:41","guid":{"rendered":"https:\/\/legrenierdelatour.be\/brocante\/?post_type=product&#038;p=7166"},"modified":"2024-02-06T15:38:21","modified_gmt":"2024-02-06T14:38:21","slug":"vase-pique-fleurs-scailmont-henri-heemskerk-art-deco","status":"publish","type":"product","link":"https:\/\/legrenierdelatour.be\/brocante\/produit\/vase-pique-fleurs-scailmont-henri-heemskerk-art-deco\/","title":{"rendered":"Vase pique-fleurs Scailmont, Henri Heemskerk, Art D\u00e9co"},"content":{"rendered":"<div>Pique-fleurs (18 cm de diam\u00e8tre, 16 cm de haut) en verre moul\u00e9 multicouches produit par Les verreries de Scailmont. Il est sign\u00e9 \u00ab\u00a0Scailmont H.H. Made in Belgium\u00a0\u00bb. Il s\u2019agit d\u2019une cr\u00e9ation Art D\u00e9co de Henri Nicolas Heemskerk (H.H.) (1886-1953) qui commen\u00e7a \u00e0 travailler \u00e0 l\u2019\u00e2ge de 14 ans chez Boch Keramis, \u00e9l\u00e8ve de Charles Catteau. D\u00e8s 1924, il travailla pour Scailmont Manage, dont il signa des pi\u00e8ces jusqu\u2019en 1930. Le vase en verre est en parfait \u00e9tat. La partie sup\u00e9rieure en laiton est l\u00e9g\u00e8rement ab\u00eem\u00e9e.<\/div>\n<div>R\u00e9f 27.90<\/div>\n<div>\n<p>&nbsp;<\/p>\n<\/div>\n","protected":false},"excerpt":{"rendered":"<p>Pique-fleurs (18 cm de diam\u00e8tre, 16 cm de haut) en verre moul\u00e9 multicouches produit par Les verreries de Scailmont. Il est sign\u00e9 \u00ab\u00a0Scailmont H.H. Made in Belgium\u00a0\u00bb. Il s\u2019agit d\u2019une cr\u00e9ation Art D\u00e9co de Henri Nicolas Heemskerk (H.H.) (1886-1953) qui commen\u00e7a \u00e0 travailler \u00e0 l\u2019\u00e2ge de 14 ans chez Boch Keramis, \u00e9l\u00e8ve de Charles Catteau.&hellip;&nbsp;<a href=\"https:\/\/legrenierdelatour.be\/brocante\/produit\/vase-pique-fleurs-scailmont-henri-heemskerk-art-deco\/\" class=\"\" rel=\"bookmark\">Lire la suite &raquo;<span class=\"screen-reader-text\">Vase pique-fleurs Scailmont, Henri Heemskerk, Art D\u00e9co<\/span><\/a><\/p>\n","protected":false},"featured_media":7167,"comment_status":"open","ping_status":"closed","template":"","meta":{"neve_meta_sidebar":"","neve_meta_container":"","neve_meta_enable_content_width":"off","neve_meta_content_width":100,"neve_meta_title_alignment":"","neve_meta_author_avatar":"","neve_post_elements_order":"","neve_meta_disable_header":"","neve_meta_disable_footer":"","neve_meta_disable_title":""},"product_brand":[],"product_cat":[167,162,139,22],"product_tag":[],"class_list":{"0":"post-7166","1":"product","2":"type-product","3":"status-publish","4":"has-post-thumbnail","6":"product_cat-peintures-et-sculptures","7":"product_cat-productions-belges","8":"product_cat-scailmont","9":"product_cat-verrerie","11":"first","12":"instock","13":"shipping-taxable","14":"purchasable","15":"product-type-simple"},"_links":{"self":[{"href":"https:\/\/legrenierdelatour.be\/brocante\/wp-json\/wp\/v2\/product\/7166","targetHints":{"allow":["GET"]}}],"collection":[{"href":"https:\/\/legrenierdelatour.be\/brocante\/wp-json\/wp\/v2\/product"}],"about":[{"href":"https:\/\/legrenierdelatour.be\/brocante\/wp-json\/wp\/v2\/types\/product"}],"replies":[{"embeddable":true,"href":"https:\/\/legrenierdelatour.be\/brocante\/wp-json\/wp\/v2\/comments?post=7166"}],"wp:featuredmedia":[{"embeddable":true,"href":"https:\/\/legrenierdelatour.be\/brocante\/wp-json\/wp\/v2\/media\/7167"}],"wp:attachment":[{"href":"https:\/\/legrenierdelatour.be\/brocante\/wp-json\/wp\/v2\/media?parent=7166"}],"wp:term":[{"taxonomy":"product_brand","embeddable":true,"href":"https:\/\/legrenierdelatour.be\/brocante\/wp-json\/wp\/v2\/product_brand?post=7166"},{"taxonomy":"product_cat","embeddable":true,"href":"https:\/\/legrenierdelatour.be\/brocante\/wp-json\/wp\/v2\/product_cat?post=7166"},{"taxonomy":"product_tag","embeddable":true,"href":"https:\/\/legrenierdelatour.be\/brocante\/wp-json\/wp\/v2\/product_tag?post=7166"}],"curies":[{"name":"wp","href":"https:\/\/api.w.org\/{rel}","templated":true}]}}