{"id":7146,"date":"2024-02-06T13:29:55","date_gmt":"2024-02-06T12:29:55","guid":{"rendered":"https:\/\/legrenierdelatour.be\/brocante\/?post_type=product&#038;p=7146"},"modified":"2024-02-06T13:37:13","modified_gmt":"2024-02-06T12:37:13","slug":"chandelier-fleurs-art-nouveau","status":"publish","type":"product","link":"https:\/\/legrenierdelatour.be\/brocante\/produit\/chandelier-fleurs-art-nouveau\/","title":{"rendered":"Chandelier Fleurs Art Nouveau"},"content":{"rendered":"<p>Joli chandelier (29 cm d haut) en bronze, comportant 8 supports en verre pour petites bougies. Il comporte des feuilles et fleurs en laiton. Il est en bon \u00e9tat malgr\u00e9 les traces d&rsquo;usure et date peut-\u00eatre du 19\u00e8-d\u00e9but du 20\u00e8 si\u00e8cle.<\/p>\n<div>R\u00e9f 27.83<\/div>\n","protected":false},"excerpt":{"rendered":"<p>Joli chandelier (29 cm d haut) en bronze, comportant 8 supports en verre pour petites bougies. Il comporte des feuilles et fleurs en laiton. Il est en bon \u00e9tat malgr\u00e9 les traces d&rsquo;usure et date peut-\u00eatre du 19\u00e8-d\u00e9but du 20\u00e8 si\u00e8cle. R\u00e9f 27.83<\/p>\n","protected":false},"featured_media":7148,"comment_status":"open","ping_status":"closed","template":"","meta":{"neve_meta_sidebar":"","neve_meta_container":"","neve_meta_enable_content_width":"off","neve_meta_content_width":100,"neve_meta_title_alignment":"","neve_meta_author_avatar":"","neve_post_elements_order":"","neve_meta_disable_header":"","neve_meta_disable_footer":"","neve_meta_disable_title":""},"product_brand":[],"product_cat":[109,186,24],"product_tag":[],"class_list":{"0":"post-7146","1":"product","2":"type-product","3":"status-publish","4":"has-post-thumbnail","6":"product_cat-metal","7":"product_cat-laiton","8":"product_cat-luminaires","10":"first","11":"instock","12":"shipping-taxable","13":"purchasable","14":"product-type-simple"},"_links":{"self":[{"href":"https:\/\/legrenierdelatour.be\/brocante\/wp-json\/wp\/v2\/product\/7146","targetHints":{"allow":["GET"]}}],"collection":[{"href":"https:\/\/legrenierdelatour.be\/brocante\/wp-json\/wp\/v2\/product"}],"about":[{"href":"https:\/\/legrenierdelatour.be\/brocante\/wp-json\/wp\/v2\/types\/product"}],"replies":[{"embeddable":true,"href":"https:\/\/legrenierdelatour.be\/brocante\/wp-json\/wp\/v2\/comments?post=7146"}],"wp:featuredmedia":[{"embeddable":true,"href":"https:\/\/legrenierdelatour.be\/brocante\/wp-json\/wp\/v2\/media\/7148"}],"wp:attachment":[{"href":"https:\/\/legrenierdelatour.be\/brocante\/wp-json\/wp\/v2\/media?parent=7146"}],"wp:term":[{"taxonomy":"product_brand","embeddable":true,"href":"https:\/\/legrenierdelatour.be\/brocante\/wp-json\/wp\/v2\/product_brand?post=7146"},{"taxonomy":"product_cat","embeddable":true,"href":"https:\/\/legrenierdelatour.be\/brocante\/wp-json\/wp\/v2\/product_cat?post=7146"},{"taxonomy":"product_tag","embeddable":true,"href":"https:\/\/legrenierdelatour.be\/brocante\/wp-json\/wp\/v2\/product_tag?post=7146"}],"curies":[{"name":"wp","href":"https:\/\/api.w.org\/{rel}","templated":true}]}}