{"id":7135,"date":"2024-02-05T11:43:03","date_gmt":"2024-02-05T10:43:03","guid":{"rendered":"https:\/\/legrenierdelatour.be\/brocante\/?post_type=product&#038;p=7135"},"modified":"2024-02-05T11:50:19","modified_gmt":"2024-02-05T10:50:19","slug":"petits-plats-ambres-val-st-lambert","status":"publish","type":"product","link":"https:\/\/legrenierdelatour.be\/brocante\/produit\/petits-plats-ambres-val-st-lambert\/","title":{"rendered":"Petits plats ambr\u00e9s Val St Lambert"},"content":{"rendered":"<p>4 petits plats (1 de 17 cm de long et 3 de 15 cm de long) marqu\u00e9s dessous \u00ab\u00a0Val St Lambert Belgique\u00a0\u00bb. De couleur ambr\u00e9e, ils sont en demi-cristal moul\u00e9 et sont en parfait \u00e9tat. Ils datent sans doute des ann\u00e9es 1950. Ils font partie de la collection Luxval, s\u00e9rie \u00ab\u00a0C\u00f4tes plates A\u00a0\u00bb.<\/p>\n<p>R\u00e9f 27.80<\/p>\n","protected":false},"excerpt":{"rendered":"<p>4 petits plats (1 de 17 cm de long et 3 de 15 cm de long) marqu\u00e9s dessous \u00ab\u00a0Val St Lambert Belgique\u00a0\u00bb. De couleur ambr\u00e9e, ils sont en demi-cristal moul\u00e9 et sont en parfait \u00e9tat. Ils datent sans doute des ann\u00e9es 1950. Ils font partie de la collection Luxval, s\u00e9rie \u00ab\u00a0C\u00f4tes plates A\u00a0\u00bb. R\u00e9f 27.80<\/p>\n","protected":false},"featured_media":7139,"comment_status":"open","ping_status":"closed","template":"","meta":{"neve_meta_sidebar":"","neve_meta_container":"","neve_meta_enable_content_width":"off","neve_meta_content_width":100,"neve_meta_title_alignment":"","neve_meta_author_avatar":"","neve_post_elements_order":"","neve_meta_disable_header":"","neve_meta_disable_footer":"","neve_meta_disable_title":""},"product_brand":[],"product_cat":[162,63,22],"product_tag":[],"class_list":{"0":"post-7135","1":"product","2":"type-product","3":"status-publish","4":"has-post-thumbnail","6":"product_cat-productions-belges","7":"product_cat-val-saint-lambert","8":"product_cat-verrerie","10":"first","11":"instock","12":"shipping-taxable","13":"purchasable","14":"product-type-simple"},"_links":{"self":[{"href":"https:\/\/legrenierdelatour.be\/brocante\/wp-json\/wp\/v2\/product\/7135","targetHints":{"allow":["GET"]}}],"collection":[{"href":"https:\/\/legrenierdelatour.be\/brocante\/wp-json\/wp\/v2\/product"}],"about":[{"href":"https:\/\/legrenierdelatour.be\/brocante\/wp-json\/wp\/v2\/types\/product"}],"replies":[{"embeddable":true,"href":"https:\/\/legrenierdelatour.be\/brocante\/wp-json\/wp\/v2\/comments?post=7135"}],"wp:featuredmedia":[{"embeddable":true,"href":"https:\/\/legrenierdelatour.be\/brocante\/wp-json\/wp\/v2\/media\/7139"}],"wp:attachment":[{"href":"https:\/\/legrenierdelatour.be\/brocante\/wp-json\/wp\/v2\/media?parent=7135"}],"wp:term":[{"taxonomy":"product_brand","embeddable":true,"href":"https:\/\/legrenierdelatour.be\/brocante\/wp-json\/wp\/v2\/product_brand?post=7135"},{"taxonomy":"product_cat","embeddable":true,"href":"https:\/\/legrenierdelatour.be\/brocante\/wp-json\/wp\/v2\/product_cat?post=7135"},{"taxonomy":"product_tag","embeddable":true,"href":"https:\/\/legrenierdelatour.be\/brocante\/wp-json\/wp\/v2\/product_tag?post=7135"}],"curies":[{"name":"wp","href":"https:\/\/api.w.org\/{rel}","templated":true}]}}