{"id":7127,"date":"2024-02-05T11:10:17","date_gmt":"2024-02-05T10:10:17","guid":{"rendered":"https:\/\/legrenierdelatour.be\/brocante\/?post_type=product&#038;p=7127"},"modified":"2024-02-05T11:53:11","modified_gmt":"2024-02-05T10:53:11","slug":"vase-en-cristal-taille-val-st-lambert","status":"publish","type":"product","link":"https:\/\/legrenierdelatour.be\/brocante\/produit\/vase-en-cristal-taille-val-st-lambert\/","title":{"rendered":"Vase en cristal taill\u00e9 Val St Lambert"},"content":{"rendered":"<p>Beau vase (21 cm de haut) en cristal taill\u00e9. Il est marqu\u00e9 Val St Lambert Belgium dessous. Il a \u00e9t\u00e9t produit par les cristalleries Val Saint Lambert \u00e0 Li\u00e8ge. Il est en parfait \u00e9tat et a un reflet l\u00e9g\u00e8rement ros\u00e9. Il s&rsquo;agit d&rsquo;un vase de la collection Luxval, de forme \u00ab\u00a0Baden\u00a0\u00bb en couleur rosaline.<\/p>\n<div>R\u00e9f 27.78<\/div>\n","protected":false},"excerpt":{"rendered":"<p>Beau vase (21 cm de haut) en cristal taill\u00e9. Il est marqu\u00e9 Val St Lambert Belgium dessous. Il a \u00e9t\u00e9t produit par les cristalleries Val Saint Lambert \u00e0 Li\u00e8ge. Il est en parfait \u00e9tat et a un reflet l\u00e9g\u00e8rement ros\u00e9. Il s&rsquo;agit d&rsquo;un vase de la collection Luxval, de forme \u00ab\u00a0Baden\u00a0\u00bb en couleur rosaline. R\u00e9f&hellip;&nbsp;<a href=\"https:\/\/legrenierdelatour.be\/brocante\/produit\/vase-en-cristal-taille-val-st-lambert\/\" class=\"\" rel=\"bookmark\">Lire la suite &raquo;<span class=\"screen-reader-text\">Vase en cristal taill\u00e9 Val St Lambert<\/span><\/a><\/p>\n","protected":false},"featured_media":7128,"comment_status":"open","ping_status":"closed","template":"","meta":{"neve_meta_sidebar":"","neve_meta_container":"","neve_meta_enable_content_width":"off","neve_meta_content_width":100,"neve_meta_title_alignment":"","neve_meta_author_avatar":"","neve_post_elements_order":"","neve_meta_disable_header":"","neve_meta_disable_footer":"","neve_meta_disable_title":""},"product_brand":[],"product_cat":[162,63,22],"product_tag":[],"class_list":{"0":"post-7127","1":"product","2":"type-product","3":"status-publish","4":"has-post-thumbnail","6":"product_cat-productions-belges","7":"product_cat-val-saint-lambert","8":"product_cat-verrerie","10":"first","11":"instock","12":"shipping-taxable","13":"purchasable","14":"product-type-simple"},"_links":{"self":[{"href":"https:\/\/legrenierdelatour.be\/brocante\/wp-json\/wp\/v2\/product\/7127","targetHints":{"allow":["GET"]}}],"collection":[{"href":"https:\/\/legrenierdelatour.be\/brocante\/wp-json\/wp\/v2\/product"}],"about":[{"href":"https:\/\/legrenierdelatour.be\/brocante\/wp-json\/wp\/v2\/types\/product"}],"replies":[{"embeddable":true,"href":"https:\/\/legrenierdelatour.be\/brocante\/wp-json\/wp\/v2\/comments?post=7127"}],"wp:featuredmedia":[{"embeddable":true,"href":"https:\/\/legrenierdelatour.be\/brocante\/wp-json\/wp\/v2\/media\/7128"}],"wp:attachment":[{"href":"https:\/\/legrenierdelatour.be\/brocante\/wp-json\/wp\/v2\/media?parent=7127"}],"wp:term":[{"taxonomy":"product_brand","embeddable":true,"href":"https:\/\/legrenierdelatour.be\/brocante\/wp-json\/wp\/v2\/product_brand?post=7127"},{"taxonomy":"product_cat","embeddable":true,"href":"https:\/\/legrenierdelatour.be\/brocante\/wp-json\/wp\/v2\/product_cat?post=7127"},{"taxonomy":"product_tag","embeddable":true,"href":"https:\/\/legrenierdelatour.be\/brocante\/wp-json\/wp\/v2\/product_tag?post=7127"}],"curies":[{"name":"wp","href":"https:\/\/api.w.org\/{rel}","templated":true}]}}