{"id":7106,"date":"2024-02-04T20:42:12","date_gmt":"2024-02-04T19:42:12","guid":{"rendered":"https:\/\/legrenierdelatour.be\/brocante\/?post_type=product&#038;p=7106"},"modified":"2024-02-04T20:42:12","modified_gmt":"2024-02-04T19:42:12","slug":"cendrier-en-faience-keralux-sabena","status":"publish","type":"product","link":"https:\/\/legrenierdelatour.be\/brocante\/produit\/cendrier-en-faience-keralux-sabena\/","title":{"rendered":"Cendrier en fa\u00efence Keralux, Sabena"},"content":{"rendered":"<p>Grand cendrier carr\u00e9 (18,5 cm de diam\u00e8tre) produit par Keralux Boch Fr\u00e8res Belgium (marqu\u00e9 dessous) pour la Sabena, sans doute dans les ann\u00e9es 1960. Il est en parfait \u00e9tat.<\/p>\n<div>R\u00e9f 27.74<\/div>\n","protected":false},"excerpt":{"rendered":"<p>Grand cendrier carr\u00e9 (18,5 cm de diam\u00e8tre) produit par Keralux Boch Fr\u00e8res Belgium (marqu\u00e9 dessous) pour la Sabena, sans doute dans les ann\u00e9es 1960. Il est en parfait \u00e9tat. R\u00e9f 27.74<\/p>\n","protected":false},"featured_media":7107,"comment_status":"open","ping_status":"closed","template":"","meta":{"neve_meta_sidebar":"","neve_meta_container":"","neve_meta_enable_content_width":"off","neve_meta_content_width":100,"neve_meta_title_alignment":"","neve_meta_author_avatar":"","neve_post_elements_order":"","neve_meta_disable_header":"","neve_meta_disable_footer":"","neve_meta_disable_title":""},"product_brand":[],"product_cat":[37,175,16,173],"product_tag":[28],"class_list":{"0":"post-7106","1":"product","2":"type-product","3":"status-publish","4":"has-post-thumbnail","6":"product_cat-belgique","7":"product_cat-boch","8":"product_cat-ceramique","9":"product_cat-objets-de-publicite","10":"product_tag-vintage","12":"first","13":"instock","14":"shipping-taxable","15":"purchasable","16":"product-type-simple"},"_links":{"self":[{"href":"https:\/\/legrenierdelatour.be\/brocante\/wp-json\/wp\/v2\/product\/7106","targetHints":{"allow":["GET"]}}],"collection":[{"href":"https:\/\/legrenierdelatour.be\/brocante\/wp-json\/wp\/v2\/product"}],"about":[{"href":"https:\/\/legrenierdelatour.be\/brocante\/wp-json\/wp\/v2\/types\/product"}],"replies":[{"embeddable":true,"href":"https:\/\/legrenierdelatour.be\/brocante\/wp-json\/wp\/v2\/comments?post=7106"}],"wp:featuredmedia":[{"embeddable":true,"href":"https:\/\/legrenierdelatour.be\/brocante\/wp-json\/wp\/v2\/media\/7107"}],"wp:attachment":[{"href":"https:\/\/legrenierdelatour.be\/brocante\/wp-json\/wp\/v2\/media?parent=7106"}],"wp:term":[{"taxonomy":"product_brand","embeddable":true,"href":"https:\/\/legrenierdelatour.be\/brocante\/wp-json\/wp\/v2\/product_brand?post=7106"},{"taxonomy":"product_cat","embeddable":true,"href":"https:\/\/legrenierdelatour.be\/brocante\/wp-json\/wp\/v2\/product_cat?post=7106"},{"taxonomy":"product_tag","embeddable":true,"href":"https:\/\/legrenierdelatour.be\/brocante\/wp-json\/wp\/v2\/product_tag?post=7106"}],"curies":[{"name":"wp","href":"https:\/\/api.w.org\/{rel}","templated":true}]}}