{"id":7095,"date":"2024-02-04T18:29:29","date_gmt":"2024-02-04T17:29:29","guid":{"rendered":"https:\/\/legrenierdelatour.be\/brocante\/?post_type=product&#038;p=7095"},"modified":"2024-02-04T18:29:29","modified_gmt":"2024-02-04T17:29:29","slug":"bracelet-biche-de-bere","status":"publish","type":"product","link":"https:\/\/legrenierdelatour.be\/brocante\/produit\/bracelet-biche-de-bere\/","title":{"rendered":"Bracelet Biche de Bere"},"content":{"rendered":"<p>Beau bracelet de la marque Biche de Bere, une maison de pr\u00eat-\u00e0-porter et de bijoux fran\u00e7aise, fond\u00e9e en 1993 et disparue en 2007, bas\u00e9e \u00e0 Ch\u00e2teaubriant. Cie bracelet en m\u00e9tal dor\u00e9 d\u2019or 24 carat, comporte 6 cabochons de verre ros\u00e9. Ce bracelet a visiblement \u00e9t\u00e9 beaucoup port\u00e9, l\u2019or est \u00e9lim\u00e9 \u00e0 certains endroits. La marque est inscrite sur le fermoir. Ce bracelet date des ann\u00e9es 1990.<\/p>\n<div>R\u00e9f 27.69<\/div>\n","protected":false},"excerpt":{"rendered":"<p>Beau bracelet de la marque Biche de Bere, une maison de pr\u00eat-\u00e0-porter et de bijoux fran\u00e7aise, fond\u00e9e en 1993 et disparue en 2007, bas\u00e9e \u00e0 Ch\u00e2teaubriant. Cie bracelet en m\u00e9tal dor\u00e9 d\u2019or 24 carat, comporte 6 cabochons de verre ros\u00e9. Ce bracelet a visiblement \u00e9t\u00e9 beaucoup port\u00e9, l\u2019or est \u00e9lim\u00e9 \u00e0 certains endroits. La marque&hellip;&nbsp;<a href=\"https:\/\/legrenierdelatour.be\/brocante\/produit\/bracelet-biche-de-bere\/\" class=\"\" rel=\"bookmark\">Lire la suite &raquo;<span class=\"screen-reader-text\">Bracelet Biche de Bere<\/span><\/a><\/p>\n","protected":false},"featured_media":7101,"comment_status":"open","ping_status":"closed","template":"","meta":{"neve_meta_sidebar":"","neve_meta_container":"","neve_meta_enable_content_width":"off","neve_meta_content_width":100,"neve_meta_title_alignment":"","neve_meta_author_avatar":"","neve_post_elements_order":"","neve_meta_disable_header":"","neve_meta_disable_footer":"","neve_meta_disable_title":""},"product_brand":[],"product_cat":[70,160],"product_tag":[],"class_list":{"0":"post-7095","1":"product","2":"type-product","3":"status-publish","4":"has-post-thumbnail","6":"product_cat-bijou","7":"product_cat-la-mode","9":"first","10":"instock","11":"shipping-taxable","12":"purchasable","13":"product-type-simple"},"_links":{"self":[{"href":"https:\/\/legrenierdelatour.be\/brocante\/wp-json\/wp\/v2\/product\/7095","targetHints":{"allow":["GET"]}}],"collection":[{"href":"https:\/\/legrenierdelatour.be\/brocante\/wp-json\/wp\/v2\/product"}],"about":[{"href":"https:\/\/legrenierdelatour.be\/brocante\/wp-json\/wp\/v2\/types\/product"}],"replies":[{"embeddable":true,"href":"https:\/\/legrenierdelatour.be\/brocante\/wp-json\/wp\/v2\/comments?post=7095"}],"wp:featuredmedia":[{"embeddable":true,"href":"https:\/\/legrenierdelatour.be\/brocante\/wp-json\/wp\/v2\/media\/7101"}],"wp:attachment":[{"href":"https:\/\/legrenierdelatour.be\/brocante\/wp-json\/wp\/v2\/media?parent=7095"}],"wp:term":[{"taxonomy":"product_brand","embeddable":true,"href":"https:\/\/legrenierdelatour.be\/brocante\/wp-json\/wp\/v2\/product_brand?post=7095"},{"taxonomy":"product_cat","embeddable":true,"href":"https:\/\/legrenierdelatour.be\/brocante\/wp-json\/wp\/v2\/product_cat?post=7095"},{"taxonomy":"product_tag","embeddable":true,"href":"https:\/\/legrenierdelatour.be\/brocante\/wp-json\/wp\/v2\/product_tag?post=7095"}],"curies":[{"name":"wp","href":"https:\/\/api.w.org\/{rel}","templated":true}]}}