{"id":7050,"date":"2024-01-30T19:54:35","date_gmt":"2024-01-30T18:54:35","guid":{"rendered":"https:\/\/legrenierdelatour.be\/brocante\/?post_type=product&#038;p=7050"},"modified":"2024-07-08T08:10:19","modified_gmt":"2024-07-08T06:10:19","slug":"verres-a-digestif-boom-verre-dores","status":"publish","type":"product","link":"https:\/\/legrenierdelatour.be\/brocante\/produit\/verres-a-digestif-boom-verre-dores\/","title":{"rendered":"Verres \u00e0 digestif \u00ab\u00a0Boom\u00a0\u00bb verre dor\u00e9s"},"content":{"rendered":"<p>Verres \u00e0 digestifs (7,5 cm de haut) en verre cercl\u00e9s de dorures dans le style de la manufacture Boom, datant sans doute des ann\u00e9es 1930-50. Les verres sont en tr\u00e8s bon \u00e9tat, si ce n\u2019est quelques traces d\u2019usure sur les dorures. Ils sont au nombre de 4 et sont vendus ensemble au prix de 15\u20ac.<\/p>\n<div>R\u00e9f 27.57<\/div>\n","protected":false},"excerpt":{"rendered":"<p>Verres \u00e0 digestifs (7,5 cm de haut) en verre cercl\u00e9s de dorures dans le style de la manufacture Boom, datant sans doute des ann\u00e9es 1930-50. Les verres sont en tr\u00e8s bon \u00e9tat, si ce n\u2019est quelques traces d\u2019usure sur les dorures. Ils sont au nombre de 4 et sont vendus ensemble au prix de 15\u20ac.&hellip;&nbsp;<a href=\"https:\/\/legrenierdelatour.be\/brocante\/produit\/verres-a-digestif-boom-verre-dores\/\" class=\"\" rel=\"bookmark\">Lire la suite &raquo;<span class=\"screen-reader-text\">Verres \u00e0 digestif \u00ab\u00a0Boom\u00a0\u00bb verre dor\u00e9s<\/span><\/a><\/p>\n","protected":false},"featured_media":7051,"comment_status":"open","ping_status":"closed","template":"","meta":{"neve_meta_sidebar":"","neve_meta_container":"","neve_meta_enable_content_width":"off","neve_meta_content_width":100,"neve_meta_title_alignment":"","neve_meta_author_avatar":"","neve_post_elements_order":"","neve_meta_disable_header":"","neve_meta_disable_footer":"","neve_meta_disable_title":""},"product_brand":[],"product_cat":[106,172,22],"product_tag":[],"class_list":{"0":"post-7050","1":"product","2":"type-product","3":"status-publish","4":"has-post-thumbnail","6":"product_cat-boom","7":"product_cat-en-cuisine","8":"product_cat-verrerie","10":"first","11":"instock","12":"shipping-taxable","13":"purchasable","14":"product-type-simple"},"_links":{"self":[{"href":"https:\/\/legrenierdelatour.be\/brocante\/wp-json\/wp\/v2\/product\/7050","targetHints":{"allow":["GET"]}}],"collection":[{"href":"https:\/\/legrenierdelatour.be\/brocante\/wp-json\/wp\/v2\/product"}],"about":[{"href":"https:\/\/legrenierdelatour.be\/brocante\/wp-json\/wp\/v2\/types\/product"}],"replies":[{"embeddable":true,"href":"https:\/\/legrenierdelatour.be\/brocante\/wp-json\/wp\/v2\/comments?post=7050"}],"wp:featuredmedia":[{"embeddable":true,"href":"https:\/\/legrenierdelatour.be\/brocante\/wp-json\/wp\/v2\/media\/7051"}],"wp:attachment":[{"href":"https:\/\/legrenierdelatour.be\/brocante\/wp-json\/wp\/v2\/media?parent=7050"}],"wp:term":[{"taxonomy":"product_brand","embeddable":true,"href":"https:\/\/legrenierdelatour.be\/brocante\/wp-json\/wp\/v2\/product_brand?post=7050"},{"taxonomy":"product_cat","embeddable":true,"href":"https:\/\/legrenierdelatour.be\/brocante\/wp-json\/wp\/v2\/product_cat?post=7050"},{"taxonomy":"product_tag","embeddable":true,"href":"https:\/\/legrenierdelatour.be\/brocante\/wp-json\/wp\/v2\/product_tag?post=7050"}],"curies":[{"name":"wp","href":"https:\/\/api.w.org\/{rel}","templated":true}]}}