{"id":7035,"date":"2024-01-30T19:00:47","date_gmt":"2024-01-30T18:00:47","guid":{"rendered":"https:\/\/legrenierdelatour.be\/brocante\/?post_type=product&#038;p=7035"},"modified":"2025-05-10T11:26:41","modified_gmt":"2025-05-10T09:26:41","slug":"sauciere-villeroy-boch-vigne-fin-1950","status":"publish","type":"product","link":"https:\/\/legrenierdelatour.be\/brocante\/produit\/sauciere-villeroy-boch-vigne-fin-1950\/","title":{"rendered":"Sauci\u00e8re Villeroy &#038; Boch, \u00ab\u00a0Vigne\u00a0\u00bb fin 1950"},"content":{"rendered":"<p>Sauci\u00e8re (19 cm de long) en fa\u00efence, produite par Villeroy &amp; Boch comme l\u2019atteste le cachet sous l\u2019objet. Un cachet en creux ainsi que le cachet datant des ann\u00e9es 1955-59 sont appliqu\u00e9s. Elle porte un d\u00e9cor de vignes et en parfait \u00e9tat.<\/p>\n<p>Deux exemplaires disponibles<\/p>\n<div>R\u00e9f 27.52<\/div>\n","protected":false},"excerpt":{"rendered":"<p>Sauci\u00e8re (19 cm de long) en fa\u00efence, produite par Villeroy &amp; Boch comme l\u2019atteste le cachet sous l\u2019objet. Un cachet en creux ainsi que le cachet datant des ann\u00e9es 1955-59 sont appliqu\u00e9s. Elle porte un d\u00e9cor de vignes et en parfait \u00e9tat. Deux exemplaires disponibles R\u00e9f 27.52<\/p>\n","protected":false},"featured_media":7033,"comment_status":"open","ping_status":"closed","template":"","meta":{"neve_meta_sidebar":"","neve_meta_container":"","neve_meta_enable_content_width":"off","neve_meta_content_width":100,"neve_meta_title_alignment":"","neve_meta_author_avatar":"","neve_post_elements_order":"","neve_meta_disable_header":"","neve_meta_disable_footer":"","neve_meta_disable_title":""},"product_brand":[],"product_cat":[172,16,165,29],"product_tag":[],"class_list":{"0":"post-7035","1":"product","2":"type-product","3":"status-publish","4":"has-post-thumbnail","6":"product_cat-en-cuisine","7":"product_cat-ceramique","8":"product_cat-luxembourg","9":"product_cat-villeroy-boch","11":"first","12":"instock","13":"shipping-taxable","14":"purchasable","15":"product-type-simple"},"_links":{"self":[{"href":"https:\/\/legrenierdelatour.be\/brocante\/wp-json\/wp\/v2\/product\/7035","targetHints":{"allow":["GET"]}}],"collection":[{"href":"https:\/\/legrenierdelatour.be\/brocante\/wp-json\/wp\/v2\/product"}],"about":[{"href":"https:\/\/legrenierdelatour.be\/brocante\/wp-json\/wp\/v2\/types\/product"}],"replies":[{"embeddable":true,"href":"https:\/\/legrenierdelatour.be\/brocante\/wp-json\/wp\/v2\/comments?post=7035"}],"wp:featuredmedia":[{"embeddable":true,"href":"https:\/\/legrenierdelatour.be\/brocante\/wp-json\/wp\/v2\/media\/7033"}],"wp:attachment":[{"href":"https:\/\/legrenierdelatour.be\/brocante\/wp-json\/wp\/v2\/media?parent=7035"}],"wp:term":[{"taxonomy":"product_brand","embeddable":true,"href":"https:\/\/legrenierdelatour.be\/brocante\/wp-json\/wp\/v2\/product_brand?post=7035"},{"taxonomy":"product_cat","embeddable":true,"href":"https:\/\/legrenierdelatour.be\/brocante\/wp-json\/wp\/v2\/product_cat?post=7035"},{"taxonomy":"product_tag","embeddable":true,"href":"https:\/\/legrenierdelatour.be\/brocante\/wp-json\/wp\/v2\/product_tag?post=7035"}],"curies":[{"name":"wp","href":"https:\/\/api.w.org\/{rel}","templated":true}]}}