{"id":7007,"date":"2024-01-18T15:30:22","date_gmt":"2024-01-18T14:30:22","guid":{"rendered":"https:\/\/legrenierdelatour.be\/brocante\/?post_type=product&#038;p=7007"},"modified":"2024-11-04T09:31:34","modified_gmt":"2024-11-04T08:31:34","slug":"assiettes-arlon-d-helaut-decorart-2","status":"publish","type":"product","link":"https:\/\/legrenierdelatour.be\/brocante\/produit\/assiettes-arlon-d-helaut-decorart-2\/","title":{"rendered":"Assiettes Arlon, David H\u00e9laut Decorart"},"content":{"rendered":"<p>Ensemble de 6 assiettes (21 cm de diam\u00e8tre) reprenant les repr\u00e9sentations de 6 monuments d\u2019Arlon. Cette s\u00e9rie a \u00e9t\u00e9 dessin\u00e9e par David H\u00e9laut et r\u00e9alis\u00e9es par l\u2019Atelier D\u00e9cor Art en 1994. Elles sont neuves, dans leur emballage d\u2019origine, et avec leur certificat d\u2019authenticit\u00e9.<\/p>\n<p>Elles sont vendues \u00e0 la pi\u00e8ce pour 20\u20ac chaque.<\/p>\n<div>R\u00e9f 27.39<\/div>\n","protected":false},"excerpt":{"rendered":"<p>Ensemble de 6 assiettes (21 cm de diam\u00e8tre) reprenant les repr\u00e9sentations de 6 monuments d\u2019Arlon. Cette s\u00e9rie a \u00e9t\u00e9 dessin\u00e9e par David H\u00e9laut et r\u00e9alis\u00e9es par l\u2019Atelier D\u00e9cor Art en 1994. Elles sont neuves, dans leur emballage d\u2019origine, et avec leur certificat d\u2019authenticit\u00e9. Elles sont vendues \u00e0 la pi\u00e8ce pour 20\u20ac chaque. R\u00e9f 27.39<\/p>\n","protected":false},"featured_media":7008,"comment_status":"open","ping_status":"closed","template":"","meta":{"neve_meta_sidebar":"","neve_meta_container":"","neve_meta_enable_content_width":"off","neve_meta_content_width":100,"neve_meta_title_alignment":"","neve_meta_author_avatar":"","neve_post_elements_order":"","neve_meta_disable_header":"","neve_meta_disable_footer":"","neve_meta_disable_title":""},"product_brand":[],"product_cat":[16,30,31],"product_tag":[],"class_list":{"0":"post-7007","1":"product","2":"type-product","3":"status-publish","4":"has-post-thumbnail","6":"product_cat-ceramique","7":"product_cat-luxemburgensia","8":"product_cat-pays-darlon","10":"first","11":"instock","12":"shipping-taxable","13":"purchasable","14":"product-type-simple"},"_links":{"self":[{"href":"https:\/\/legrenierdelatour.be\/brocante\/wp-json\/wp\/v2\/product\/7007","targetHints":{"allow":["GET"]}}],"collection":[{"href":"https:\/\/legrenierdelatour.be\/brocante\/wp-json\/wp\/v2\/product"}],"about":[{"href":"https:\/\/legrenierdelatour.be\/brocante\/wp-json\/wp\/v2\/types\/product"}],"replies":[{"embeddable":true,"href":"https:\/\/legrenierdelatour.be\/brocante\/wp-json\/wp\/v2\/comments?post=7007"}],"wp:featuredmedia":[{"embeddable":true,"href":"https:\/\/legrenierdelatour.be\/brocante\/wp-json\/wp\/v2\/media\/7008"}],"wp:attachment":[{"href":"https:\/\/legrenierdelatour.be\/brocante\/wp-json\/wp\/v2\/media?parent=7007"}],"wp:term":[{"taxonomy":"product_brand","embeddable":true,"href":"https:\/\/legrenierdelatour.be\/brocante\/wp-json\/wp\/v2\/product_brand?post=7007"},{"taxonomy":"product_cat","embeddable":true,"href":"https:\/\/legrenierdelatour.be\/brocante\/wp-json\/wp\/v2\/product_cat?post=7007"},{"taxonomy":"product_tag","embeddable":true,"href":"https:\/\/legrenierdelatour.be\/brocante\/wp-json\/wp\/v2\/product_tag?post=7007"}],"curies":[{"name":"wp","href":"https:\/\/api.w.org\/{rel}","templated":true}]}}